{"id":16392,"date":"2015-11-04T15:43:05","date_gmt":"2015-11-04T14:43:05","guid":{"rendered":"http:\/\/www.haagh-protection.com\/de\/?page_id=16392"},"modified":"2025-03-04T12:24:12","modified_gmt":"2025-03-04T11:24:12","slug":"haftungsausschluss","status":"publish","type":"page","link":"https:\/\/www.haagh-protection.com\/de\/haftungsausschluss\/","title":{"rendered":"Disclaimer"},"content":{"rendered":"\t\t<div data-elementor-type=\"wp-page\" data-elementor-id=\"16392\" class=\"elementor elementor-16392 elementor-15212\" data-elementor-post-type=\"page\">\n\t\t\t\t<div class=\"elementor-element elementor-element-5fc2698 e-flex e-con-boxed e-con e-parent\" data-id=\"5fc2698\" data-element_type=\"container\">\n\t\t\t\t\t<div class=\"e-con-inner\">\n\t\t\t\t<div class=\"elementor-element elementor-element-3442b48 elementor-widget elementor-widget-heading\" data-id=\"3442b48\" data-element_type=\"widget\" data-widget_type=\"heading.default\">\n\t\t\t\t<div class=\"elementor-widget-container\">\n\t\t\t\t\t<h2 class=\"elementor-heading-title elementor-size-default\">Informationen auf der Website<\/h2>\t\t\t\t<\/div>\n\t\t\t\t<\/div>\n\t\t\t\t<div class=\"elementor-element elementor-element-548565c elementor-widget elementor-widget-text-editor\" data-id=\"548565c\" data-element_type=\"widget\" data-widget_type=\"text-editor.default\">\n\t\t\t\t<div class=\"elementor-widget-container\">\n\t\t\t\t\t\t\t\t\t<p>Die Informationen auf dieser Website wurden mit gr\u00f6\u00dfter Sorgfalt zusammengestellt. Haagh Protection B.V. Sie haftet jedoch nicht f\u00fcr direkte oder indirekte Sch\u00e4den, die durch die Nutzung der hier angebotenen Informationen entstehen k\u00f6nnen. Aus den Inhalten dieser Website k\u00f6nnen keinerlei Rechte oder Anspr\u00fcche abgeleitet werden.  <\/p>\n<p>Haagh Protection B.V. haftet nicht f\u00fcr Sch\u00e4den, die durch die Nutzung der Webseite oder durch die Unf\u00e4higkeit, die Webseite zu konsultieren, entstanden sind oder verursacht werden k\u00f6nnten und in irgendeiner Weise damit zusammenh\u00e4ngen. Die Website kann von Haagh Protection B.V. nach eigenem Ermessen und jederzeit genutzt werden. kann sich jederzeit mit oder ohne Vorank\u00fcndigung \u00e4ndern oder beenden und haftet daher nicht f\u00fcr die Folgen einer \u00c4nderung oder K\u00fcndigung. <\/p>\n\t\t\t\t\t\t\t\t<\/div>\n\t\t\t\t<\/div>\n\t\t\t\t<div class=\"elementor-element elementor-element-d3f1e30 elementor-widget elementor-widget-heading\" data-id=\"d3f1e30\" data-element_type=\"widget\" data-widget_type=\"heading.default\">\n\t\t\t\t<div class=\"elementor-widget-container\">\n\t\t\t\t\t<h2 class=\"elementor-heading-title elementor-size-default\">Links<\/h2>\t\t\t\t<\/div>\n\t\t\t\t<\/div>\n\t\t\t\t<div class=\"elementor-element elementor-element-31ff359 elementor-widget elementor-widget-text-editor\" data-id=\"31ff359\" data-element_type=\"widget\" data-widget_type=\"text-editor.default\">\n\t\t\t\t<div class=\"elementor-widget-container\">\n\t\t\t\t\t\t\t\t\t\nDiese Website kann Links zu Websites oder Webseiten Dritter enthalten. Haagh Protection B.V. hat keine Kontrolle \u00fcber den Inhalt oder andere Funktionen dieser Websites und Seiten Dritter und ist in keiner Weise f\u00fcr deren Inhalte haftbar oder verantwortlich. Haagh Protection B.V. \u00fcbernimmt keine Garantie daf\u00fcr, dass diese Website oder die Server, auf denen diese Website angeboten wird, frei von Viren sind.  \t\t\t\t\t\t\t\t<\/div>\n\t\t\t\t<\/div>\n\t\t\t\t<div class=\"elementor-element elementor-element-d1bfba3 elementor-widget elementor-widget-heading\" data-id=\"d1bfba3\" data-element_type=\"widget\" data-widget_type=\"heading.default\">\n\t\t\t\t<div class=\"elementor-widget-container\">\n\t\t\t\t\t<h2 class=\"elementor-heading-title elementor-size-default\">Geistige Eigentumsrechte<\/h2>\t\t\t\t<\/div>\n\t\t\t\t<\/div>\n\t\t\t\t<div class=\"elementor-element elementor-element-0739647 elementor-widget elementor-widget-text-editor\" data-id=\"0739647\" data-element_type=\"widget\" data-widget_type=\"text-editor.default\">\n\t\t\t\t<div class=\"elementor-widget-container\">\n\t\t\t\t\t\t\t\t\t<p>Alle geistigen Eigentumsrechte, einschlie\u00dflich, aber nicht beschr\u00e4nkt auf Urheberrechte, Markenrechte und Datenbankrechte, an den Informationen, Texten, Bildern, Logos, Fotos und Illustrationen auf dieser Website sowie am Layout und Design dieser Website geh\u00f6ren Haagh Protection B.V.. Die Vervielf\u00e4ltigung und Ver\u00f6ffentlichung (von Teilen) des Inhalts dieser Website f\u00fcr den nicht pers\u00f6nlichen Gebrauch in jeglicher Form und auf irgendeine Weise erfolgt ohne vorherige schriftliche Genehmigung von Haagh Protection B.V. nicht erlaubt. <\/p>\n\t\t\t\t\t\t\t\t<\/div>\n\t\t\t\t<\/div>\n\t\t\t\t\t<\/div>\n\t\t\t\t<\/div>\n\t\t\t\t<\/div>\n\t\t","protected":false},"excerpt":{"rendered":"<p>Informationen auf der Website Die Informationen auf dieser Website wurden mit gr\u00f6\u00dfter Sorgfalt zusammengestellt. Haagh Protection B.V. Sie haftet jedoch nicht f\u00fcr direkte oder indirekte Sch\u00e4den, die durch die Nutzung der hier angebotenen Informationen entstehen k\u00f6nnen. Aus den Inhalten dieser Website k\u00f6nnen keinerlei Rechte oder Anspr\u00fcche abgeleitet werden. Haagh Protection B.V. haftet nicht f\u00fcr Sch\u00e4den,&hellip;<\/p>\n","protected":false},"author":4,"featured_media":0,"parent":0,"menu_order":0,"comment_status":"closed","ping_status":"closed","template":"","meta":{"footnotes":""},"class_list":["post-16392","page","type-page","status-publish","hentry"],"yoast_head":"<!-- This site is optimized with the Yoast SEO plugin v26.7 - https:\/\/yoast.com\/wordpress\/plugins\/seo\/ -->\n<title>Disclaimer - Haagh Protection<\/title>\n<meta name=\"description\" content=\"Haftungsausschluss Haagh Protection-Website\" \/>\n<meta name=\"robots\" content=\"index, follow, max-snippet:-1, max-image-preview:large, max-video-preview:-1\" \/>\n<link rel=\"canonical\" href=\"https:\/\/www.haagh-protection.com\/de\/haftungsausschluss\/\" \/>\n<meta property=\"og:locale\" content=\"de_DE\" \/>\n<meta property=\"og:type\" content=\"article\" \/>\n<meta property=\"og:title\" content=\"Disclaimer - Haagh Protection\" \/>\n<meta property=\"og:description\" content=\"Haftungsausschluss Haagh Protection-Website\" \/>\n<meta property=\"og:url\" content=\"https:\/\/www.haagh-protection.com\/de\/haftungsausschluss\/\" \/>\n<meta property=\"og:site_name\" content=\"Haagh Protection\" \/>\n<meta property=\"article:modified_time\" content=\"2025-03-04T11:24:12+00:00\" \/>\n<meta name=\"twitter:card\" content=\"summary_large_image\" \/>\n<meta name=\"twitter:label1\" content=\"Gesch\u00e4tzte Lesezeit\" \/>\n\t<meta name=\"twitter:data1\" content=\"2\u00a0Minuten\" \/>\n<script type=\"application\/ld+json\" class=\"yoast-schema-graph\">{\"@context\":\"https:\/\/schema.org\",\"@graph\":[{\"@type\":\"WebPage\",\"@id\":\"https:\/\/www.haagh-protection.com\/de\/haftungsausschluss\/\",\"url\":\"https:\/\/www.haagh-protection.com\/de\/haftungsausschluss\/\",\"name\":\"Disclaimer - Haagh Protection\",\"isPartOf\":{\"@id\":\"https:\/\/www.haagh-protection.com\/#website\"},\"datePublished\":\"2015-11-04T14:43:05+00:00\",\"dateModified\":\"2025-03-04T11:24:12+00:00\",\"description\":\"Haftungsausschluss Haagh Protection-Website\",\"breadcrumb\":{\"@id\":\"https:\/\/www.haagh-protection.com\/de\/haftungsausschluss\/#breadcrumb\"},\"inLanguage\":\"de\",\"potentialAction\":[{\"@type\":\"ReadAction\",\"target\":[\"https:\/\/www.haagh-protection.com\/de\/haftungsausschluss\/\"]}]},{\"@type\":\"BreadcrumbList\",\"@id\":\"https:\/\/www.haagh-protection.com\/de\/haftungsausschluss\/#breadcrumb\",\"itemListElement\":[{\"@type\":\"ListItem\",\"position\":1,\"name\":\"Home\",\"item\":\"https:\/\/www.haagh-protection.com\/de\/haagh-protection\/\"},{\"@type\":\"ListItem\",\"position\":2,\"name\":\"Disclaimer\"}]},{\"@type\":\"WebSite\",\"@id\":\"https:\/\/www.haagh-protection.com\/#website\",\"url\":\"https:\/\/www.haagh-protection.com\/\",\"name\":\"Haagh Protection\",\"description\":\"Next level safety\",\"publisher\":{\"@id\":\"https:\/\/www.haagh-protection.com\/#organization\"},\"potentialAction\":[{\"@type\":\"SearchAction\",\"target\":{\"@type\":\"EntryPoint\",\"urlTemplate\":\"https:\/\/www.haagh-protection.com\/?s={search_term_string}\"},\"query-input\":{\"@type\":\"PropertyValueSpecification\",\"valueRequired\":true,\"valueName\":\"search_term_string\"}}],\"inLanguage\":\"de\"},{\"@type\":\"Organization\",\"@id\":\"https:\/\/www.haagh-protection.com\/#organization\",\"name\":\"Haagh-Protection B.V.\",\"alternateName\":\"Haagh-Protection\",\"url\":\"https:\/\/www.haagh-protection.com\/\",\"logo\":{\"@type\":\"ImageObject\",\"inLanguage\":\"de\",\"@id\":\"https:\/\/www.haagh-protection.com\/#\/schema\/logo\/image\/\",\"url\":\"https:\/\/www.haagh-protection.com\/wp-content\/uploads\/2015\/08\/haagh-protection-logo.png\",\"contentUrl\":\"https:\/\/www.haagh-protection.com\/wp-content\/uploads\/2015\/08\/haagh-protection-logo.png\",\"width\":500,\"height\":185,\"caption\":\"Haagh-Protection B.V.\"},\"image\":{\"@id\":\"https:\/\/www.haagh-protection.com\/#\/schema\/logo\/image\/\"}}]}<\/script>\n<!-- \/ Yoast SEO plugin. -->","yoast_head_json":{"title":"Disclaimer - Haagh Protection","description":"Haftungsausschluss Haagh Protection-Website","robots":{"index":"index","follow":"follow","max-snippet":"max-snippet:-1","max-image-preview":"max-image-preview:large","max-video-preview":"max-video-preview:-1"},"canonical":"https:\/\/www.haagh-protection.com\/de\/haftungsausschluss\/","og_locale":"de_DE","og_type":"article","og_title":"Disclaimer - Haagh Protection","og_description":"Haftungsausschluss Haagh Protection-Website","og_url":"https:\/\/www.haagh-protection.com\/de\/haftungsausschluss\/","og_site_name":"Haagh Protection","article_modified_time":"2025-03-04T11:24:12+00:00","twitter_card":"summary_large_image","twitter_misc":{"Gesch\u00e4tzte Lesezeit":"2\u00a0Minuten"},"schema":{"@context":"https:\/\/schema.org","@graph":[{"@type":"WebPage","@id":"https:\/\/www.haagh-protection.com\/de\/haftungsausschluss\/","url":"https:\/\/www.haagh-protection.com\/de\/haftungsausschluss\/","name":"Disclaimer - Haagh Protection","isPartOf":{"@id":"https:\/\/www.haagh-protection.com\/#website"},"datePublished":"2015-11-04T14:43:05+00:00","dateModified":"2025-03-04T11:24:12+00:00","description":"Haftungsausschluss Haagh Protection-Website","breadcrumb":{"@id":"https:\/\/www.haagh-protection.com\/de\/haftungsausschluss\/#breadcrumb"},"inLanguage":"de","potentialAction":[{"@type":"ReadAction","target":["https:\/\/www.haagh-protection.com\/de\/haftungsausschluss\/"]}]},{"@type":"BreadcrumbList","@id":"https:\/\/www.haagh-protection.com\/de\/haftungsausschluss\/#breadcrumb","itemListElement":[{"@type":"ListItem","position":1,"name":"Home","item":"https:\/\/www.haagh-protection.com\/de\/haagh-protection\/"},{"@type":"ListItem","position":2,"name":"Disclaimer"}]},{"@type":"WebSite","@id":"https:\/\/www.haagh-protection.com\/#website","url":"https:\/\/www.haagh-protection.com\/","name":"Haagh Protection","description":"Next level safety","publisher":{"@id":"https:\/\/www.haagh-protection.com\/#organization"},"potentialAction":[{"@type":"SearchAction","target":{"@type":"EntryPoint","urlTemplate":"https:\/\/www.haagh-protection.com\/?s={search_term_string}"},"query-input":{"@type":"PropertyValueSpecification","valueRequired":true,"valueName":"search_term_string"}}],"inLanguage":"de"},{"@type":"Organization","@id":"https:\/\/www.haagh-protection.com\/#organization","name":"Haagh-Protection B.V.","alternateName":"Haagh-Protection","url":"https:\/\/www.haagh-protection.com\/","logo":{"@type":"ImageObject","inLanguage":"de","@id":"https:\/\/www.haagh-protection.com\/#\/schema\/logo\/image\/","url":"https:\/\/www.haagh-protection.com\/wp-content\/uploads\/2015\/08\/haagh-protection-logo.png","contentUrl":"https:\/\/www.haagh-protection.com\/wp-content\/uploads\/2015\/08\/haagh-protection-logo.png","width":500,"height":185,"caption":"Haagh-Protection B.V."},"image":{"@id":"https:\/\/www.haagh-protection.com\/#\/schema\/logo\/image\/"}}]}},"_links":{"self":[{"href":"https:\/\/www.haagh-protection.com\/de\/wp-json\/wp\/v2\/pages\/16392","targetHints":{"allow":["GET"]}}],"collection":[{"href":"https:\/\/www.haagh-protection.com\/de\/wp-json\/wp\/v2\/pages"}],"about":[{"href":"https:\/\/www.haagh-protection.com\/de\/wp-json\/wp\/v2\/types\/page"}],"author":[{"embeddable":true,"href":"https:\/\/www.haagh-protection.com\/de\/wp-json\/wp\/v2\/users\/4"}],"replies":[{"embeddable":true,"href":"https:\/\/www.haagh-protection.com\/de\/wp-json\/wp\/v2\/comments?post=16392"}],"version-history":[{"count":4,"href":"https:\/\/www.haagh-protection.com\/de\/wp-json\/wp\/v2\/pages\/16392\/revisions"}],"predecessor-version":[{"id":42670,"href":"https:\/\/www.haagh-protection.com\/de\/wp-json\/wp\/v2\/pages\/16392\/revisions\/42670"}],"wp:attachment":[{"href":"https:\/\/www.haagh-protection.com\/de\/wp-json\/wp\/v2\/media?parent=16392"}],"curies":[{"name":"wp","href":"https:\/\/api.w.org\/{rel}","templated":true}]}}