{"id":16519,"date":"2015-09-04T11:15:52","date_gmt":"2015-09-04T10:15:52","guid":{"rendered":"http:\/\/www.haagh-protection.com\/de\/downloads\/"},"modified":"2026-02-26T14:40:30","modified_gmt":"2026-02-26T13:40:30","slug":"downloads","status":"publish","type":"page","link":"https:\/\/www.haagh-protection.com\/de\/downloads\/","title":{"rendered":"Downloads"},"content":{"rendered":"\t\t<div data-elementor-type=\"wp-page\" data-elementor-id=\"16519\" class=\"elementor elementor-16519 elementor-12630\" data-elementor-post-type=\"page\">\n\t\t\t\t<div class=\"elementor-element elementor-element-3fcf31e e-flex e-con-boxed e-con e-parent\" data-id=\"3fcf31e\" data-element_type=\"container\" data-settings=\"{&quot;background_background&quot;:&quot;classic&quot;}\">\n\t\t\t\t\t<div class=\"e-con-inner\">\n\t\t\t\t<div class=\"elementor-element elementor-element-6aa0925 elementor-widget elementor-widget-heading\" data-id=\"6aa0925\" data-element_type=\"widget\" data-widget_type=\"heading.default\">\n\t\t\t\t<div class=\"elementor-widget-container\">\n\t\t\t\t\t<h1 class=\"elementor-heading-title elementor-size-default\">Brosch\u00fcren<\/h1>\t\t\t\t<\/div>\n\t\t\t\t<\/div>\n\t\t\t\t<div class=\"elementor-element elementor-element-30cb395 elementor-widget elementor-widget-text-editor\" data-id=\"30cb395\" data-element_type=\"widget\" data-widget_type=\"text-editor.default\">\n\t\t\t\t<div class=\"elementor-widget-container\">\n\t\t\t\t\t\t\t\t\t<p>Mit den untenstehenden Brosch\u00fcren haben Sie direkten Zugang zu unseren neuesten Innovationen und L\u00f6sungen. Erhalten Sie einen klaren \u00dcberblick \u00fcber unsere Produkte, Spezifikationen und mehr. Laden Sie die Brosch\u00fcren noch heute herunter und entdecken Sie, wie unsere L\u00f6sungen Ihr Projekt verbessern k\u00f6nnen.  <\/p>\n\t\t\t\t\t\t\t\t<\/div>\n\t\t\t\t<\/div>\n\t\t\t\t\t<\/div>\n\t\t\t\t<\/div>\n\t\t<div class=\"elementor-element elementor-element-f7035b9 e-flex e-con-boxed e-con e-parent\" data-id=\"f7035b9\" data-element_type=\"container\" data-settings=\"{&quot;background_background&quot;:&quot;classic&quot;}\">\n\t\t\t\t\t<div class=\"e-con-inner\">\n\t\t<div class=\"elementor-element elementor-element-420cde1 e-con-full e-flex e-con e-child\" data-id=\"420cde1\" data-element_type=\"container\">\n\t\t\t\t<div class=\"elementor-element elementor-element-33c00f0 elementor-widget elementor-widget-image\" data-id=\"33c00f0\" data-element_type=\"widget\" data-widget_type=\"image.default\">\n\t\t\t\t<div class=\"elementor-widget-container\">\n\t\t\t\t\t\t\t\t\t\t\t\t\t\t\t<img fetchpriority=\"high\" decoding=\"async\" width=\"724\" height=\"1024\" src=\"https:\/\/www.haagh-protection.com\/wp-content\/uploads\/2025\/04\/Kaft-variogate-brochure-2025-724x1024.jpg\" class=\"attachment-large size-large wp-image-43447\" alt=\"Kaft variogate brochure 2025\" srcset=\"https:\/\/www.haagh-protection.com\/wp-content\/uploads\/2025\/04\/Kaft-variogate-brochure-2025-724x1024.jpg 724w, https:\/\/www.haagh-protection.com\/wp-content\/uploads\/2025\/04\/Kaft-variogate-brochure-2025-scaled-600x849.jpg 600w, https:\/\/www.haagh-protection.com\/wp-content\/uploads\/2025\/04\/Kaft-variogate-brochure-2025-212x300.jpg 212w, https:\/\/www.haagh-protection.com\/wp-content\/uploads\/2025\/04\/Kaft-variogate-brochure-2025-768x1086.jpg 768w, https:\/\/www.haagh-protection.com\/wp-content\/uploads\/2025\/04\/Kaft-variogate-brochure-2025-1086x1536.jpg 1086w, https:\/\/www.haagh-protection.com\/wp-content\/uploads\/2025\/04\/Kaft-variogate-brochure-2025-1448x2048.jpg 1448w, https:\/\/www.haagh-protection.com\/wp-content\/uploads\/2025\/04\/Kaft-variogate-brochure-2025-scaled.jpg 1810w\" sizes=\"(max-width: 724px) 100vw, 724px\" \/>\t\t\t\t\t\t\t\t\t\t\t\t\t\t\t<\/div>\n\t\t\t\t<\/div>\n\t\t\t\t<div class=\"elementor-element elementor-element-1ae64ac elementor-align-center uael-mbutton-text-center elementor-widget elementor-widget-uael-marketing-button\" data-id=\"1ae64ac\" data-element_type=\"widget\" data-settings=\"{&quot;align&quot;:&quot;center&quot;,&quot;padding&quot;:{&quot;unit&quot;:&quot;px&quot;,&quot;top&quot;:&quot;&quot;,&quot;right&quot;:&quot;&quot;,&quot;bottom&quot;:&quot;&quot;,&quot;left&quot;:&quot;&quot;,&quot;isLinked&quot;:true},&quot;padding_tablet&quot;:{&quot;unit&quot;:&quot;px&quot;,&quot;top&quot;:&quot;&quot;,&quot;right&quot;:&quot;&quot;,&quot;bottom&quot;:&quot;&quot;,&quot;left&quot;:&quot;&quot;,&quot;isLinked&quot;:true},&quot;padding_mobile&quot;:{&quot;unit&quot;:&quot;px&quot;,&quot;top&quot;:&quot;&quot;,&quot;right&quot;:&quot;&quot;,&quot;bottom&quot;:&quot;&quot;,&quot;left&quot;:&quot;&quot;,&quot;isLinked&quot;:true},&quot;title_margin_bottom&quot;:{&quot;unit&quot;:&quot;px&quot;,&quot;size&quot;:&quot;&quot;,&quot;sizes&quot;:[]},&quot;title_margin_bottom_tablet&quot;:{&quot;unit&quot;:&quot;px&quot;,&quot;size&quot;:&quot;&quot;,&quot;sizes&quot;:[]},&quot;title_margin_bottom_mobile&quot;:{&quot;unit&quot;:&quot;px&quot;,&quot;size&quot;:&quot;&quot;,&quot;sizes&quot;:[]}}\" data-widget_type=\"uael-marketing-button.default\">\n\t\t\t\t<div class=\"elementor-widget-container\">\n\t\t\t\t\t\t\t<div class=\"uael-marketing-button elementor-widget-button\">\n\t\t\t<div class=\"uael-button-wrapper\">\n\t\t\t\t<a class=\"elementor-button-link elementor-button elementor-size-md uael-marketing-buttons- elementor-animation-grow\" href=\"https:\/\/www.haagh-protection.com\/wp-content\/uploads\/2026\/02\/Brochure_VARIOGATE-DE-2026.pdf\">\n\t\t\t\t\t\t\t\t\t\t\t\t\t<span class=\"uael-marketing-buttons-wrap\">\n\t\t\t<span class=\"elementor-button-content-wrapper uael-buttons-icon-\">\n\t\t\t\t\t\t\t\t<span class=\"elementor-button-text uael-marketing-button-title elementor-inline-editing\" data-elementor-setting-key=\"text\" data-elementor-inline-editing-toolbar=\"none\">Brosch\u00fcre Variogate 2026<\/span>\n\t\t\t<\/span>\n\t\t\t\t\t\t\t<span class=\"uael-marketing-button-desc elementor-inline-editing\" data-elementor-setting-key=\"desc_text\" data-elementor-inline-editing-toolbar=\"none\">Online ansehen<\/span>\n\t\t\t\t\t<\/span>\n\t\t\t\t\t\t<\/a>\n\t\t\t<\/div>\n\t\t<\/div>\n\t\t\t\t\t\t<\/div>\n\t\t\t\t<\/div>\n\t\t\t\t<\/div>\n\t\t<div class=\"elementor-element elementor-element-f979a39 e-con-full e-flex e-con e-child\" data-id=\"f979a39\" data-element_type=\"container\">\n\t\t\t\t<div class=\"elementor-element elementor-element-89e224b elementor-widget elementor-widget-image\" data-id=\"89e224b\" data-element_type=\"widget\" data-widget_type=\"image.default\">\n\t\t\t\t<div class=\"elementor-widget-container\">\n\t\t\t\t\t\t\t\t\t\t\t\t\t\t\t<img decoding=\"async\" width=\"587\" height=\"829\" src=\"https:\/\/www.haagh-protection.com\/wp-content\/uploads\/2024\/09\/Vigil-cover-NL-2020.jpg\" class=\"attachment-large size-large wp-image-36097\" alt=\"\" srcset=\"https:\/\/www.haagh-protection.com\/wp-content\/uploads\/2024\/09\/Vigil-cover-NL-2020.jpg 587w, https:\/\/www.haagh-protection.com\/wp-content\/uploads\/2024\/09\/Vigil-cover-NL-2020-212x300.jpg 212w\" sizes=\"(max-width: 587px) 100vw, 587px\" \/>\t\t\t\t\t\t\t\t\t\t\t\t\t\t\t<\/div>\n\t\t\t\t<\/div>\n\t\t\t\t<div class=\"elementor-element elementor-element-8ba64ea elementor-align-center uael-mbutton-text-center elementor-widget elementor-widget-uael-marketing-button\" data-id=\"8ba64ea\" data-element_type=\"widget\" data-settings=\"{&quot;align&quot;:&quot;center&quot;,&quot;padding&quot;:{&quot;unit&quot;:&quot;px&quot;,&quot;top&quot;:&quot;&quot;,&quot;right&quot;:&quot;&quot;,&quot;bottom&quot;:&quot;&quot;,&quot;left&quot;:&quot;&quot;,&quot;isLinked&quot;:true},&quot;padding_tablet&quot;:{&quot;unit&quot;:&quot;px&quot;,&quot;top&quot;:&quot;&quot;,&quot;right&quot;:&quot;&quot;,&quot;bottom&quot;:&quot;&quot;,&quot;left&quot;:&quot;&quot;,&quot;isLinked&quot;:true},&quot;padding_mobile&quot;:{&quot;unit&quot;:&quot;px&quot;,&quot;top&quot;:&quot;&quot;,&quot;right&quot;:&quot;&quot;,&quot;bottom&quot;:&quot;&quot;,&quot;left&quot;:&quot;&quot;,&quot;isLinked&quot;:true},&quot;title_margin_bottom&quot;:{&quot;unit&quot;:&quot;px&quot;,&quot;size&quot;:&quot;&quot;,&quot;sizes&quot;:[]},&quot;title_margin_bottom_tablet&quot;:{&quot;unit&quot;:&quot;px&quot;,&quot;size&quot;:&quot;&quot;,&quot;sizes&quot;:[]},&quot;title_margin_bottom_mobile&quot;:{&quot;unit&quot;:&quot;px&quot;,&quot;size&quot;:&quot;&quot;,&quot;sizes&quot;:[]}}\" data-widget_type=\"uael-marketing-button.default\">\n\t\t\t\t<div class=\"elementor-widget-container\">\n\t\t\t\t\t\t\t<div class=\"uael-marketing-button elementor-widget-button\">\n\t\t\t<div class=\"uael-button-wrapper\">\n\t\t\t\t<a class=\"elementor-button-link elementor-button elementor-size-md uael-marketing-buttons- elementor-animation-grow\" href=\"https:\/\/www.haagh-protection.com\/wp-content\/uploads\/2024\/09\/Brochure-VIGIL-DUITS-compressed.pdf\">\n\t\t\t\t\t\t\t\t\t\t\t\t\t<span class=\"uael-marketing-buttons-wrap\">\n\t\t\t<span class=\"elementor-button-content-wrapper uael-buttons-icon-\">\n\t\t\t\t\t\t\t\t<span class=\"elementor-button-text uael-marketing-button-title elementor-inline-editing\" data-elementor-setting-key=\"text\" data-elementor-inline-editing-toolbar=\"none\">Brosch\u00fcre Vigil Anti-Rutsch 2026<\/span>\n\t\t\t<\/span>\n\t\t\t\t\t\t\t<span class=\"uael-marketing-button-desc elementor-inline-editing\" data-elementor-setting-key=\"desc_text\" data-elementor-inline-editing-toolbar=\"none\">Online ansehen<\/span>\n\t\t\t\t\t<\/span>\n\t\t\t\t\t\t<\/a>\n\t\t\t<\/div>\n\t\t<\/div>\n\t\t\t\t\t\t<\/div>\n\t\t\t\t<\/div>\n\t\t\t\t<\/div>\n\t\t\t\t\t<\/div>\n\t\t\t\t<\/div>\n\t\t\t\t<\/div>\n\t\t","protected":false},"excerpt":{"rendered":"<p>Brosch\u00fcren Mit den untenstehenden Brosch\u00fcren haben Sie direkten Zugang zu unseren neuesten Innovationen und L\u00f6sungen. Erhalten Sie einen klaren \u00dcberblick \u00fcber unsere Produkte, Spezifikationen und mehr. Laden Sie die Brosch\u00fcren noch heute herunter und entdecken Sie, wie unsere L\u00f6sungen Ihr Projekt verbessern k\u00f6nnen. Brosch\u00fcre Variogate 2026 Online ansehen Brosch\u00fcre Vigil Anti-Rutsch 2026 Online ansehen<\/p>\n","protected":false},"author":4,"featured_media":0,"parent":0,"menu_order":0,"comment_status":"closed","ping_status":"closed","template":"elementor_header_footer","meta":{"footnotes":""},"class_list":["post-16519","page","type-page","status-publish","hentry"],"yoast_head":"<!-- This site is optimized with the Yoast SEO plugin v26.7 - https:\/\/yoast.com\/wordpress\/plugins\/seo\/ -->\n<title>Brosch\u00fcre Variogate &amp; Vigil - Jetzt ansehen!<\/title>\n<meta name=\"description\" content=\"Sehen Sie sich die Variogate- oder Vigil-Brosch\u00fcren an oder laden Sie diese herunter, um unser vollst\u00e4ndiges Angebot an Produkten und Dienstleistungen zu entdecken. Erfahren Sie alles, was wir zu bieten haben.\" \/>\n<meta name=\"robots\" content=\"index, follow, max-snippet:-1, max-image-preview:large, max-video-preview:-1\" \/>\n<link rel=\"canonical\" href=\"https:\/\/www.haagh-protection.com\/de\/downloads\/\" \/>\n<meta property=\"og:locale\" content=\"de_DE\" \/>\n<meta property=\"og:type\" content=\"article\" \/>\n<meta property=\"og:title\" content=\"Brosch\u00fcre Variogate &amp; Vigil - Jetzt ansehen!\" \/>\n<meta property=\"og:description\" content=\"Sehen Sie sich die Variogate- oder Vigil-Brosch\u00fcren an oder laden Sie diese herunter, um unser vollst\u00e4ndiges Angebot an Produkten und Dienstleistungen zu entdecken. Erfahren Sie alles, was wir zu bieten haben.\" \/>\n<meta property=\"og:url\" content=\"https:\/\/www.haagh-protection.com\/de\/downloads\/\" \/>\n<meta property=\"og:site_name\" content=\"Haagh Protection\" \/>\n<meta property=\"article:modified_time\" content=\"2026-02-26T13:40:30+00:00\" \/>\n<meta property=\"og:image\" content=\"https:\/\/www.haagh-protection.com\/wp-content\/uploads\/2025\/04\/Kaft-variogate-brochure-2025-scaled.jpg\" \/>\n\t<meta property=\"og:image:width\" content=\"1810\" \/>\n\t<meta property=\"og:image:height\" content=\"2560\" \/>\n\t<meta property=\"og:image:type\" content=\"image\/jpeg\" \/>\n<meta name=\"twitter:card\" content=\"summary_large_image\" \/>\n<meta name=\"twitter:label1\" content=\"Gesch\u00e4tzte Lesezeit\" \/>\n\t<meta name=\"twitter:data1\" content=\"1\u00a0Minute\" \/>\n<script type=\"application\/ld+json\" class=\"yoast-schema-graph\">{\"@context\":\"https:\/\/schema.org\",\"@graph\":[{\"@type\":\"WebPage\",\"@id\":\"https:\/\/www.haagh-protection.com\/de\/downloads\/\",\"url\":\"https:\/\/www.haagh-protection.com\/de\/downloads\/\",\"name\":\"Brosch\u00fcre Variogate & Vigil - Jetzt ansehen!\",\"isPartOf\":{\"@id\":\"https:\/\/www.haagh-protection.com\/#website\"},\"primaryImageOfPage\":{\"@id\":\"https:\/\/www.haagh-protection.com\/de\/downloads\/#primaryimage\"},\"image\":{\"@id\":\"https:\/\/www.haagh-protection.com\/de\/downloads\/#primaryimage\"},\"thumbnailUrl\":\"https:\/\/www.haagh-protection.com\/wp-content\/uploads\/2025\/04\/Kaft-variogate-brochure-2025-724x1024.jpg\",\"datePublished\":\"2015-09-04T10:15:52+00:00\",\"dateModified\":\"2026-02-26T13:40:30+00:00\",\"description\":\"Sehen Sie sich die Variogate- oder Vigil-Brosch\u00fcren an oder laden Sie diese herunter, um unser vollst\u00e4ndiges Angebot an Produkten und Dienstleistungen zu entdecken. Erfahren Sie alles, was wir zu bieten haben.\",\"breadcrumb\":{\"@id\":\"https:\/\/www.haagh-protection.com\/de\/downloads\/#breadcrumb\"},\"inLanguage\":\"de\",\"potentialAction\":[{\"@type\":\"ReadAction\",\"target\":[\"https:\/\/www.haagh-protection.com\/de\/downloads\/\"]}]},{\"@type\":\"ImageObject\",\"inLanguage\":\"de\",\"@id\":\"https:\/\/www.haagh-protection.com\/de\/downloads\/#primaryimage\",\"url\":\"https:\/\/www.haagh-protection.com\/wp-content\/uploads\/2025\/04\/Kaft-variogate-brochure-2025-724x1024.jpg\",\"contentUrl\":\"https:\/\/www.haagh-protection.com\/wp-content\/uploads\/2025\/04\/Kaft-variogate-brochure-2025-724x1024.jpg\"},{\"@type\":\"BreadcrumbList\",\"@id\":\"https:\/\/www.haagh-protection.com\/de\/downloads\/#breadcrumb\",\"itemListElement\":[{\"@type\":\"ListItem\",\"position\":1,\"name\":\"Home\",\"item\":\"https:\/\/www.haagh-protection.com\/de\/haagh-protection\/\"},{\"@type\":\"ListItem\",\"position\":2,\"name\":\"Downloads\"}]},{\"@type\":\"WebSite\",\"@id\":\"https:\/\/www.haagh-protection.com\/#website\",\"url\":\"https:\/\/www.haagh-protection.com\/\",\"name\":\"Haagh Protection\",\"description\":\"Next level safety\",\"publisher\":{\"@id\":\"https:\/\/www.haagh-protection.com\/#organization\"},\"potentialAction\":[{\"@type\":\"SearchAction\",\"target\":{\"@type\":\"EntryPoint\",\"urlTemplate\":\"https:\/\/www.haagh-protection.com\/?s={search_term_string}\"},\"query-input\":{\"@type\":\"PropertyValueSpecification\",\"valueRequired\":true,\"valueName\":\"search_term_string\"}}],\"inLanguage\":\"de\"},{\"@type\":\"Organization\",\"@id\":\"https:\/\/www.haagh-protection.com\/#organization\",\"name\":\"Haagh-Protection B.V.\",\"alternateName\":\"Haagh-Protection\",\"url\":\"https:\/\/www.haagh-protection.com\/\",\"logo\":{\"@type\":\"ImageObject\",\"inLanguage\":\"de\",\"@id\":\"https:\/\/www.haagh-protection.com\/#\/schema\/logo\/image\/\",\"url\":\"https:\/\/www.haagh-protection.com\/wp-content\/uploads\/2015\/08\/haagh-protection-logo.png\",\"contentUrl\":\"https:\/\/www.haagh-protection.com\/wp-content\/uploads\/2015\/08\/haagh-protection-logo.png\",\"width\":500,\"height\":185,\"caption\":\"Haagh-Protection B.V.\"},\"image\":{\"@id\":\"https:\/\/www.haagh-protection.com\/#\/schema\/logo\/image\/\"}}]}<\/script>\n<!-- \/ Yoast SEO plugin. -->","yoast_head_json":{"title":"Brosch\u00fcre Variogate & Vigil - Jetzt ansehen!","description":"Sehen Sie sich die Variogate- oder Vigil-Brosch\u00fcren an oder laden Sie diese herunter, um unser vollst\u00e4ndiges Angebot an Produkten und Dienstleistungen zu entdecken. Erfahren Sie alles, was wir zu bieten haben.","robots":{"index":"index","follow":"follow","max-snippet":"max-snippet:-1","max-image-preview":"max-image-preview:large","max-video-preview":"max-video-preview:-1"},"canonical":"https:\/\/www.haagh-protection.com\/de\/downloads\/","og_locale":"de_DE","og_type":"article","og_title":"Brosch\u00fcre Variogate & Vigil - Jetzt ansehen!","og_description":"Sehen Sie sich die Variogate- oder Vigil-Brosch\u00fcren an oder laden Sie diese herunter, um unser vollst\u00e4ndiges Angebot an Produkten und Dienstleistungen zu entdecken. Erfahren Sie alles, was wir zu bieten haben.","og_url":"https:\/\/www.haagh-protection.com\/de\/downloads\/","og_site_name":"Haagh Protection","article_modified_time":"2026-02-26T13:40:30+00:00","og_image":[{"width":1810,"height":2560,"url":"https:\/\/www.haagh-protection.com\/wp-content\/uploads\/2025\/04\/Kaft-variogate-brochure-2025-scaled.jpg","type":"image\/jpeg"}],"twitter_card":"summary_large_image","twitter_misc":{"Gesch\u00e4tzte Lesezeit":"1\u00a0Minute"},"schema":{"@context":"https:\/\/schema.org","@graph":[{"@type":"WebPage","@id":"https:\/\/www.haagh-protection.com\/de\/downloads\/","url":"https:\/\/www.haagh-protection.com\/de\/downloads\/","name":"Brosch\u00fcre Variogate & Vigil - Jetzt ansehen!","isPartOf":{"@id":"https:\/\/www.haagh-protection.com\/#website"},"primaryImageOfPage":{"@id":"https:\/\/www.haagh-protection.com\/de\/downloads\/#primaryimage"},"image":{"@id":"https:\/\/www.haagh-protection.com\/de\/downloads\/#primaryimage"},"thumbnailUrl":"https:\/\/www.haagh-protection.com\/wp-content\/uploads\/2025\/04\/Kaft-variogate-brochure-2025-724x1024.jpg","datePublished":"2015-09-04T10:15:52+00:00","dateModified":"2026-02-26T13:40:30+00:00","description":"Sehen Sie sich die Variogate- oder Vigil-Brosch\u00fcren an oder laden Sie diese herunter, um unser vollst\u00e4ndiges Angebot an Produkten und Dienstleistungen zu entdecken. Erfahren Sie alles, was wir zu bieten haben.","breadcrumb":{"@id":"https:\/\/www.haagh-protection.com\/de\/downloads\/#breadcrumb"},"inLanguage":"de","potentialAction":[{"@type":"ReadAction","target":["https:\/\/www.haagh-protection.com\/de\/downloads\/"]}]},{"@type":"ImageObject","inLanguage":"de","@id":"https:\/\/www.haagh-protection.com\/de\/downloads\/#primaryimage","url":"https:\/\/www.haagh-protection.com\/wp-content\/uploads\/2025\/04\/Kaft-variogate-brochure-2025-724x1024.jpg","contentUrl":"https:\/\/www.haagh-protection.com\/wp-content\/uploads\/2025\/04\/Kaft-variogate-brochure-2025-724x1024.jpg"},{"@type":"BreadcrumbList","@id":"https:\/\/www.haagh-protection.com\/de\/downloads\/#breadcrumb","itemListElement":[{"@type":"ListItem","position":1,"name":"Home","item":"https:\/\/www.haagh-protection.com\/de\/haagh-protection\/"},{"@type":"ListItem","position":2,"name":"Downloads"}]},{"@type":"WebSite","@id":"https:\/\/www.haagh-protection.com\/#website","url":"https:\/\/www.haagh-protection.com\/","name":"Haagh Protection","description":"Next level safety","publisher":{"@id":"https:\/\/www.haagh-protection.com\/#organization"},"potentialAction":[{"@type":"SearchAction","target":{"@type":"EntryPoint","urlTemplate":"https:\/\/www.haagh-protection.com\/?s={search_term_string}"},"query-input":{"@type":"PropertyValueSpecification","valueRequired":true,"valueName":"search_term_string"}}],"inLanguage":"de"},{"@type":"Organization","@id":"https:\/\/www.haagh-protection.com\/#organization","name":"Haagh-Protection B.V.","alternateName":"Haagh-Protection","url":"https:\/\/www.haagh-protection.com\/","logo":{"@type":"ImageObject","inLanguage":"de","@id":"https:\/\/www.haagh-protection.com\/#\/schema\/logo\/image\/","url":"https:\/\/www.haagh-protection.com\/wp-content\/uploads\/2015\/08\/haagh-protection-logo.png","contentUrl":"https:\/\/www.haagh-protection.com\/wp-content\/uploads\/2015\/08\/haagh-protection-logo.png","width":500,"height":185,"caption":"Haagh-Protection B.V."},"image":{"@id":"https:\/\/www.haagh-protection.com\/#\/schema\/logo\/image\/"}}]}},"_links":{"self":[{"href":"https:\/\/www.haagh-protection.com\/de\/wp-json\/wp\/v2\/pages\/16519","targetHints":{"allow":["GET"]}}],"collection":[{"href":"https:\/\/www.haagh-protection.com\/de\/wp-json\/wp\/v2\/pages"}],"about":[{"href":"https:\/\/www.haagh-protection.com\/de\/wp-json\/wp\/v2\/types\/page"}],"author":[{"embeddable":true,"href":"https:\/\/www.haagh-protection.com\/de\/wp-json\/wp\/v2\/users\/4"}],"replies":[{"embeddable":true,"href":"https:\/\/www.haagh-protection.com\/de\/wp-json\/wp\/v2\/comments?post=16519"}],"version-history":[{"count":46,"href":"https:\/\/www.haagh-protection.com\/de\/wp-json\/wp\/v2\/pages\/16519\/revisions"}],"predecessor-version":[{"id":49832,"href":"https:\/\/www.haagh-protection.com\/de\/wp-json\/wp\/v2\/pages\/16519\/revisions\/49832"}],"wp:attachment":[{"href":"https:\/\/www.haagh-protection.com\/de\/wp-json\/wp\/v2\/media?parent=16519"}],"curies":[{"name":"wp","href":"https:\/\/api.w.org\/{rel}","templated":true}]}}