{"id":16524,"date":"2015-08-20T20:58:14","date_gmt":"2015-08-20T19:58:14","guid":{"rendered":"http:\/\/www.haagh-protection.com\/de\/industriele-afscherming\/"},"modified":"2025-03-31T15:29:17","modified_gmt":"2025-03-31T14:29:17","slug":"industriele-afscherming","status":"publish","type":"page","link":"https:\/\/www.haagh-protection.com\/de\/industriele-afscherming\/","title":{"rendered":"Industrielle Abschirmung"},"content":{"rendered":"\t\t<div data-elementor-type=\"wp-page\" data-elementor-id=\"16524\" class=\"elementor elementor-16524 elementor-6277\" data-elementor-post-type=\"page\">\n\t\t\t\t<div class=\"elementor-element elementor-element-2c11692 e-flex e-con-boxed e-con e-parent\" data-id=\"2c11692\" data-element_type=\"container\">\n\t\t\t\t\t<div class=\"e-con-inner\">\n\t\t\t\t<div class=\"elementor-element elementor-element-15b3f54 elementor-widget elementor-widget-text-editor\" data-id=\"15b3f54\" data-element_type=\"widget\" data-widget_type=\"text-editor.default\">\n\t\t\t\t<div class=\"elementor-widget-container\">\n\t\t\t\t\t\t\t\t\t<p>Industrielle Abschirmung kaufen? Bei uns erhalten Sie industrielle Lamellenvorh\u00e4nge oder PVC-Streifenvorh\u00e4nge in den Gr\u00f6\u00dfen 200x2mm, 300x3mm und 400x4mm. Eine perfekte L\u00f6sung zur Bek\u00e4mpfung von Zugluft, K\u00e4lte, L\u00e4rm und Feuchtigkeit f\u00fcr industrielle Anwendungen wie Lagerhallen, Werkst\u00e4tten, K\u00fchlr\u00e4ume und mehr. Machen Sie Ihren Arbeitsbereich sicherer und effizienter und kaufen Sie diese flexiblen Lamellensysteme. Sehen Sie sich jetzt unser <a href=\"https:\/\/www.haagh-protection.com\/de\/produkt-kategorie\/industriele-vorhang\/\">Sortiment <\/a>an und bestellen Sie direkt!    <\/p>\n\t\t\t\t\t\t\t\t<\/div>\n\t\t\t\t<\/div>\n\t\t\t\t\t<\/div>\n\t\t\t\t<\/div>\n\t\t<div class=\"elementor-element elementor-element-36881e3 e-flex e-con-boxed e-con e-parent\" data-id=\"36881e3\" data-element_type=\"container\">\n\t\t\t\t\t<div class=\"e-con-inner\">\n\t\t<div class=\"elementor-element elementor-element-62595e9 e-con-full e-flex e-con e-child\" data-id=\"62595e9\" data-element_type=\"container\" data-settings=\"{&quot;background_background&quot;:&quot;classic&quot;}\">\n\t\t<div class=\"elementor-element elementor-element-0746f38 e-con-full e-flex e-con e-child\" data-id=\"0746f38\" data-element_type=\"container\">\n\t\t\t\t<div class=\"elementor-element elementor-element-e70d9c7 elementor-widget elementor-widget-image\" data-id=\"e70d9c7\" data-element_type=\"widget\" data-widget_type=\"image.default\">\n\t\t\t\t<div class=\"elementor-widget-container\">\n\t\t\t\t\t\t\t\t\t\t\t\t\t\t\t<img fetchpriority=\"high\" decoding=\"async\" width=\"400\" height=\"400\" src=\"https:\/\/www.haagh-protection.com\/wp-content\/uploads\/2024\/09\/lammellen-1.jpg\" class=\"attachment-large size-large wp-image-36300\" alt=\"\" srcset=\"https:\/\/www.haagh-protection.com\/wp-content\/uploads\/2024\/09\/lammellen-1.jpg 400w, https:\/\/www.haagh-protection.com\/wp-content\/uploads\/2024\/09\/lammellen-1-300x300.jpg 300w, https:\/\/www.haagh-protection.com\/wp-content\/uploads\/2024\/09\/lammellen-1-100x100.jpg 100w, https:\/\/www.haagh-protection.com\/wp-content\/uploads\/2024\/09\/lammellen-1-150x150.jpg 150w, https:\/\/www.haagh-protection.com\/wp-content\/uploads\/2024\/09\/lammellen-1-45x45.jpg 45w\" sizes=\"(max-width: 400px) 100vw, 400px\" \/>\t\t\t\t\t\t\t\t\t\t\t\t\t\t\t<\/div>\n\t\t\t\t<\/div>\n\t\t\t\t<\/div>\n\t\t<div class=\"elementor-element elementor-element-2196d7a e-con-full e-flex e-con e-child\" data-id=\"2196d7a\" data-element_type=\"container\">\n\t\t\t\t<div class=\"elementor-element elementor-element-7cf996d elementor-widget elementor-widget-heading\" data-id=\"7cf996d\" data-element_type=\"widget\" data-widget_type=\"heading.default\">\n\t\t\t\t<div class=\"elementor-widget-container\">\n\t\t\t\t\t<h2 class=\"elementor-heading-title elementor-size-default\">Warum industrielle Abschirmungen w\u00e4hlen?<\/h2>\t\t\t\t<\/div>\n\t\t\t\t<\/div>\n\t\t\t\t<div class=\"elementor-element elementor-element-3060451 elementor-widget elementor-widget-text-editor\" data-id=\"3060451\" data-element_type=\"widget\" data-widget_type=\"text-editor.default\">\n\t\t\t\t<div class=\"elementor-widget-container\">\n\t\t\t\t\t\t\t\t\t<p>Eine industrielle Abschirmung oder PVC-Streifenvorhang ist die ideale L\u00f6sung, um schnell und effizient flexible Barrieren zwischen R\u00e4umen zu schaffen. Diese Vorh\u00e4nge blockieren effektiv kalte Luft, Zugluft und Staub und sind perfekt f\u00fcr den Einsatz in Lagerhallen, Fabriken, K\u00fchlr\u00e4umen und Ladebuchten. So helfen sie dabei, eine warme Temperatur aufrechtzuerhalten und die Energieeffizienz Ihres Arbeitsbereichs zu steigern.  <\/p>\n<p>Die transparenten PVC-Streifen aus unserem Sortiment bieten ausgezeichnete Sichtbarkeit zwischen abgeschirmten Bereichen, was die Sicherheit und betriebliche Kontinuit\u00e4t gew\u00e4hrleistet. Gleichzeitig sch\u00fctzen sie vor sch\u00e4dlichen Umwelteinfl\u00fcssen wie Zugluft und Verschmutzung, was zu einer angenehmeren und effizienteren Arbeitsumgebung beitr\u00e4gt. <\/p>\n\t\t\t\t\t\t\t\t<\/div>\n\t\t\t\t<\/div>\n\t\t\t\t<div class=\"elementor-element elementor-element-283271e elementor-widget elementor-widget-heading\" data-id=\"283271e\" data-element_type=\"widget\" data-widget_type=\"heading.default\">\n\t\t\t\t<div class=\"elementor-widget-container\">\n\t\t\t\t\t<h2 class=\"elementor-heading-title elementor-size-default\">Ma\u00dfgeschneidert erh\u00e4ltlich<\/h2>\t\t\t\t<\/div>\n\t\t\t\t<\/div>\n\t\t\t\t<div class=\"elementor-element elementor-element-8ae060b elementor-widget elementor-widget-text-editor\" data-id=\"8ae060b\" data-element_type=\"widget\" data-widget_type=\"text-editor.default\">\n\t\t\t\t<div class=\"elementor-widget-container\">\n\t\t\t\t\t\t\t\t\t<p>Alle industriellen Abschirmungen sind in PVC-Streifen in verschiedenen Breiten (200 mm, 300 mm und 400 mm) erh\u00e4ltlich und k\u00f6nnen ma\u00dfgeschneidert f\u00fcr die spezifischen Anforderungen Ihres Raums angefertigt werden. Diese Flexibilit\u00e4t erm\u00f6glicht es Ihnen, die optimale Barriere f\u00fcr Ihre Anwendung zu schaffen, sei es f\u00fcr kleine Durchg\u00e4nge oder gr\u00f6\u00dfere industrielle \u00d6ffnungen. <\/p>\n\t\t\t\t\t\t\t\t<\/div>\n\t\t\t\t<\/div>\n\t\t\t\t<\/div>\n\t\t\t\t<\/div>\n\t\t\t\t\t<\/div>\n\t\t\t\t<\/div>\n\t\t<div class=\"elementor-element elementor-element-30cccab e-flex e-con-boxed e-con e-parent\" data-id=\"30cccab\" data-element_type=\"container\">\n\t\t\t\t\t<div class=\"e-con-inner\">\n\t\t\t\t<div class=\"elementor-element elementor-element-d917934 elementor-widget elementor-widget-heading\" data-id=\"d917934\" data-element_type=\"widget\" data-widget_type=\"heading.default\">\n\t\t\t\t<div class=\"elementor-widget-container\">\n\t\t\t\t\t<h2 class=\"elementor-heading-title elementor-size-default\">Die Vorteile einer industriellen Abschirmung<\/h2>\t\t\t\t<\/div>\n\t\t\t\t<\/div>\n\t\t\t\t<div class=\"elementor-element elementor-element-7c2e968 elementor-widget elementor-widget-heading\" data-id=\"7c2e968\" data-element_type=\"widget\" data-widget_type=\"heading.default\">\n\t\t\t\t<div class=\"elementor-widget-container\">\n\t\t\t\t\t<h3 class=\"elementor-heading-title elementor-size-default\">Isolierung und Energieeinsparung<\/h3>\t\t\t\t<\/div>\n\t\t\t\t<\/div>\n\t\t\t\t<div class=\"elementor-element elementor-element-0375972 elementor-widget elementor-widget-text-editor\" data-id=\"0375972\" data-element_type=\"widget\" data-widget_type=\"text-editor.default\">\n\t\t\t\t<div class=\"elementor-widget-container\">\n\t\t\t\t\t\t\t\t\t<p>Eine industrielle Abschirmung oder PVC-Streifenvorhang bietet ausgezeichnete Isolierung, wodurch der W\u00e4rmeverlust erheblich reduziert wird. Dies f\u00fchrt zu Einsparungen bei den Energiekosten, sowohl im Winter als auch im Sommer. Es ist eine ideale L\u00f6sung f\u00fcr Bereiche wie Lagerhallen, Produktionshallen und andere industrielle Umgebungen, in denen T\u00fcren regelm\u00e4\u00dfig ge\u00f6ffnet sind.  <\/p>\n\t\t\t\t\t\t\t\t<\/div>\n\t\t\t\t<\/div>\n\t\t\t\t<div class=\"elementor-element elementor-element-49c8390 elementor-widget elementor-widget-heading\" data-id=\"49c8390\" data-element_type=\"widget\" data-widget_type=\"heading.default\">\n\t\t\t\t<div class=\"elementor-widget-container\">\n\t\t\t\t\t<h3 class=\"elementor-heading-title elementor-size-default\">Schutz vor Staub und L\u00e4rmbel\u00e4stigung<\/h3>\t\t\t\t<\/div>\n\t\t\t\t<\/div>\n\t\t\t\t<div class=\"elementor-element elementor-element-d11ea48 elementor-widget elementor-widget-text-editor\" data-id=\"d11ea48\" data-element_type=\"widget\" data-widget_type=\"text-editor.default\">\n\t\t\t\t<div class=\"elementor-widget-container\">\n\t\t\t\t\t\t\t\t\t<p>Neben der Isolierung bietet eine industrielle Abschirmung auch effektiven Schutz vor Staub und L\u00e4rm. Dies macht sie ideal f\u00fcr industrielle Arbeitsr\u00e4ume und Umgebungen mit erheblichem Maschinenl\u00e4rm oder in Bereichen, in denen Staubbildung ein Problem darstellt. <\/p>\n\t\t\t\t\t\t\t\t<\/div>\n\t\t\t\t<\/div>\n\t\t\t\t<div class=\"elementor-element elementor-element-0a11661 elementor-widget elementor-widget-heading\" data-id=\"0a11661\" data-element_type=\"widget\" data-widget_type=\"heading.default\">\n\t\t\t\t<div class=\"elementor-widget-container\">\n\t\t\t\t\t<h3 class=\"elementor-heading-title elementor-size-default\">Witterungsbest\u00e4ndigkeit und Schutz mit industriellen Abschirmungen<\/h3>\t\t\t\t<\/div>\n\t\t\t\t<\/div>\n\t\t\t\t<div class=\"elementor-element elementor-element-e0a3c76 elementor-widget elementor-widget-text-editor\" data-id=\"e0a3c76\" data-element_type=\"widget\" data-widget_type=\"text-editor.default\">\n\t\t\t\t<div class=\"elementor-widget-container\">\n\t\t\t\t\t\t\t\t\t<p>Wenn ein Streifenvorhang an einer Au\u00dfen\u00f6ffnung installiert wird, bietet er Schutz vor verschiedenen Wetterbedingungen wie Wind, Regen und K\u00e4lte. Dies sorgt f\u00fcr eine sichere Trennung, w\u00e4hrend die Sicht nach au\u00dfen erhalten bleibt, was zus\u00e4tzlich f\u00fcr mehr Tageslicht sorgt. <\/p>\n\t\t\t\t\t\t\t\t<\/div>\n\t\t\t\t<\/div>\n\t\t\t\t<div class=\"elementor-element elementor-element-05d6c1a elementor-widget elementor-widget-heading\" data-id=\"05d6c1a\" data-element_type=\"widget\" data-widget_type=\"heading.default\">\n\t\t\t\t<div class=\"elementor-widget-container\">\n\t\t\t\t\t<h3 class=\"elementor-heading-title elementor-size-default\">Kosteneinsparung und Effizienz<\/h3>\t\t\t\t<\/div>\n\t\t\t\t<\/div>\n\t\t\t\t<div class=\"elementor-element elementor-element-619cdb3 elementor-widget elementor-widget-text-editor\" data-id=\"619cdb3\" data-element_type=\"widget\" data-widget_type=\"text-editor.default\">\n\t\t\t\t<div class=\"elementor-widget-container\">\n\t\t\t\t\t\t\t\t\t<p>Im Vergleich zu herk\u00f6mmlichen T\u00fcren ist ein Streifenvorhang eine kosteng\u00fcnstigere L\u00f6sung. Er bietet einen schnellen und effizienten Durchgang f\u00fcr sowohl Personen als auch rollendes Material, was nicht nur die Produktivit\u00e4t steigert, sondern auch die Kosten in industriellen und kommerziellen Umgebungen senkt. <\/p>\n\t\t\t\t\t\t\t\t<\/div>\n\t\t\t\t<\/div>\n\t\t\t\t\t<\/div>\n\t\t\t\t<\/div>\n\t\t<div class=\"elementor-element elementor-element-bfc1fee e-flex e-con-boxed e-con e-parent\" data-id=\"bfc1fee\" data-element_type=\"container\" data-settings=\"{&quot;background_background&quot;:&quot;classic&quot;}\">\n\t\t\t\t\t<div class=\"e-con-inner\">\n\t\t\t\t<div class=\"elementor-element elementor-element-f936cf3 elementor-widget elementor-widget-heading\" data-id=\"f936cf3\" data-element_type=\"widget\" data-widget_type=\"heading.default\">\n\t\t\t\t<div class=\"elementor-widget-container\">\n\t\t\t\t\t<h2 class=\"elementor-heading-title elementor-size-default\">Mehr Informationen zu industriellen Abschirmungen<\/h2>\t\t\t\t<\/div>\n\t\t\t\t<\/div>\n\t\t\t\t<div class=\"elementor-element elementor-element-e77a4f0 elementor-widget elementor-widget-text-editor\" data-id=\"e77a4f0\" data-element_type=\"widget\" data-widget_type=\"text-editor.default\">\n\t\t\t\t<div class=\"elementor-widget-container\">\n\t\t\t\t\t\t\t\t\t<p>Weitere Details zu unseren PVC-Streifenvorh\u00e4ngen, einschlie\u00dflich technischer Spezifikationen und verf\u00fcgbarer Optionen, finden Sie in unserem Webshop. Ob Sie nun Standard-PVC-Streifenvorh\u00e4nge oder die spezielle POLAR-Version f\u00fcr kalte Umgebungen ben\u00f6tigen, wir haben eine L\u00f6sung, die Ihren Bed\u00fcrfnissen entspricht. <\/p>\n\t\t\t\t\t\t\t\t<\/div>\n\t\t\t\t<\/div>\n\t\t\t\t<div class=\"elementor-element elementor-element-8eea863 elementor-grid-tablet-4 elementor-grid-4 elementor-grid-mobile-2 elementor-products-grid elementor-wc-products elementor-widget elementor-widget-wc-categories\" data-id=\"8eea863\" data-element_type=\"widget\" data-widget_type=\"wc-categories.default\">\n\t\t\t\t<div class=\"elementor-widget-container\">\n\t\t\t\t\t<div class=\"woocommerce columns-4\"><\/div>\t\t\t\t<\/div>\n\t\t\t\t<\/div>\n\t\t\t\t\t<\/div>\n\t\t\t\t<\/div>\n\t\t\t\t<\/div>\n\t\t","protected":false},"excerpt":{"rendered":"<p>Industrielle Abschirmung kaufen? Bei uns erhalten Sie industrielle Lamellenvorh\u00e4nge oder PVC-Streifenvorh\u00e4nge in den Gr\u00f6\u00dfen 200x2mm, 300x3mm und 400x4mm. Eine perfekte L\u00f6sung zur Bek\u00e4mpfung von Zugluft, K\u00e4lte, L\u00e4rm und Feuchtigkeit f\u00fcr industrielle Anwendungen wie Lagerhallen, Werkst\u00e4tten, K\u00fchlr\u00e4ume und mehr. Machen Sie Ihren Arbeitsbereich sicherer und effizienter und kaufen Sie diese flexiblen Lamellensysteme. Sehen Sie sich jetzt&hellip;<\/p>\n","protected":false},"author":4,"featured_media":0,"parent":0,"menu_order":0,"comment_status":"closed","ping_status":"closed","template":"elementor_header_footer","meta":{"footnotes":""},"class_list":["post-16524","page","type-page","status-publish","hentry"],"yoast_head":"<!-- This site is optimized with the Yoast SEO plugin v26.7 - https:\/\/yoast.com\/wordpress\/plugins\/seo\/ -->\n<title>Industrielle Abschirmung kaufen? Ma\u00dfgeschneiderte PVC-Streifenvorh\u00e4nge<\/title>\n<meta name=\"description\" content=\"Industrielle Abschirmung gegen Zugluft, K\u00e4lte, L\u00e4rm und Feuchtigkeit. Fordern Sie jetzt ein Angebot f\u00fcr ma\u00dfgeschneiderte PVC-Streifenvorh\u00e4nge oder Industrievorh\u00e4nge an.\" \/>\n<meta name=\"robots\" content=\"index, follow, max-snippet:-1, max-image-preview:large, max-video-preview:-1\" \/>\n<link rel=\"canonical\" href=\"https:\/\/www.haagh-protection.com\/de\/industriele-afscherming\/\" \/>\n<meta property=\"og:locale\" content=\"de_DE\" \/>\n<meta property=\"og:type\" content=\"article\" \/>\n<meta property=\"og:title\" content=\"Industrielle Abschirmung kaufen? Ma\u00dfgeschneiderte PVC-Streifenvorh\u00e4nge\" \/>\n<meta property=\"og:description\" content=\"Industrielle Abschirmung gegen Zugluft, K\u00e4lte, L\u00e4rm und Feuchtigkeit. Fordern Sie jetzt ein Angebot f\u00fcr ma\u00dfgeschneiderte PVC-Streifenvorh\u00e4nge oder Industrievorh\u00e4nge an.\" \/>\n<meta property=\"og:url\" content=\"https:\/\/www.haagh-protection.com\/de\/industriele-afscherming\/\" \/>\n<meta property=\"og:site_name\" content=\"Haagh Protection\" \/>\n<meta property=\"article:modified_time\" content=\"2025-03-31T14:29:17+00:00\" \/>\n<meta property=\"og:image\" content=\"https:\/\/www.haagh-protection.com\/wp-content\/uploads\/2024\/09\/lammellen-1.jpg\" \/>\n\t<meta property=\"og:image:width\" content=\"400\" \/>\n\t<meta property=\"og:image:height\" content=\"400\" \/>\n\t<meta property=\"og:image:type\" content=\"image\/jpeg\" \/>\n<meta name=\"twitter:card\" content=\"summary_large_image\" \/>\n<meta name=\"twitter:label1\" content=\"Gesch\u00e4tzte Lesezeit\" \/>\n\t<meta name=\"twitter:data1\" content=\"2\u00a0Minuten\" \/>\n<script type=\"application\/ld+json\" class=\"yoast-schema-graph\">{\"@context\":\"https:\/\/schema.org\",\"@graph\":[{\"@type\":\"WebPage\",\"@id\":\"https:\/\/www.haagh-protection.com\/de\/industriele-afscherming\/\",\"url\":\"https:\/\/www.haagh-protection.com\/de\/industriele-afscherming\/\",\"name\":\"Industrielle Abschirmung kaufen? Ma\u00dfgeschneiderte PVC-Streifenvorh\u00e4nge\",\"isPartOf\":{\"@id\":\"https:\/\/www.haagh-protection.com\/#website\"},\"primaryImageOfPage\":{\"@id\":\"https:\/\/www.haagh-protection.com\/de\/industriele-afscherming\/#primaryimage\"},\"image\":{\"@id\":\"https:\/\/www.haagh-protection.com\/de\/industriele-afscherming\/#primaryimage\"},\"thumbnailUrl\":\"https:\/\/www.haagh-protection.com\/wp-content\/uploads\/2024\/09\/lammellen-1.jpg\",\"datePublished\":\"2015-08-20T19:58:14+00:00\",\"dateModified\":\"2025-03-31T14:29:17+00:00\",\"description\":\"Industrielle Abschirmung gegen Zugluft, K\u00e4lte, L\u00e4rm und Feuchtigkeit. Fordern Sie jetzt ein Angebot f\u00fcr ma\u00dfgeschneiderte PVC-Streifenvorh\u00e4nge oder Industrievorh\u00e4nge an.\",\"breadcrumb\":{\"@id\":\"https:\/\/www.haagh-protection.com\/de\/industriele-afscherming\/#breadcrumb\"},\"inLanguage\":\"de\",\"potentialAction\":[{\"@type\":\"ReadAction\",\"target\":[\"https:\/\/www.haagh-protection.com\/de\/industriele-afscherming\/\"]}]},{\"@type\":\"ImageObject\",\"inLanguage\":\"de\",\"@id\":\"https:\/\/www.haagh-protection.com\/de\/industriele-afscherming\/#primaryimage\",\"url\":\"https:\/\/www.haagh-protection.com\/wp-content\/uploads\/2024\/09\/lammellen-1.jpg\",\"contentUrl\":\"https:\/\/www.haagh-protection.com\/wp-content\/uploads\/2024\/09\/lammellen-1.jpg\"},{\"@type\":\"BreadcrumbList\",\"@id\":\"https:\/\/www.haagh-protection.com\/de\/industriele-afscherming\/#breadcrumb\",\"itemListElement\":[{\"@type\":\"ListItem\",\"position\":1,\"name\":\"Home\",\"item\":\"https:\/\/www.haagh-protection.com\/de\/haagh-protection\/\"},{\"@type\":\"ListItem\",\"position\":2,\"name\":\"Industrielle Abschirmung\"}]},{\"@type\":\"WebSite\",\"@id\":\"https:\/\/www.haagh-protection.com\/#website\",\"url\":\"https:\/\/www.haagh-protection.com\/\",\"name\":\"Haagh Protection\",\"description\":\"Next level safety\",\"publisher\":{\"@id\":\"https:\/\/www.haagh-protection.com\/#organization\"},\"potentialAction\":[{\"@type\":\"SearchAction\",\"target\":{\"@type\":\"EntryPoint\",\"urlTemplate\":\"https:\/\/www.haagh-protection.com\/?s={search_term_string}\"},\"query-input\":{\"@type\":\"PropertyValueSpecification\",\"valueRequired\":true,\"valueName\":\"search_term_string\"}}],\"inLanguage\":\"de\"},{\"@type\":\"Organization\",\"@id\":\"https:\/\/www.haagh-protection.com\/#organization\",\"name\":\"Haagh-Protection B.V.\",\"alternateName\":\"Haagh-Protection\",\"url\":\"https:\/\/www.haagh-protection.com\/\",\"logo\":{\"@type\":\"ImageObject\",\"inLanguage\":\"de\",\"@id\":\"https:\/\/www.haagh-protection.com\/#\/schema\/logo\/image\/\",\"url\":\"https:\/\/www.haagh-protection.com\/wp-content\/uploads\/2015\/08\/haagh-protection-logo.png\",\"contentUrl\":\"https:\/\/www.haagh-protection.com\/wp-content\/uploads\/2015\/08\/haagh-protection-logo.png\",\"width\":500,\"height\":185,\"caption\":\"Haagh-Protection B.V.\"},\"image\":{\"@id\":\"https:\/\/www.haagh-protection.com\/#\/schema\/logo\/image\/\"}}]}<\/script>\n<!-- \/ Yoast SEO plugin. -->","yoast_head_json":{"title":"Industrielle Abschirmung kaufen? Ma\u00dfgeschneiderte PVC-Streifenvorh\u00e4nge","description":"Industrielle Abschirmung gegen Zugluft, K\u00e4lte, L\u00e4rm und Feuchtigkeit. Fordern Sie jetzt ein Angebot f\u00fcr ma\u00dfgeschneiderte PVC-Streifenvorh\u00e4nge oder Industrievorh\u00e4nge an.","robots":{"index":"index","follow":"follow","max-snippet":"max-snippet:-1","max-image-preview":"max-image-preview:large","max-video-preview":"max-video-preview:-1"},"canonical":"https:\/\/www.haagh-protection.com\/de\/industriele-afscherming\/","og_locale":"de_DE","og_type":"article","og_title":"Industrielle Abschirmung kaufen? Ma\u00dfgeschneiderte PVC-Streifenvorh\u00e4nge","og_description":"Industrielle Abschirmung gegen Zugluft, K\u00e4lte, L\u00e4rm und Feuchtigkeit. Fordern Sie jetzt ein Angebot f\u00fcr ma\u00dfgeschneiderte PVC-Streifenvorh\u00e4nge oder Industrievorh\u00e4nge an.","og_url":"https:\/\/www.haagh-protection.com\/de\/industriele-afscherming\/","og_site_name":"Haagh Protection","article_modified_time":"2025-03-31T14:29:17+00:00","og_image":[{"width":400,"height":400,"url":"https:\/\/www.haagh-protection.com\/wp-content\/uploads\/2024\/09\/lammellen-1.jpg","type":"image\/jpeg"}],"twitter_card":"summary_large_image","twitter_misc":{"Gesch\u00e4tzte Lesezeit":"2\u00a0Minuten"},"schema":{"@context":"https:\/\/schema.org","@graph":[{"@type":"WebPage","@id":"https:\/\/www.haagh-protection.com\/de\/industriele-afscherming\/","url":"https:\/\/www.haagh-protection.com\/de\/industriele-afscherming\/","name":"Industrielle Abschirmung kaufen? Ma\u00dfgeschneiderte PVC-Streifenvorh\u00e4nge","isPartOf":{"@id":"https:\/\/www.haagh-protection.com\/#website"},"primaryImageOfPage":{"@id":"https:\/\/www.haagh-protection.com\/de\/industriele-afscherming\/#primaryimage"},"image":{"@id":"https:\/\/www.haagh-protection.com\/de\/industriele-afscherming\/#primaryimage"},"thumbnailUrl":"https:\/\/www.haagh-protection.com\/wp-content\/uploads\/2024\/09\/lammellen-1.jpg","datePublished":"2015-08-20T19:58:14+00:00","dateModified":"2025-03-31T14:29:17+00:00","description":"Industrielle Abschirmung gegen Zugluft, K\u00e4lte, L\u00e4rm und Feuchtigkeit. Fordern Sie jetzt ein Angebot f\u00fcr ma\u00dfgeschneiderte PVC-Streifenvorh\u00e4nge oder Industrievorh\u00e4nge an.","breadcrumb":{"@id":"https:\/\/www.haagh-protection.com\/de\/industriele-afscherming\/#breadcrumb"},"inLanguage":"de","potentialAction":[{"@type":"ReadAction","target":["https:\/\/www.haagh-protection.com\/de\/industriele-afscherming\/"]}]},{"@type":"ImageObject","inLanguage":"de","@id":"https:\/\/www.haagh-protection.com\/de\/industriele-afscherming\/#primaryimage","url":"https:\/\/www.haagh-protection.com\/wp-content\/uploads\/2024\/09\/lammellen-1.jpg","contentUrl":"https:\/\/www.haagh-protection.com\/wp-content\/uploads\/2024\/09\/lammellen-1.jpg"},{"@type":"BreadcrumbList","@id":"https:\/\/www.haagh-protection.com\/de\/industriele-afscherming\/#breadcrumb","itemListElement":[{"@type":"ListItem","position":1,"name":"Home","item":"https:\/\/www.haagh-protection.com\/de\/haagh-protection\/"},{"@type":"ListItem","position":2,"name":"Industrielle Abschirmung"}]},{"@type":"WebSite","@id":"https:\/\/www.haagh-protection.com\/#website","url":"https:\/\/www.haagh-protection.com\/","name":"Haagh Protection","description":"Next level safety","publisher":{"@id":"https:\/\/www.haagh-protection.com\/#organization"},"potentialAction":[{"@type":"SearchAction","target":{"@type":"EntryPoint","urlTemplate":"https:\/\/www.haagh-protection.com\/?s={search_term_string}"},"query-input":{"@type":"PropertyValueSpecification","valueRequired":true,"valueName":"search_term_string"}}],"inLanguage":"de"},{"@type":"Organization","@id":"https:\/\/www.haagh-protection.com\/#organization","name":"Haagh-Protection B.V.","alternateName":"Haagh-Protection","url":"https:\/\/www.haagh-protection.com\/","logo":{"@type":"ImageObject","inLanguage":"de","@id":"https:\/\/www.haagh-protection.com\/#\/schema\/logo\/image\/","url":"https:\/\/www.haagh-protection.com\/wp-content\/uploads\/2015\/08\/haagh-protection-logo.png","contentUrl":"https:\/\/www.haagh-protection.com\/wp-content\/uploads\/2015\/08\/haagh-protection-logo.png","width":500,"height":185,"caption":"Haagh-Protection B.V."},"image":{"@id":"https:\/\/www.haagh-protection.com\/#\/schema\/logo\/image\/"}}]}},"_links":{"self":[{"href":"https:\/\/www.haagh-protection.com\/de\/wp-json\/wp\/v2\/pages\/16524","targetHints":{"allow":["GET"]}}],"collection":[{"href":"https:\/\/www.haagh-protection.com\/de\/wp-json\/wp\/v2\/pages"}],"about":[{"href":"https:\/\/www.haagh-protection.com\/de\/wp-json\/wp\/v2\/types\/page"}],"author":[{"embeddable":true,"href":"https:\/\/www.haagh-protection.com\/de\/wp-json\/wp\/v2\/users\/4"}],"replies":[{"embeddable":true,"href":"https:\/\/www.haagh-protection.com\/de\/wp-json\/wp\/v2\/comments?post=16524"}],"version-history":[{"count":15,"href":"https:\/\/www.haagh-protection.com\/de\/wp-json\/wp\/v2\/pages\/16524\/revisions"}],"predecessor-version":[{"id":43403,"href":"https:\/\/www.haagh-protection.com\/de\/wp-json\/wp\/v2\/pages\/16524\/revisions\/43403"}],"wp:attachment":[{"href":"https:\/\/www.haagh-protection.com\/de\/wp-json\/wp\/v2\/media?parent=16524"}],"curies":[{"name":"wp","href":"https:\/\/api.w.org\/{rel}","templated":true}]}}