{"id":37074,"date":"2024-09-16T15:37:42","date_gmt":"2024-09-16T14:37:42","guid":{"rendered":"https:\/\/www.haagh-protection.com\/grp-antislip\/"},"modified":"2025-04-01T10:16:40","modified_gmt":"2025-04-01T09:16:40","slug":"grp-antislip","status":"publish","type":"page","link":"https:\/\/www.haagh-protection.com\/de\/grp-antislip\/","title":{"rendered":"GRP Antirutsch"},"content":{"rendered":"\t\t<div data-elementor-type=\"wp-page\" data-elementor-id=\"37074\" class=\"elementor elementor-37074 elementor-36332\" data-elementor-post-type=\"page\">\n\t\t\t\t<div class=\"elementor-element elementor-element-a23192d e-flex e-con-boxed e-con e-parent\" data-id=\"a23192d\" data-element_type=\"container\">\n\t\t\t\t\t<div class=\"e-con-inner\">\n\t\t\t\t<div class=\"elementor-element elementor-element-aa8d9b0 elementor-widget elementor-widget-heading\" data-id=\"aa8d9b0\" data-element_type=\"widget\" data-widget_type=\"heading.default\">\n\t\t\t\t<div class=\"elementor-widget-container\">\n\t\t\t\t\t<h1 class=\"elementor-heading-title elementor-size-default\">GRP Antirutsch-Terrassendielenstreifen<\/h1>\t\t\t\t<\/div>\n\t\t\t\t<\/div>\n\t\t\t\t<div class=\"elementor-element elementor-element-c449f66 elementor-widget elementor-widget-text-editor\" data-id=\"c449f66\" data-element_type=\"widget\" data-widget_type=\"text-editor.default\">\n\t\t\t\t<div class=\"elementor-widget-container\">\n\t\t\t\t\t\t\t\t\t<p>&#8222;GRP Antirutsch-Terrassendielenstreifen kaufen? Diese glasfaserverst\u00e4rkten Kunststoff-Antirutsch-Terrassendielenstreifen sind die perfekte L\u00f6sung, um rutschige Oberfl\u00e4chen wie Terrassen wieder sicher zu machen. Diese Streifen bieten hervorragenden Halt und sind ideal f\u00fcr den Einsatz auf Holzterrassen, Gehwegen und anderen Bereichen, die durch Witterungseinfl\u00fcsse oder h\u00e4ufige Nutzung rutschig werden k\u00f6nnen.  <\/p>\n\t\t\t\t\t\t\t\t<\/div>\n\t\t\t\t<\/div>\n\t\t\t\t\t<\/div>\n\t\t\t\t<\/div>\n\t\t<div class=\"elementor-element elementor-element-85a7301 e-flex e-con-boxed e-con e-parent\" data-id=\"85a7301\" data-element_type=\"container\" data-settings=\"{&quot;background_background&quot;:&quot;classic&quot;}\">\n\t\t\t\t\t<div class=\"e-con-inner\">\n\t\t<div class=\"elementor-element elementor-element-0bb5b57 e-con-full e-flex e-con e-child\" data-id=\"0bb5b57\" data-element_type=\"container\">\n\t\t\t\t<div class=\"elementor-element elementor-element-d0bf816 elementor-widget elementor-widget-image\" data-id=\"d0bf816\" data-element_type=\"widget\" data-widget_type=\"image.default\">\n\t\t\t\t<div class=\"elementor-widget-container\">\n\t\t\t\t\t\t\t\t\t\t\t\t\t\t\t<img fetchpriority=\"high\" decoding=\"async\" width=\"768\" height=\"1024\" src=\"https:\/\/www.haagh-protection.com\/wp-content\/uploads\/2015\/07\/Vlonderstrip-10-cm-breed-768x1024.jpg\" class=\"attachment-large size-large wp-image-23861\" alt=\"\" srcset=\"https:\/\/www.haagh-protection.com\/wp-content\/uploads\/2015\/07\/Vlonderstrip-10-cm-breed-768x1024.jpg 768w, https:\/\/www.haagh-protection.com\/wp-content\/uploads\/2015\/07\/Vlonderstrip-10-cm-breed-600x800.jpg 600w, https:\/\/www.haagh-protection.com\/wp-content\/uploads\/2015\/07\/Vlonderstrip-10-cm-breed-225x300.jpg 225w, https:\/\/www.haagh-protection.com\/wp-content\/uploads\/2015\/07\/Vlonderstrip-10-cm-breed.jpg 1224w\" sizes=\"(max-width: 768px) 100vw, 768px\" \/>\t\t\t\t\t\t\t\t\t\t\t\t\t\t\t<\/div>\n\t\t\t\t<\/div>\n\t\t\t\t<\/div>\n\t\t<div class=\"elementor-element elementor-element-ccfc59f e-con-full e-flex e-con e-child\" data-id=\"ccfc59f\" data-element_type=\"container\">\n\t\t\t\t<div class=\"elementor-element elementor-element-8a1987e elementor-widget elementor-widget-heading\" data-id=\"8a1987e\" data-element_type=\"widget\" data-widget_type=\"heading.default\">\n\t\t\t\t<div class=\"elementor-widget-container\">\n\t\t\t\t\t<h3 class=\"elementor-heading-title elementor-size-default\">Nachhaltig und effektiv<\/h3>\t\t\t\t<\/div>\n\t\t\t\t<\/div>\n\t\t\t\t<div class=\"elementor-element elementor-element-d51f3e8 elementor-widget elementor-widget-text-editor\" data-id=\"d51f3e8\" data-element_type=\"widget\" data-widget_type=\"text-editor.default\">\n\t\t\t\t<div class=\"elementor-widget-container\">\n\t\t\t\t\t\t\t\t\t<p>Mit den Ma\u00dfen 50 x 1200 mm sind diese GRP Antirutsch-Terrassendielenstreifen f\u00fcr eine einfache Installation auf den meisten Terrassenoberfl\u00e4chen konzipiert, was eine schnelle und effektive M\u00f6glichkeit bietet, die Sicherheit zu verbessern. Das GRP-Material sorgt f\u00fcr langanhaltende Haltbarkeit und Abriebfestigkeit, wodurch sie sowohl f\u00fcr den privaten als auch f\u00fcr den gewerblichen Einsatz geeignet sind. <\/p>\n\t\t\t\t\t\t\t\t<\/div>\n\t\t\t\t<\/div>\n\t\t\t\t<div class=\"elementor-element elementor-element-4975cce elementor-widget elementor-widget-heading\" data-id=\"4975cce\" data-element_type=\"widget\" data-widget_type=\"heading.default\">\n\t\t\t\t<div class=\"elementor-widget-container\">\n\t\t\t\t\t<h3 class=\"elementor-heading-title elementor-size-default\">Erh\u00e4ltlich in zwei Farben<\/h3>\t\t\t\t<\/div>\n\t\t\t\t<\/div>\n\t\t\t\t<div class=\"elementor-element elementor-element-1523a0c elementor-widget elementor-widget-text-editor\" data-id=\"1523a0c\" data-element_type=\"widget\" data-widget_type=\"text-editor.default\">\n\t\t\t\t<div class=\"elementor-widget-container\">\n\t\t\t\t\t\t\t\t\t<p>Die GRP Antirutsch-Terrassendielenstreifen sind in zwei Standardfarben erh\u00e4ltlich: braun und schwarz. So k\u00f6nnen Sie die Option w\u00e4hlen, die am besten zu Ihrer Au\u00dfenumgebung passt, w\u00e4hrend Sie eine subtile oder auff\u00e4llige Sicherheitsverbesserung bieten. <\/p>\n\t\t\t\t\t\t\t\t<\/div>\n\t\t\t\t<\/div>\n\t\t\t\t<div class=\"elementor-element elementor-element-099bd16 elementor-widget elementor-widget-heading\" data-id=\"099bd16\" data-element_type=\"widget\" data-widget_type=\"heading.default\">\n\t\t\t\t<div class=\"elementor-widget-container\">\n\t\t\t\t\t<h3 class=\"elementor-heading-title elementor-size-default\">Einfache Installation: Kleben oder Schrauben<\/h3>\t\t\t\t<\/div>\n\t\t\t\t<\/div>\n\t\t\t\t<div class=\"elementor-element elementor-element-6c5a6ea elementor-widget elementor-widget-text-editor\" data-id=\"6c5a6ea\" data-element_type=\"widget\" data-widget_type=\"text-editor.default\">\n\t\t\t\t<div class=\"elementor-widget-container\">\n\t\t\t\t\t\t\t\t\t<p>Die GRP Antirutsch-Terrassendielenstreifen k\u00f6nnen einfach auf zwei Arten installiert werden: Sie k\u00f6nnen mit einem geeigneten Kleber verklebt oder f\u00fcr eine sicherere Installation mit (Terrassen-)Schrauben befestigt werden. Diese Flexibilit\u00e4t erm\u00f6glicht eine schnelle, zuverl\u00e4ssige Befestigung auf verschiedenen Oberfl\u00e4chen, wodurch sie sicher an ihrem Platz bleiben. <\/p>\n\t\t\t\t\t\t\t\t<\/div>\n\t\t\t\t<\/div>\n\t\t\t\t<\/div>\n\t\t\t\t\t<\/div>\n\t\t\t\t<\/div>\n\t\t<div class=\"elementor-element elementor-element-ebcde8b e-flex e-con-boxed e-con e-parent\" data-id=\"ebcde8b\" data-element_type=\"container\" data-settings=\"{&quot;background_background&quot;:&quot;classic&quot;}\">\n\t\t\t\t\t<div class=\"e-con-inner\">\n\t\t\t\t<div class=\"elementor-element elementor-element-f78acc6 elementor-widget elementor-widget-heading\" data-id=\"f78acc6\" data-element_type=\"widget\" data-widget_type=\"heading.default\">\n\t\t\t\t<div class=\"elementor-widget-container\">\n\t\t\t\t\t<h2 class=\"elementor-heading-title elementor-size-default\">GRP Antirutsch-Terrassendielenstreifen f\u00fcr rutschige Oberfl\u00e4chen<\/h2>\t\t\t\t<\/div>\n\t\t\t\t<\/div>\n\t\t\t\t<div class=\"elementor-element elementor-element-0d3ca9b elementor-widget elementor-widget-text-editor\" data-id=\"0d3ca9b\" data-element_type=\"widget\" data-widget_type=\"text-editor.default\">\n\t\t\t\t<div class=\"elementor-widget-container\">\n\t\t\t\t\t\t\t\t\t<p>Diese GRP Antirutsch-Terrassendielenstreifen oder glasfaserverst\u00e4rkten Kunststoff-Antirutsch-Terrassendielenstreifen sind besonders n\u00fctzlich f\u00fcr nasse oder mit Moos bedeckte Terrassen und helfen, Ausrutschen und St\u00fcrze zu verhindern. Nach der Installation bieten sie eine sichere und stabile Gehfl\u00e4che, selbst bei herausfordernden Wetterbedingungen wie Regen oder Frost. <\/p>\n\t\t\t\t\t\t\t\t<\/div>\n\t\t\t\t<\/div>\n\t\t\t\t<div class=\"elementor-element elementor-element-1b831fc elementor-widget elementor-widget-heading\" data-id=\"1b831fc\" data-element_type=\"widget\" data-widget_type=\"heading.default\">\n\t\t\t\t<div class=\"elementor-widget-container\">\n\t\t\t\t\t<h2 class=\"elementor-heading-title elementor-size-default\">Erh\u00e4ltlich in unserem Webshop<\/h2>\t\t\t\t<\/div>\n\t\t\t\t<\/div>\n\t\t\t\t<div class=\"elementor-element elementor-element-e1b1ff1 elementor-widget elementor-widget-text-editor\" data-id=\"e1b1ff1\" data-element_type=\"widget\" data-widget_type=\"text-editor.default\">\n\t\t\t\t<div class=\"elementor-widget-container\">\n\t\t\t\t\t\t\t\t\t<p>Sie k\u00f6nnen diese GRP Antirutsch-Terrassendielenstreifen einfach in unserem Webshop kaufen. Egal, ob Sie die Sicherheit auf einer privaten Terrasse oder in einem \u00f6ffentlichen Bereich verbessern m\u00f6chten, unsere Streifen bieten eine einfache, kosteng\u00fcnstige L\u00f6sung, auf die Sie vertrauen k\u00f6nnen. <\/p>\n<p>&#8222;Mit diesen glasfaserverst\u00e4rkten Kunststoff-Antirutsch-Terrassendielenstreifen erhalten Sie ein hochwertiges, langlebiges Produkt, das entwickelt wurde, um die Sicherheit und den Halt auf rutschigen Oberfl\u00e4chen zu verbessern, sodass Sie in jeder Au\u00dfenumgebung beruhigt sein k\u00f6nnen. Sehen Sie sich jetzt unser Sortiment an und kaufen Sie noch heute! <\/p>\n\t\t\t\t\t\t\t\t<\/div>\n\t\t\t\t<\/div>\n\t\t\t\t\t<\/div>\n\t\t\t\t<\/div>\n\t\t<div class=\"elementor-element elementor-element-e7c0e39 e-flex e-con-boxed e-con e-parent\" data-id=\"e7c0e39\" data-element_type=\"container\" data-settings=\"{&quot;background_background&quot;:&quot;classic&quot;}\">\n\t\t\t\t\t<div class=\"e-con-inner\">\n\t\t\t\t\t<\/div>\n\t\t\t\t<\/div>\n\t\t\t\t<\/div>\n\t\t","protected":false},"excerpt":{"rendered":"<p>GRP Antirutsch-Terrassendielenstreifen &#8222;GRP Antirutsch-Terrassendielenstreifen kaufen? Diese glasfaserverst\u00e4rkten Kunststoff-Antirutsch-Terrassendielenstreifen sind die perfekte L\u00f6sung, um rutschige Oberfl\u00e4chen wie Terrassen wieder sicher zu machen. Diese Streifen bieten hervorragenden Halt und sind ideal f\u00fcr den Einsatz auf Holzterrassen, Gehwegen und anderen Bereichen, die durch Witterungseinfl\u00fcsse oder h\u00e4ufige Nutzung rutschig werden k\u00f6nnen. Nachhaltig und effektiv Mit den Ma\u00dfen 50 x&hellip;<\/p>\n","protected":false},"author":181,"featured_media":0,"parent":0,"menu_order":0,"comment_status":"closed","ping_status":"closed","template":"elementor_header_footer","meta":{"footnotes":""},"class_list":["post-37074","page","type-page","status-publish","hentry"],"yoast_head":"<!-- This site is optimized with the Yoast SEO plugin v26.7 - https:\/\/yoast.com\/wordpress\/plugins\/seo\/ -->\n<title>GRP Antirutsch-Terrassendielenstreifen kaufen? Gro\u00dfe Auswahl!<\/title>\n<meta name=\"description\" content=\"Brauchen Sie GRP Antirutsch-Terrassendielenstreifen? Sehen Sie sich jetzt die perfekte L\u00f6sung an, um rutschige Oberfl\u00e4chen wieder sicher zu machen. Schnell lieferbar!\" \/>\n<meta name=\"robots\" content=\"index, follow, max-snippet:-1, max-image-preview:large, max-video-preview:-1\" \/>\n<link rel=\"canonical\" href=\"https:\/\/www.haagh-protection.com\/de\/grp-antislip\/\" \/>\n<meta property=\"og:locale\" content=\"de_DE\" \/>\n<meta property=\"og:type\" content=\"article\" \/>\n<meta property=\"og:title\" content=\"GRP Antirutsch-Terrassendielenstreifen kaufen? Gro\u00dfe Auswahl!\" \/>\n<meta property=\"og:description\" content=\"Brauchen Sie GRP Antirutsch-Terrassendielenstreifen? Sehen Sie sich jetzt die perfekte L\u00f6sung an, um rutschige Oberfl\u00e4chen wieder sicher zu machen. Schnell lieferbar!\" \/>\n<meta property=\"og:url\" content=\"https:\/\/www.haagh-protection.com\/de\/grp-antislip\/\" \/>\n<meta property=\"og:site_name\" content=\"Haagh Protection\" \/>\n<meta property=\"article:modified_time\" content=\"2025-04-01T09:16:40+00:00\" \/>\n<meta property=\"og:image\" content=\"https:\/\/www.haagh-protection.com\/wp-content\/uploads\/2015\/07\/Vlonderstrip-10-cm-breed.jpg\" \/>\n\t<meta property=\"og:image:width\" content=\"1224\" \/>\n\t<meta property=\"og:image:height\" content=\"1632\" \/>\n\t<meta property=\"og:image:type\" content=\"image\/jpeg\" \/>\n<meta name=\"twitter:card\" content=\"summary_large_image\" \/>\n<meta name=\"twitter:label1\" content=\"Gesch\u00e4tzte Lesezeit\" \/>\n\t<meta name=\"twitter:data1\" content=\"2\u00a0Minuten\" \/>\n<script type=\"application\/ld+json\" class=\"yoast-schema-graph\">{\"@context\":\"https:\/\/schema.org\",\"@graph\":[{\"@type\":\"WebPage\",\"@id\":\"https:\/\/www.haagh-protection.com\/de\/grp-antislip\/\",\"url\":\"https:\/\/www.haagh-protection.com\/de\/grp-antislip\/\",\"name\":\"GRP Antirutsch-Terrassendielenstreifen kaufen? Gro\u00dfe Auswahl!\",\"isPartOf\":{\"@id\":\"https:\/\/www.haagh-protection.com\/#website\"},\"primaryImageOfPage\":{\"@id\":\"https:\/\/www.haagh-protection.com\/de\/grp-antislip\/#primaryimage\"},\"image\":{\"@id\":\"https:\/\/www.haagh-protection.com\/de\/grp-antislip\/#primaryimage\"},\"thumbnailUrl\":\"https:\/\/www.haagh-protection.com\/wp-content\/uploads\/2015\/07\/Vlonderstrip-10-cm-breed-768x1024.jpg\",\"datePublished\":\"2024-09-16T14:37:42+00:00\",\"dateModified\":\"2025-04-01T09:16:40+00:00\",\"description\":\"Brauchen Sie GRP Antirutsch-Terrassendielenstreifen? Sehen Sie sich jetzt die perfekte L\u00f6sung an, um rutschige Oberfl\u00e4chen wieder sicher zu machen. Schnell lieferbar!\",\"breadcrumb\":{\"@id\":\"https:\/\/www.haagh-protection.com\/de\/grp-antislip\/#breadcrumb\"},\"inLanguage\":\"de\",\"potentialAction\":[{\"@type\":\"ReadAction\",\"target\":[\"https:\/\/www.haagh-protection.com\/de\/grp-antislip\/\"]}]},{\"@type\":\"ImageObject\",\"inLanguage\":\"de\",\"@id\":\"https:\/\/www.haagh-protection.com\/de\/grp-antislip\/#primaryimage\",\"url\":\"https:\/\/www.haagh-protection.com\/wp-content\/uploads\/2015\/07\/Vlonderstrip-10-cm-breed-768x1024.jpg\",\"contentUrl\":\"https:\/\/www.haagh-protection.com\/wp-content\/uploads\/2015\/07\/Vlonderstrip-10-cm-breed-768x1024.jpg\"},{\"@type\":\"BreadcrumbList\",\"@id\":\"https:\/\/www.haagh-protection.com\/de\/grp-antislip\/#breadcrumb\",\"itemListElement\":[{\"@type\":\"ListItem\",\"position\":1,\"name\":\"Home\",\"item\":\"https:\/\/www.haagh-protection.com\/de\/haagh-protection\/\"},{\"@type\":\"ListItem\",\"position\":2,\"name\":\"GRP Antirutsch\"}]},{\"@type\":\"WebSite\",\"@id\":\"https:\/\/www.haagh-protection.com\/#website\",\"url\":\"https:\/\/www.haagh-protection.com\/\",\"name\":\"Haagh Protection\",\"description\":\"Next level safety\",\"publisher\":{\"@id\":\"https:\/\/www.haagh-protection.com\/#organization\"},\"potentialAction\":[{\"@type\":\"SearchAction\",\"target\":{\"@type\":\"EntryPoint\",\"urlTemplate\":\"https:\/\/www.haagh-protection.com\/?s={search_term_string}\"},\"query-input\":{\"@type\":\"PropertyValueSpecification\",\"valueRequired\":true,\"valueName\":\"search_term_string\"}}],\"inLanguage\":\"de\"},{\"@type\":\"Organization\",\"@id\":\"https:\/\/www.haagh-protection.com\/#organization\",\"name\":\"Haagh-Protection B.V.\",\"alternateName\":\"Haagh-Protection\",\"url\":\"https:\/\/www.haagh-protection.com\/\",\"logo\":{\"@type\":\"ImageObject\",\"inLanguage\":\"de\",\"@id\":\"https:\/\/www.haagh-protection.com\/#\/schema\/logo\/image\/\",\"url\":\"https:\/\/www.haagh-protection.com\/wp-content\/uploads\/2015\/08\/haagh-protection-logo.png\",\"contentUrl\":\"https:\/\/www.haagh-protection.com\/wp-content\/uploads\/2015\/08\/haagh-protection-logo.png\",\"width\":500,\"height\":185,\"caption\":\"Haagh-Protection B.V.\"},\"image\":{\"@id\":\"https:\/\/www.haagh-protection.com\/#\/schema\/logo\/image\/\"}}]}<\/script>\n<!-- \/ Yoast SEO plugin. -->","yoast_head_json":{"title":"GRP Antirutsch-Terrassendielenstreifen kaufen? Gro\u00dfe Auswahl!","description":"Brauchen Sie GRP Antirutsch-Terrassendielenstreifen? Sehen Sie sich jetzt die perfekte L\u00f6sung an, um rutschige Oberfl\u00e4chen wieder sicher zu machen. Schnell lieferbar!","robots":{"index":"index","follow":"follow","max-snippet":"max-snippet:-1","max-image-preview":"max-image-preview:large","max-video-preview":"max-video-preview:-1"},"canonical":"https:\/\/www.haagh-protection.com\/de\/grp-antislip\/","og_locale":"de_DE","og_type":"article","og_title":"GRP Antirutsch-Terrassendielenstreifen kaufen? Gro\u00dfe Auswahl!","og_description":"Brauchen Sie GRP Antirutsch-Terrassendielenstreifen? Sehen Sie sich jetzt die perfekte L\u00f6sung an, um rutschige Oberfl\u00e4chen wieder sicher zu machen. Schnell lieferbar!","og_url":"https:\/\/www.haagh-protection.com\/de\/grp-antislip\/","og_site_name":"Haagh Protection","article_modified_time":"2025-04-01T09:16:40+00:00","og_image":[{"width":1224,"height":1632,"url":"https:\/\/www.haagh-protection.com\/wp-content\/uploads\/2015\/07\/Vlonderstrip-10-cm-breed.jpg","type":"image\/jpeg"}],"twitter_card":"summary_large_image","twitter_misc":{"Gesch\u00e4tzte Lesezeit":"2\u00a0Minuten"},"schema":{"@context":"https:\/\/schema.org","@graph":[{"@type":"WebPage","@id":"https:\/\/www.haagh-protection.com\/de\/grp-antislip\/","url":"https:\/\/www.haagh-protection.com\/de\/grp-antislip\/","name":"GRP Antirutsch-Terrassendielenstreifen kaufen? Gro\u00dfe Auswahl!","isPartOf":{"@id":"https:\/\/www.haagh-protection.com\/#website"},"primaryImageOfPage":{"@id":"https:\/\/www.haagh-protection.com\/de\/grp-antislip\/#primaryimage"},"image":{"@id":"https:\/\/www.haagh-protection.com\/de\/grp-antislip\/#primaryimage"},"thumbnailUrl":"https:\/\/www.haagh-protection.com\/wp-content\/uploads\/2015\/07\/Vlonderstrip-10-cm-breed-768x1024.jpg","datePublished":"2024-09-16T14:37:42+00:00","dateModified":"2025-04-01T09:16:40+00:00","description":"Brauchen Sie GRP Antirutsch-Terrassendielenstreifen? Sehen Sie sich jetzt die perfekte L\u00f6sung an, um rutschige Oberfl\u00e4chen wieder sicher zu machen. Schnell lieferbar!","breadcrumb":{"@id":"https:\/\/www.haagh-protection.com\/de\/grp-antislip\/#breadcrumb"},"inLanguage":"de","potentialAction":[{"@type":"ReadAction","target":["https:\/\/www.haagh-protection.com\/de\/grp-antislip\/"]}]},{"@type":"ImageObject","inLanguage":"de","@id":"https:\/\/www.haagh-protection.com\/de\/grp-antislip\/#primaryimage","url":"https:\/\/www.haagh-protection.com\/wp-content\/uploads\/2015\/07\/Vlonderstrip-10-cm-breed-768x1024.jpg","contentUrl":"https:\/\/www.haagh-protection.com\/wp-content\/uploads\/2015\/07\/Vlonderstrip-10-cm-breed-768x1024.jpg"},{"@type":"BreadcrumbList","@id":"https:\/\/www.haagh-protection.com\/de\/grp-antislip\/#breadcrumb","itemListElement":[{"@type":"ListItem","position":1,"name":"Home","item":"https:\/\/www.haagh-protection.com\/de\/haagh-protection\/"},{"@type":"ListItem","position":2,"name":"GRP Antirutsch"}]},{"@type":"WebSite","@id":"https:\/\/www.haagh-protection.com\/#website","url":"https:\/\/www.haagh-protection.com\/","name":"Haagh Protection","description":"Next level safety","publisher":{"@id":"https:\/\/www.haagh-protection.com\/#organization"},"potentialAction":[{"@type":"SearchAction","target":{"@type":"EntryPoint","urlTemplate":"https:\/\/www.haagh-protection.com\/?s={search_term_string}"},"query-input":{"@type":"PropertyValueSpecification","valueRequired":true,"valueName":"search_term_string"}}],"inLanguage":"de"},{"@type":"Organization","@id":"https:\/\/www.haagh-protection.com\/#organization","name":"Haagh-Protection B.V.","alternateName":"Haagh-Protection","url":"https:\/\/www.haagh-protection.com\/","logo":{"@type":"ImageObject","inLanguage":"de","@id":"https:\/\/www.haagh-protection.com\/#\/schema\/logo\/image\/","url":"https:\/\/www.haagh-protection.com\/wp-content\/uploads\/2015\/08\/haagh-protection-logo.png","contentUrl":"https:\/\/www.haagh-protection.com\/wp-content\/uploads\/2015\/08\/haagh-protection-logo.png","width":500,"height":185,"caption":"Haagh-Protection B.V."},"image":{"@id":"https:\/\/www.haagh-protection.com\/#\/schema\/logo\/image\/"}}]}},"_links":{"self":[{"href":"https:\/\/www.haagh-protection.com\/de\/wp-json\/wp\/v2\/pages\/37074","targetHints":{"allow":["GET"]}}],"collection":[{"href":"https:\/\/www.haagh-protection.com\/de\/wp-json\/wp\/v2\/pages"}],"about":[{"href":"https:\/\/www.haagh-protection.com\/de\/wp-json\/wp\/v2\/types\/page"}],"author":[{"embeddable":true,"href":"https:\/\/www.haagh-protection.com\/de\/wp-json\/wp\/v2\/users\/181"}],"replies":[{"embeddable":true,"href":"https:\/\/www.haagh-protection.com\/de\/wp-json\/wp\/v2\/comments?post=37074"}],"version-history":[{"count":12,"href":"https:\/\/www.haagh-protection.com\/de\/wp-json\/wp\/v2\/pages\/37074\/revisions"}],"predecessor-version":[{"id":43431,"href":"https:\/\/www.haagh-protection.com\/de\/wp-json\/wp\/v2\/pages\/37074\/revisions\/43431"}],"wp:attachment":[{"href":"https:\/\/www.haagh-protection.com\/de\/wp-json\/wp\/v2\/media?parent=37074"}],"curies":[{"name":"wp","href":"https:\/\/api.w.org\/{rel}","templated":true}]}}