{"id":42653,"date":"2016-08-02T13:44:41","date_gmt":"2016-08-02T12:44:41","guid":{"rendered":"https:\/\/www.haagh-protection.com\/retourbeleid-en-garantie\/"},"modified":"2025-03-04T12:04:14","modified_gmt":"2025-03-04T11:04:14","slug":"rueckgaberecht-und-garantie","status":"publish","type":"page","link":"https:\/\/www.haagh-protection.com\/de\/rueckgaberecht-und-garantie\/","title":{"rendered":"R\u00fcckgaberecht und Garantie"},"content":{"rendered":"\t\t<div data-elementor-type=\"wp-page\" data-elementor-id=\"42653\" class=\"elementor elementor-42653 elementor-19509\" data-elementor-post-type=\"page\">\n\t\t\t\t<div class=\"elementor-element elementor-element-5680f18 e-flex e-con-boxed e-con e-parent\" data-id=\"5680f18\" data-element_type=\"container\">\n\t\t\t\t\t<div class=\"e-con-inner\">\n\t\t\t\t<div class=\"elementor-element elementor-element-7ebbc45 elementor-widget elementor-widget-heading\" data-id=\"7ebbc45\" data-element_type=\"widget\" data-widget_type=\"heading.default\">\n\t\t\t\t<div class=\"elementor-widget-container\">\n\t\t\t\t\t<h1 class=\"elementor-heading-title elementor-size-default\">R\u00fcckgaberecht und Garantie<\/h1>\t\t\t\t<\/div>\n\t\t\t\t<\/div>\n\t\t\t\t\t<\/div>\n\t\t\t\t<\/div>\n\t\t<div class=\"elementor-element elementor-element-45d3482 e-flex e-con-boxed e-con e-parent\" data-id=\"45d3482\" data-element_type=\"container\">\n\t\t\t\t\t<div class=\"e-con-inner\">\n\t\t\t\t<div class=\"elementor-element elementor-element-6f4f21b elementor-widget elementor-widget-text-editor\" data-id=\"6f4f21b\" data-element_type=\"widget\" data-widget_type=\"text-editor.default\">\n\t\t\t\t<div class=\"elementor-widget-container\">\n\t\t\t\t\t\t\t\t\tWillkommen bei den R\u00fcckgabebedingungen und Garantieinformationen von Haagh Protection. Wir m\u00f6chten sicherstellen, dass Sie mit Ihrem Kauf vollkommen zufrieden sind. Sollten Sie aus irgendeinem Grund nicht zufrieden sein, lesen Sie bitte die unten stehenden Informationen \u00fcber die R\u00fcckgabe eines Produkts und unsere Garantiebedingungen. Unser Ziel ist es, Ihnen sowohl beim Kauf als auch nach dem Kauf eine problemlose Erfahrung zu bieten. Wenn Sie Fragen haben, sind wir immer f\u00fcr Sie da.    \n\n\t\t\t\t\t\t\t\t<\/div>\n\t\t\t\t<\/div>\n\t\t\t\t\t<\/div>\n\t\t\t\t<\/div>\n\t\t<div class=\"elementor-element elementor-element-630f2b1 e-flex e-con-boxed e-con e-parent\" data-id=\"630f2b1\" data-element_type=\"container\">\n\t\t\t\t\t<div class=\"e-con-inner\">\n\t\t\t\t<div class=\"elementor-element elementor-element-a3887a2 elementor-widget elementor-widget-heading\" data-id=\"a3887a2\" data-element_type=\"widget\" data-widget_type=\"heading.default\">\n\t\t\t\t<div class=\"elementor-widget-container\">\n\t\t\t\t\t<h2 class=\"elementor-heading-title elementor-size-default\">R\u00fcckgabebedingungen f\u00fcr Website-Bestellungen:<\/h2>\t\t\t\t<\/div>\n\t\t\t\t<\/div>\n\t\t\t\t<div class=\"elementor-element elementor-element-c5ddcea elementor-widget elementor-widget-text-editor\" data-id=\"c5ddcea\" data-element_type=\"widget\" data-widget_type=\"text-editor.default\">\n\t\t\t\t<div class=\"elementor-widget-container\">\n\t\t\t\t\t\t\t\t\t<p>Entspricht das Produkt nicht Ihren Erwartungen? Artikel, die Sie \u00fcber <a href=\"https:\/\/www.haagh-protection.com\/de\/\">www.haagh-protection.com<\/a> gekauft haben, k\u00f6nnen gegen eine vollst\u00e4ndige R\u00fcckerstattung des Kaufpreises an das entsprechende Lager zur\u00fcckgeschickt werden, wenn sie unbenutzt, originalverpackt und in verkaufsf\u00e4higem Zustand sind (dies liegt ganz im Ermessen von Haagh Protection BV). Der Preis des Artikels wird Ihnen bei Erhalt der R\u00fccksendung auf Ihr Konto zur\u00fcckerstattet, die Versandkosten werden jedoch nicht erstattet. Wenn Sie Ihr Produkt innerhalb der Bedenkzeit (14 Tage nach dem Kauf) zur\u00fcckgeben, werden alle Kosten f\u00fcr das Produkt und die bezahlten Versandkosten zur\u00fcckerstattet, aber die Versandkosten f\u00fcr die R\u00fccksendung des Produkts an uns werden nicht zur\u00fcckerstattet.  <\/p>\n\t\t\t\t\t\t\t\t<\/div>\n\t\t\t\t<\/div>\n\t\t\t\t<div class=\"elementor-element elementor-element-01069fb elementor-widget elementor-widget-heading\" data-id=\"01069fb\" data-element_type=\"widget\" data-widget_type=\"heading.default\">\n\t\t\t\t<div class=\"elementor-widget-container\">\n\t\t\t\t\t<h2 class=\"elementor-heading-title elementor-size-default\">Liefert<\/h2>\t\t\t\t<\/div>\n\t\t\t\t<\/div>\n\t\t\t\t<div class=\"elementor-element elementor-element-d2ae867 elementor-widget elementor-widget-text-editor\" data-id=\"d2ae867\" data-element_type=\"widget\" data-widget_type=\"text-editor.default\">\n\t\t\t\t<div class=\"elementor-widget-container\">\n\t\t\t\t\t\t\t\t\t<p>Sobald wir Ihre R\u00fcckgabeanforderung per E-Mail oder Telefon erhalten haben, werden wir uns in der Regel innerhalb von 2 Werktagen mit Ihnen in Verbindung setzen, um Ihnen Anweisungen und Adressdaten f\u00fcr die zur\u00fcckzusendenden Produkte mitzuteilen.<\/p>\n\t\t\t\t\t\t\t\t<\/div>\n\t\t\t\t<\/div>\n\t\t\t\t<div class=\"elementor-element elementor-element-a720313 elementor-widget elementor-widget-heading\" data-id=\"a720313\" data-element_type=\"widget\" data-widget_type=\"heading.default\">\n\t\t\t\t<div class=\"elementor-widget-container\">\n\t\t\t\t\t<h2 class=\"elementor-heading-title elementor-size-default\">Garantie<\/h2>\t\t\t\t<\/div>\n\t\t\t\t<\/div>\n\t\t\t\t<div class=\"elementor-element elementor-element-bcac894 elementor-widget elementor-widget-text-editor\" data-id=\"bcac894\" data-element_type=\"widget\" data-widget_type=\"text-editor.default\">\n\t\t\t\t<div class=\"elementor-widget-container\">\n\t\t\t\t\t\t\t\t\t<p>Wir sind bestrebt, allen unseren Kunden ein Qualit\u00e4tsprodukt zu liefern. F\u00fcr alle unsere Produkte gew\u00e4hren wir eine Garantie von mindestens einem Jahr ab Kaufdatum auf Material- und Verarbeitungsfehler. <\/p>\n<p>Wenn wir zu dem Schluss kommen, dass das Produkt einen Fabrikationsfehler aufweist, reparieren oder ersetzen wir es kostenlos f\u00fcr Sie. Die Entscheidung \u00fcber die Reparatur oder den Ersatz liegt allein bei Haagh Protection. Sch\u00e4den, die auf Missbrauch oder \u00fcberm\u00e4\u00dfige Abnutzung zur\u00fcckzuf\u00fchren sind, werden im Rahmen der Garantie nicht erstattet.  <\/p>\n<p>Da einige Teile oder Produkte nicht mehr hergestellt werden oder nicht mehr verf\u00fcgbar sind, k\u00f6nnen Ersatzteile und Produkte leichte Abweichungen im Vergleich zum defekten Teil aufweisen. Ein Kaufnachweis (Bestellformular oder Rechnung) muss allen Garantieanspr\u00fcchen beiliegen, damit das Kaufdatum \u00fcberpr\u00fcft werden kann. Wenn kein Bestellschein oder keine Rechnung beiliegt, beh\u00e4lt sich Haagh Protection das Recht vor, eine Servicegeb\u00fchr und\/oder Kosten f\u00fcr ausgetauschte\/reparierte Teile zu berechnen. F\u00fcr die R\u00fccksendung k\u00f6nnen Geb\u00fchren anfallen.   <\/p>\n<p>Haagh Protection \u00fcbernimmt keine Verantwortung f\u00fcr Folgesch\u00e4den, Personen- oder Sachsch\u00e4den, die direkt oder indirekt aus der Verwendung eines Produkts resultieren.<\/p>\n<p>Die Garantie gilt nur in dem Land, in dem das Produkt gekauft wurde.<\/p>\n\t\t\t\t\t\t\t\t<\/div>\n\t\t\t\t<\/div>\n\t\t\t\t<div class=\"elementor-element elementor-element-4766113 elementor-widget elementor-widget-heading\" data-id=\"4766113\" data-element_type=\"widget\" data-widget_type=\"heading.default\">\n\t\t\t\t<div class=\"elementor-widget-container\">\n\t\t\t\t\t<h2 class=\"elementor-heading-title elementor-size-default\">Kontaktinformationen<\/h2>\t\t\t\t<\/div>\n\t\t\t\t<\/div>\n\t\t\t\t<div class=\"elementor-element elementor-element-7e84c47 elementor-widget elementor-widget-text-editor\" data-id=\"7e84c47\" data-element_type=\"widget\" data-widget_type=\"text-editor.default\">\n\t\t\t\t<div class=\"elementor-widget-container\">\n\t\t\t\t\t\t\t\t\t<p>Wenn Sie Fragen oder Anmerkungen haben, wenden Sie sich bitte an unseren Kundenservice:<\/p>\n<p><strong>E-Mail:<\/strong> <a href=\"mailto:info@haagh-protection.com\">info@haagh-protection.com<\/a><br \/><strong>Telefon:<\/strong> +31 (0) 161 22 65 59<br \/><strong>\u00d6ffnungszeiten:<\/strong> Mo bis Fr 08:30 &#8211; 17:00<\/p>\n\t\t\t\t\t\t\t\t<\/div>\n\t\t\t\t<\/div>\n\t\t\t\t\t<\/div>\n\t\t\t\t<\/div>\n\t\t\t\t<\/div>\n\t\t","protected":false},"excerpt":{"rendered":"<p>R\u00fcckgaberecht und Garantie Willkommen bei den R\u00fcckgabebedingungen und Garantieinformationen von Haagh Protection. Wir m\u00f6chten sicherstellen, dass Sie mit Ihrem Kauf vollkommen zufrieden sind. Sollten Sie aus irgendeinem Grund nicht zufrieden sein, lesen Sie bitte die unten stehenden Informationen \u00fcber die R\u00fcckgabe eines Produkts und unsere Garantiebedingungen. Unser Ziel ist es, Ihnen sowohl beim Kauf als&hellip;<\/p>\n","protected":false},"author":6,"featured_media":0,"parent":0,"menu_order":0,"comment_status":"closed","ping_status":"closed","template":"elementor_header_footer","meta":{"footnotes":""},"class_list":["post-42653","page","type-page","status-publish","hentry"],"yoast_head":"<!-- This site is optimized with the Yoast SEO plugin v26.7 - https:\/\/yoast.com\/wordpress\/plugins\/seo\/ -->\n<title>R\u00fcckgaberecht und Garantie - Haagh Protection<\/title>\n<meta name=\"robots\" content=\"index, follow, max-snippet:-1, max-image-preview:large, max-video-preview:-1\" \/>\n<link rel=\"canonical\" href=\"https:\/\/www.haagh-protection.com\/de\/rueckgaberecht-und-garantie\/\" \/>\n<meta property=\"og:locale\" content=\"de_DE\" \/>\n<meta property=\"og:type\" content=\"article\" \/>\n<meta property=\"og:title\" content=\"R\u00fcckgaberecht und Garantie - Haagh Protection\" \/>\n<meta property=\"og:description\" content=\"R\u00fcckgaberecht und Garantie Willkommen bei den R\u00fcckgabebedingungen und Garantieinformationen von Haagh Protection. Wir m\u00f6chten sicherstellen, dass Sie mit Ihrem Kauf vollkommen zufrieden sind. Sollten Sie aus irgendeinem Grund nicht zufrieden sein, lesen Sie bitte die unten stehenden Informationen \u00fcber die R\u00fcckgabe eines Produkts und unsere Garantiebedingungen. Unser Ziel ist es, Ihnen sowohl beim Kauf als&hellip;\" \/>\n<meta property=\"og:url\" content=\"https:\/\/www.haagh-protection.com\/de\/rueckgaberecht-und-garantie\/\" \/>\n<meta property=\"og:site_name\" content=\"Haagh Protection\" \/>\n<meta property=\"article:modified_time\" content=\"2025-03-04T11:04:14+00:00\" \/>\n<meta name=\"twitter:card\" content=\"summary_large_image\" \/>\n<meta name=\"twitter:label1\" content=\"Gesch\u00e4tzte Lesezeit\" \/>\n\t<meta name=\"twitter:data1\" content=\"3\u00a0Minuten\" \/>\n<script type=\"application\/ld+json\" class=\"yoast-schema-graph\">{\"@context\":\"https:\/\/schema.org\",\"@graph\":[{\"@type\":\"WebPage\",\"@id\":\"https:\/\/www.haagh-protection.com\/de\/rueckgaberecht-und-garantie\/\",\"url\":\"https:\/\/www.haagh-protection.com\/de\/rueckgaberecht-und-garantie\/\",\"name\":\"R\u00fcckgaberecht und Garantie - Haagh Protection\",\"isPartOf\":{\"@id\":\"https:\/\/www.haagh-protection.com\/#website\"},\"datePublished\":\"2016-08-02T12:44:41+00:00\",\"dateModified\":\"2025-03-04T11:04:14+00:00\",\"breadcrumb\":{\"@id\":\"https:\/\/www.haagh-protection.com\/de\/rueckgaberecht-und-garantie\/#breadcrumb\"},\"inLanguage\":\"de\",\"potentialAction\":[{\"@type\":\"ReadAction\",\"target\":[\"https:\/\/www.haagh-protection.com\/de\/rueckgaberecht-und-garantie\/\"]}]},{\"@type\":\"BreadcrumbList\",\"@id\":\"https:\/\/www.haagh-protection.com\/de\/rueckgaberecht-und-garantie\/#breadcrumb\",\"itemListElement\":[{\"@type\":\"ListItem\",\"position\":1,\"name\":\"Home\",\"item\":\"https:\/\/www.haagh-protection.com\/de\/haagh-protection\/\"},{\"@type\":\"ListItem\",\"position\":2,\"name\":\"R\u00fcckgaberecht und Garantie\"}]},{\"@type\":\"WebSite\",\"@id\":\"https:\/\/www.haagh-protection.com\/#website\",\"url\":\"https:\/\/www.haagh-protection.com\/\",\"name\":\"Haagh Protection\",\"description\":\"Next level safety\",\"publisher\":{\"@id\":\"https:\/\/www.haagh-protection.com\/#organization\"},\"potentialAction\":[{\"@type\":\"SearchAction\",\"target\":{\"@type\":\"EntryPoint\",\"urlTemplate\":\"https:\/\/www.haagh-protection.com\/?s={search_term_string}\"},\"query-input\":{\"@type\":\"PropertyValueSpecification\",\"valueRequired\":true,\"valueName\":\"search_term_string\"}}],\"inLanguage\":\"de\"},{\"@type\":\"Organization\",\"@id\":\"https:\/\/www.haagh-protection.com\/#organization\",\"name\":\"Haagh-Protection B.V.\",\"alternateName\":\"Haagh-Protection\",\"url\":\"https:\/\/www.haagh-protection.com\/\",\"logo\":{\"@type\":\"ImageObject\",\"inLanguage\":\"de\",\"@id\":\"https:\/\/www.haagh-protection.com\/#\/schema\/logo\/image\/\",\"url\":\"https:\/\/www.haagh-protection.com\/wp-content\/uploads\/2015\/08\/haagh-protection-logo.png\",\"contentUrl\":\"https:\/\/www.haagh-protection.com\/wp-content\/uploads\/2015\/08\/haagh-protection-logo.png\",\"width\":500,\"height\":185,\"caption\":\"Haagh-Protection B.V.\"},\"image\":{\"@id\":\"https:\/\/www.haagh-protection.com\/#\/schema\/logo\/image\/\"}}]}<\/script>\n<!-- \/ Yoast SEO plugin. -->","yoast_head_json":{"title":"R\u00fcckgaberecht und Garantie - Haagh Protection","robots":{"index":"index","follow":"follow","max-snippet":"max-snippet:-1","max-image-preview":"max-image-preview:large","max-video-preview":"max-video-preview:-1"},"canonical":"https:\/\/www.haagh-protection.com\/de\/rueckgaberecht-und-garantie\/","og_locale":"de_DE","og_type":"article","og_title":"R\u00fcckgaberecht und Garantie - Haagh Protection","og_description":"R\u00fcckgaberecht und Garantie Willkommen bei den R\u00fcckgabebedingungen und Garantieinformationen von Haagh Protection. Wir m\u00f6chten sicherstellen, dass Sie mit Ihrem Kauf vollkommen zufrieden sind. Sollten Sie aus irgendeinem Grund nicht zufrieden sein, lesen Sie bitte die unten stehenden Informationen \u00fcber die R\u00fcckgabe eines Produkts und unsere Garantiebedingungen. Unser Ziel ist es, Ihnen sowohl beim Kauf als&hellip;","og_url":"https:\/\/www.haagh-protection.com\/de\/rueckgaberecht-und-garantie\/","og_site_name":"Haagh Protection","article_modified_time":"2025-03-04T11:04:14+00:00","twitter_card":"summary_large_image","twitter_misc":{"Gesch\u00e4tzte Lesezeit":"3\u00a0Minuten"},"schema":{"@context":"https:\/\/schema.org","@graph":[{"@type":"WebPage","@id":"https:\/\/www.haagh-protection.com\/de\/rueckgaberecht-und-garantie\/","url":"https:\/\/www.haagh-protection.com\/de\/rueckgaberecht-und-garantie\/","name":"R\u00fcckgaberecht und Garantie - Haagh Protection","isPartOf":{"@id":"https:\/\/www.haagh-protection.com\/#website"},"datePublished":"2016-08-02T12:44:41+00:00","dateModified":"2025-03-04T11:04:14+00:00","breadcrumb":{"@id":"https:\/\/www.haagh-protection.com\/de\/rueckgaberecht-und-garantie\/#breadcrumb"},"inLanguage":"de","potentialAction":[{"@type":"ReadAction","target":["https:\/\/www.haagh-protection.com\/de\/rueckgaberecht-und-garantie\/"]}]},{"@type":"BreadcrumbList","@id":"https:\/\/www.haagh-protection.com\/de\/rueckgaberecht-und-garantie\/#breadcrumb","itemListElement":[{"@type":"ListItem","position":1,"name":"Home","item":"https:\/\/www.haagh-protection.com\/de\/haagh-protection\/"},{"@type":"ListItem","position":2,"name":"R\u00fcckgaberecht und Garantie"}]},{"@type":"WebSite","@id":"https:\/\/www.haagh-protection.com\/#website","url":"https:\/\/www.haagh-protection.com\/","name":"Haagh Protection","description":"Next level safety","publisher":{"@id":"https:\/\/www.haagh-protection.com\/#organization"},"potentialAction":[{"@type":"SearchAction","target":{"@type":"EntryPoint","urlTemplate":"https:\/\/www.haagh-protection.com\/?s={search_term_string}"},"query-input":{"@type":"PropertyValueSpecification","valueRequired":true,"valueName":"search_term_string"}}],"inLanguage":"de"},{"@type":"Organization","@id":"https:\/\/www.haagh-protection.com\/#organization","name":"Haagh-Protection B.V.","alternateName":"Haagh-Protection","url":"https:\/\/www.haagh-protection.com\/","logo":{"@type":"ImageObject","inLanguage":"de","@id":"https:\/\/www.haagh-protection.com\/#\/schema\/logo\/image\/","url":"https:\/\/www.haagh-protection.com\/wp-content\/uploads\/2015\/08\/haagh-protection-logo.png","contentUrl":"https:\/\/www.haagh-protection.com\/wp-content\/uploads\/2015\/08\/haagh-protection-logo.png","width":500,"height":185,"caption":"Haagh-Protection B.V."},"image":{"@id":"https:\/\/www.haagh-protection.com\/#\/schema\/logo\/image\/"}}]}},"_links":{"self":[{"href":"https:\/\/www.haagh-protection.com\/de\/wp-json\/wp\/v2\/pages\/42653","targetHints":{"allow":["GET"]}}],"collection":[{"href":"https:\/\/www.haagh-protection.com\/de\/wp-json\/wp\/v2\/pages"}],"about":[{"href":"https:\/\/www.haagh-protection.com\/de\/wp-json\/wp\/v2\/types\/page"}],"author":[{"embeddable":true,"href":"https:\/\/www.haagh-protection.com\/de\/wp-json\/wp\/v2\/users\/6"}],"replies":[{"embeddable":true,"href":"https:\/\/www.haagh-protection.com\/de\/wp-json\/wp\/v2\/comments?post=42653"}],"version-history":[{"count":3,"href":"https:\/\/www.haagh-protection.com\/de\/wp-json\/wp\/v2\/pages\/42653\/revisions"}],"predecessor-version":[{"id":42659,"href":"https:\/\/www.haagh-protection.com\/de\/wp-json\/wp\/v2\/pages\/42653\/revisions\/42659"}],"wp:attachment":[{"href":"https:\/\/www.haagh-protection.com\/de\/wp-json\/wp\/v2\/media?parent=42653"}],"curies":[{"name":"wp","href":"https:\/\/api.w.org\/{rel}","templated":true}]}}