{"id":49057,"date":"2025-08-18T14:02:37","date_gmt":"2025-08-19T09:35:45","guid":{"rendered":"https:\/\/www.haagh-protection.com\/product\/variogate-mts-2200-dp-br-1600mm-edelstahl-ueberproduziert\/"},"modified":"2025-08-19T10:35:49","modified_gmt":"2025-08-19T09:35:49","slug":"variogate-mts-2200-dp-br-1600mm-edelstahl-ueberproduziert","status":"publish","type":"product","link":"https:\/\/www.haagh-protection.com\/de\/Produkt\/variogate-mts-2200-dp-br-1600mm-edelstahl-ueberproduziert\/","title":{"rendered":"Variogate MTS 2200 DP BR 1600mm Edelstahl &#8211; \u00dcberproduziert"},"content":{"rendered":"<h2 class=\"shortdescriptiontitle-h2\">Variogate MTS DP 2200 BR 1600mm Edelstahl &#8211; Zweite Chance B-Lager<\/h2>\n<p><strong>Grund B-Lager:<\/strong> \u00dcberz\u00e4hlig<\/p>\n<p>Dieses <strong>Variogate MTS DP 2200 BR 1600mm<\/strong> in Edelstahl ist als Zweite Chance B-Lager verf\u00fcgbar. Das Produkt ist technisch voll funktionsf\u00e4hig und bietet eine hervorragende L\u00f6sung f\u00fcr alle, die Sicherheit und Benutzerfreundlichkeit suchen, aber aufgrund des \u00dcberbestands einen attraktiven Preis. <\/p>\n<ul>\n<li>Typ: MTS 2200 DP<\/li>\n<li>Breite: 1.600 mm<\/li>\n<li>Material: rostfreier Stahl<\/li>\n<li>Status: Zweite Chance \/ B-Lager<\/li>\n<li>Grund B-Lager: \u00dcberz\u00e4hlig<\/li>\n<\/ul>\n<p>Perfekt f\u00fcr industrielle Anwendungen, bei denen Zuverl\u00e4ssigkeit und Qualit\u00e4t wichtig sind.<\/p>\n","protected":false},"excerpt":{"rendered":"<h2 class=\"shortdescriptiontitle-h2\">Jetzt vor\u00fcbergehend verf\u00fcgbar:<\/h2>\n<p>  Nur 1 St\u00fcck zum Verkauf zu einem stark reduzierten Preis aufgrund von \u00dcberbest\u00e4nden.<\/p>\n<p>M\u00f6chten Sie von diesem Angebot profitieren? <a href=\"mailto:info@haagh-protection.com\">Fordern Sie sofort einen Preis per E-Mail an<\/a>. <\/p>\n<h2 class=\"shortdescriptiontitle-h2\">Technische Informationen<\/h2>\n<h3 class=\"shortdescriptiontitle-h3\">Geeignet f\u00fcr Lasten<\/h3>\n<ul class=\"checklist\">\n<li class=\"onderscheid\">H\u00f6he: 2.200 mm<\/li>\n<li class=\"onderscheid\">Breite: 1.300 mm<\/li>\n<li class=\"onderscheid\">Tiefe: 1.400 mm<\/li>\n<\/ul>\n<h3 class=\"shortdescriptiontitle-h3\">Erforderlicher Einbauraum<\/h3>\n<ul class=\"checklist\">\n<li class=\"onderscheid\">H\u00f6he: 2.500 mm<\/li>\n<li class=\"onderscheid\">Breiten: 1.600 mm  <\/li>\n<li class=\"onderscheid\">Tiefe: 1.540 mm  <\/li>\n<\/ul>\n<p><em>*Diese Breiten ber\u00fccksichtigen den erforderlichen Man\u00f6vrierraum auf beiden Seiten.<\/em><\/p>\n","protected":false},"featured_media":48961,"comment_status":"closed","ping_status":"closed","template":"","meta":[],"product_brand":[],"product_cat":[1036],"product_tag":[],"class_list":{"0":"post-49057","1":"product","2":"type-product","3":"status-publish","4":"has-post-thumbnail","6":"product_cat-b-ware-kipptore","7":"futurio-has-gallery","9":"first","10":"instock","11":"taxable","12":"shipping-taxable","13":"product-type-simple"},"yoast_head":"<!-- This site is optimized with the Yoast SEO plugin v26.7 - https:\/\/yoast.com\/wordpress\/plugins\/seo\/ -->\n<title>Variogate MTS 2200 DP BR 1600mm Edelstahl - \u00dcberproduziert - Haagh Protection<\/title>\n<meta name=\"robots\" content=\"index, follow, max-snippet:-1, max-image-preview:large, max-video-preview:-1\" \/>\n<link rel=\"canonical\" href=\"https:\/\/www.haagh-protection.com\/de\/Produkt\/variogate-mts-2200-dp-br-1600mm-edelstahl-ueberproduziert\/\" \/>\n<meta property=\"og:locale\" content=\"de_DE\" \/>\n<meta property=\"og:type\" content=\"article\" \/>\n<meta property=\"og:title\" content=\"Variogate MTS 2200 DP BR 1600mm Edelstahl - \u00dcberproduziert - Haagh Protection\" \/>\n<meta property=\"og:description\" content=\"Jetzt vor\u00fcbergehend verf\u00fcgbar: Nur 1 St\u00fcck zum Verkauf zu einem stark reduzierten Preis aufgrund von \u00dcberbest\u00e4nden. M\u00f6chten Sie von diesem Angebot profitieren? Fordern Sie sofort einen Preis per E-Mail an. Technische Informationen Geeignet f\u00fcr Lasten  H\u00f6he: 2.200 mm  Breite: 1.300 mm  Tiefe: 1.400 mm Erforderlicher Einbauraum  H\u00f6he: 2.500 mm  Breiten: 1.600 mm   Tiefe: 1.540 mm  *Diese Breiten ber\u00fccksichtigen den erforderlichen Man\u00f6vrierraum auf beiden Seiten.\" \/>\n<meta property=\"og:url\" content=\"https:\/\/www.haagh-protection.com\/de\/Produkt\/variogate-mts-2200-dp-br-1600mm-edelstahl-ueberproduziert\/\" \/>\n<meta property=\"og:site_name\" content=\"Haagh Protection\" \/>\n<meta property=\"article:modified_time\" content=\"2025-08-19T09:35:49+00:00\" \/>\n<meta property=\"og:image\" content=\"https:\/\/www.haagh-protection.com\/wp-content\/uploads\/2025\/08\/Variogate-MTS-2200-DP-BR-1600mm-RVS-Tweede-kans.jpg\" \/>\n\t<meta property=\"og:image:width\" content=\"900\" \/>\n\t<meta property=\"og:image:height\" content=\"1600\" \/>\n\t<meta property=\"og:image:type\" content=\"image\/jpeg\" \/>\n<meta name=\"twitter:card\" content=\"summary_large_image\" \/>\n<script type=\"application\/ld+json\" class=\"yoast-schema-graph\">{\"@context\":\"https:\/\/schema.org\",\"@graph\":[{\"@type\":[\"WebPage\",\"ItemPage\"],\"@id\":\"https:\/\/www.haagh-protection.com\/de\/Produkt\/variogate-mts-2200-dp-br-1600mm-edelstahl-ueberproduziert\/\",\"url\":\"https:\/\/www.haagh-protection.com\/de\/Produkt\/variogate-mts-2200-dp-br-1600mm-edelstahl-ueberproduziert\/\",\"name\":\"Variogate MTS 2200 DP BR 1600mm Edelstahl - \u00dcberproduziert - Haagh Protection\",\"isPartOf\":{\"@id\":\"https:\/\/www.haagh-protection.com\/#website\"},\"primaryImageOfPage\":{\"@id\":\"https:\/\/www.haagh-protection.com\/de\/Produkt\/variogate-mts-2200-dp-br-1600mm-edelstahl-ueberproduziert\/#primaryimage\"},\"image\":{\"@id\":\"https:\/\/www.haagh-protection.com\/de\/Produkt\/variogate-mts-2200-dp-br-1600mm-edelstahl-ueberproduziert\/#primaryimage\"},\"thumbnailUrl\":\"https:\/\/www.haagh-protection.com\/wp-content\/uploads\/2025\/08\/Variogate-MTS-2200-DP-BR-1600mm-RVS-Tweede-kans.jpg\",\"datePublished\":\"2025-08-19T09:35:45+00:00\",\"dateModified\":\"2025-08-19T09:35:49+00:00\",\"breadcrumb\":{\"@id\":\"https:\/\/www.haagh-protection.com\/de\/Produkt\/variogate-mts-2200-dp-br-1600mm-edelstahl-ueberproduziert\/#breadcrumb\"},\"inLanguage\":\"de\",\"potentialAction\":[{\"@type\":\"ReadAction\",\"target\":[\"https:\/\/www.haagh-protection.com\/de\/Produkt\/variogate-mts-2200-dp-br-1600mm-edelstahl-ueberproduziert\/\"]}]},{\"@type\":\"ImageObject\",\"inLanguage\":\"de\",\"@id\":\"https:\/\/www.haagh-protection.com\/de\/Produkt\/variogate-mts-2200-dp-br-1600mm-edelstahl-ueberproduziert\/#primaryimage\",\"url\":\"https:\/\/www.haagh-protection.com\/wp-content\/uploads\/2025\/08\/Variogate-MTS-2200-DP-BR-1600mm-RVS-Tweede-kans.jpg\",\"contentUrl\":\"https:\/\/www.haagh-protection.com\/wp-content\/uploads\/2025\/08\/Variogate-MTS-2200-DP-BR-1600mm-RVS-Tweede-kans.jpg\",\"width\":900,\"height\":1600,\"caption\":\"Variogate MTS 2200 DP BR 1600mm RVS - Tweede kans\"},{\"@type\":\"BreadcrumbList\",\"@id\":\"https:\/\/www.haagh-protection.com\/de\/Produkt\/variogate-mts-2200-dp-br-1600mm-edelstahl-ueberproduziert\/#breadcrumb\",\"itemListElement\":[{\"@type\":\"ListItem\",\"position\":1,\"name\":\"Home\",\"item\":\"https:\/\/www.haagh-protection.com\/de\/haagh-protection\/\"},{\"@type\":\"ListItem\",\"position\":2,\"name\":\"Shop\",\"item\":\"https:\/\/www.haagh-protection.com\/de\/shop\/\"},{\"@type\":\"ListItem\",\"position\":3,\"name\":\"Variogate MTS 2200 DP BR 1600mm Edelstahl &#8211; \u00dcberproduziert\"}]},{\"@type\":\"WebSite\",\"@id\":\"https:\/\/www.haagh-protection.com\/#website\",\"url\":\"https:\/\/www.haagh-protection.com\/\",\"name\":\"Haagh Protection\",\"description\":\"Next level safety\",\"publisher\":{\"@id\":\"https:\/\/www.haagh-protection.com\/#organization\"},\"potentialAction\":[{\"@type\":\"SearchAction\",\"target\":{\"@type\":\"EntryPoint\",\"urlTemplate\":\"https:\/\/www.haagh-protection.com\/?s={search_term_string}\"},\"query-input\":{\"@type\":\"PropertyValueSpecification\",\"valueRequired\":true,\"valueName\":\"search_term_string\"}}],\"inLanguage\":\"de\"},{\"@type\":\"Organization\",\"@id\":\"https:\/\/www.haagh-protection.com\/#organization\",\"name\":\"Haagh-Protection B.V.\",\"alternateName\":\"Haagh-Protection\",\"url\":\"https:\/\/www.haagh-protection.com\/\",\"logo\":{\"@type\":\"ImageObject\",\"inLanguage\":\"de\",\"@id\":\"https:\/\/www.haagh-protection.com\/#\/schema\/logo\/image\/\",\"url\":\"https:\/\/www.haagh-protection.com\/wp-content\/uploads\/2015\/08\/haagh-protection-logo.png\",\"contentUrl\":\"https:\/\/www.haagh-protection.com\/wp-content\/uploads\/2015\/08\/haagh-protection-logo.png\",\"width\":500,\"height\":185,\"caption\":\"Haagh-Protection B.V.\"},\"image\":{\"@id\":\"https:\/\/www.haagh-protection.com\/#\/schema\/logo\/image\/\"}}]}<\/script>\n<!-- \/ Yoast SEO plugin. -->","yoast_head_json":{"title":"Variogate MTS 2200 DP BR 1600mm Edelstahl - \u00dcberproduziert - Haagh Protection","robots":{"index":"index","follow":"follow","max-snippet":"max-snippet:-1","max-image-preview":"max-image-preview:large","max-video-preview":"max-video-preview:-1"},"canonical":"https:\/\/www.haagh-protection.com\/de\/Produkt\/variogate-mts-2200-dp-br-1600mm-edelstahl-ueberproduziert\/","og_locale":"de_DE","og_type":"article","og_title":"Variogate MTS 2200 DP BR 1600mm Edelstahl - \u00dcberproduziert - Haagh Protection","og_description":"Jetzt vor\u00fcbergehend verf\u00fcgbar: Nur 1 St\u00fcck zum Verkauf zu einem stark reduzierten Preis aufgrund von \u00dcberbest\u00e4nden. M\u00f6chten Sie von diesem Angebot profitieren? Fordern Sie sofort einen Preis per E-Mail an. Technische Informationen Geeignet f\u00fcr Lasten  H\u00f6he: 2.200 mm  Breite: 1.300 mm  Tiefe: 1.400 mm Erforderlicher Einbauraum  H\u00f6he: 2.500 mm  Breiten: 1.600 mm   Tiefe: 1.540 mm  *Diese Breiten ber\u00fccksichtigen den erforderlichen Man\u00f6vrierraum auf beiden Seiten.","og_url":"https:\/\/www.haagh-protection.com\/de\/Produkt\/variogate-mts-2200-dp-br-1600mm-edelstahl-ueberproduziert\/","og_site_name":"Haagh Protection","article_modified_time":"2025-08-19T09:35:49+00:00","og_image":[{"width":900,"height":1600,"url":"https:\/\/www.haagh-protection.com\/wp-content\/uploads\/2025\/08\/Variogate-MTS-2200-DP-BR-1600mm-RVS-Tweede-kans.jpg","type":"image\/jpeg"}],"twitter_card":"summary_large_image","schema":{"@context":"https:\/\/schema.org","@graph":[{"@type":["WebPage","ItemPage"],"@id":"https:\/\/www.haagh-protection.com\/de\/Produkt\/variogate-mts-2200-dp-br-1600mm-edelstahl-ueberproduziert\/","url":"https:\/\/www.haagh-protection.com\/de\/Produkt\/variogate-mts-2200-dp-br-1600mm-edelstahl-ueberproduziert\/","name":"Variogate MTS 2200 DP BR 1600mm Edelstahl - \u00dcberproduziert - Haagh Protection","isPartOf":{"@id":"https:\/\/www.haagh-protection.com\/#website"},"primaryImageOfPage":{"@id":"https:\/\/www.haagh-protection.com\/de\/Produkt\/variogate-mts-2200-dp-br-1600mm-edelstahl-ueberproduziert\/#primaryimage"},"image":{"@id":"https:\/\/www.haagh-protection.com\/de\/Produkt\/variogate-mts-2200-dp-br-1600mm-edelstahl-ueberproduziert\/#primaryimage"},"thumbnailUrl":"https:\/\/www.haagh-protection.com\/wp-content\/uploads\/2025\/08\/Variogate-MTS-2200-DP-BR-1600mm-RVS-Tweede-kans.jpg","datePublished":"2025-08-19T09:35:45+00:00","dateModified":"2025-08-19T09:35:49+00:00","breadcrumb":{"@id":"https:\/\/www.haagh-protection.com\/de\/Produkt\/variogate-mts-2200-dp-br-1600mm-edelstahl-ueberproduziert\/#breadcrumb"},"inLanguage":"de","potentialAction":[{"@type":"ReadAction","target":["https:\/\/www.haagh-protection.com\/de\/Produkt\/variogate-mts-2200-dp-br-1600mm-edelstahl-ueberproduziert\/"]}]},{"@type":"ImageObject","inLanguage":"de","@id":"https:\/\/www.haagh-protection.com\/de\/Produkt\/variogate-mts-2200-dp-br-1600mm-edelstahl-ueberproduziert\/#primaryimage","url":"https:\/\/www.haagh-protection.com\/wp-content\/uploads\/2025\/08\/Variogate-MTS-2200-DP-BR-1600mm-RVS-Tweede-kans.jpg","contentUrl":"https:\/\/www.haagh-protection.com\/wp-content\/uploads\/2025\/08\/Variogate-MTS-2200-DP-BR-1600mm-RVS-Tweede-kans.jpg","width":900,"height":1600,"caption":"Variogate MTS 2200 DP BR 1600mm RVS - Tweede kans"},{"@type":"BreadcrumbList","@id":"https:\/\/www.haagh-protection.com\/de\/Produkt\/variogate-mts-2200-dp-br-1600mm-edelstahl-ueberproduziert\/#breadcrumb","itemListElement":[{"@type":"ListItem","position":1,"name":"Home","item":"https:\/\/www.haagh-protection.com\/de\/haagh-protection\/"},{"@type":"ListItem","position":2,"name":"Shop","item":"https:\/\/www.haagh-protection.com\/de\/shop\/"},{"@type":"ListItem","position":3,"name":"Variogate MTS 2200 DP BR 1600mm Edelstahl &#8211; \u00dcberproduziert"}]},{"@type":"WebSite","@id":"https:\/\/www.haagh-protection.com\/#website","url":"https:\/\/www.haagh-protection.com\/","name":"Haagh Protection","description":"Next level safety","publisher":{"@id":"https:\/\/www.haagh-protection.com\/#organization"},"potentialAction":[{"@type":"SearchAction","target":{"@type":"EntryPoint","urlTemplate":"https:\/\/www.haagh-protection.com\/?s={search_term_string}"},"query-input":{"@type":"PropertyValueSpecification","valueRequired":true,"valueName":"search_term_string"}}],"inLanguage":"de"},{"@type":"Organization","@id":"https:\/\/www.haagh-protection.com\/#organization","name":"Haagh-Protection B.V.","alternateName":"Haagh-Protection","url":"https:\/\/www.haagh-protection.com\/","logo":{"@type":"ImageObject","inLanguage":"de","@id":"https:\/\/www.haagh-protection.com\/#\/schema\/logo\/image\/","url":"https:\/\/www.haagh-protection.com\/wp-content\/uploads\/2015\/08\/haagh-protection-logo.png","contentUrl":"https:\/\/www.haagh-protection.com\/wp-content\/uploads\/2015\/08\/haagh-protection-logo.png","width":500,"height":185,"caption":"Haagh-Protection B.V."},"image":{"@id":"https:\/\/www.haagh-protection.com\/#\/schema\/logo\/image\/"}}]}},"_links":{"self":[{"href":"https:\/\/www.haagh-protection.com\/de\/wp-json\/wp\/v2\/product\/49057","targetHints":{"allow":["GET"]}}],"collection":[{"href":"https:\/\/www.haagh-protection.com\/de\/wp-json\/wp\/v2\/product"}],"about":[{"href":"https:\/\/www.haagh-protection.com\/de\/wp-json\/wp\/v2\/types\/product"}],"replies":[{"embeddable":true,"href":"https:\/\/www.haagh-protection.com\/de\/wp-json\/wp\/v2\/comments?post=49057"}],"wp:featuredmedia":[{"embeddable":true,"href":"https:\/\/www.haagh-protection.com\/de\/wp-json\/wp\/v2\/media\/48961"}],"wp:attachment":[{"href":"https:\/\/www.haagh-protection.com\/de\/wp-json\/wp\/v2\/media?parent=49057"}],"wp:term":[{"taxonomy":"product_brand","embeddable":true,"href":"https:\/\/www.haagh-protection.com\/de\/wp-json\/wp\/v2\/product_brand?post=49057"},{"taxonomy":"product_cat","embeddable":true,"href":"https:\/\/www.haagh-protection.com\/de\/wp-json\/wp\/v2\/product_cat?post=49057"},{"taxonomy":"product_tag","embeddable":true,"href":"https:\/\/www.haagh-protection.com\/de\/wp-json\/wp\/v2\/product_tag?post=49057"}],"curies":[{"name":"wp","href":"https:\/\/api.w.org\/{rel}","templated":true}]}}