{"id":49266,"date":"2025-08-18T14:02:38","date_gmt":"2025-08-28T13:14:32","guid":{"rendered":"https:\/\/www.haagh-protection.com\/product\/variogate-30hi-br-1600-mm-dp-1700-mm-ral-1028-ausstellungsgeraet\/"},"modified":"2025-08-28T14:14:56","modified_gmt":"2025-08-28T13:14:56","slug":"variogate-30hi-br-1600-mm-dp-1700-mm-ral-1028-ausstellungsgeraet","status":"publish","type":"product","link":"https:\/\/www.haagh-protection.com\/de\/Produkt\/variogate-30hi-br-1600-mm-dp-1700-mm-ral-1028-ausstellungsgeraet\/","title":{"rendered":"Variogate 30HI &#8211; BR 1600 mm DP 1700 mm RAL 1028 &#8211; Ausstellungsger\u00e4t"},"content":{"rendered":"<h2 class=\"shortdescriptiontitle-h2\">Variogate 30HI &#8211; BR 1600 mm DP 1700 mm RAL 1028 &#8211; Zweite Chance B-Lager<\/h2>\n<p><strong>Grund B-Lager:<\/strong> Ausstellungsger\u00e4t, leichte Montagespuren<\/p>\n<p>Dieses <strong>Variogate 30HI<\/strong> mit einer Breite von 1600 mm und einer Tiefe von 1700 mm in RAL 1028 ist als Zweite Chance B-Lager verf\u00fcgbar. Das Produkt ist technisch voll funktionsf\u00e4hig und funktioniert einwandfrei, weist aber leichte Montagespuren auf, da es zuvor als Ausstellungsmodell verwendet wurde. Eine ideale Wahl f\u00fcr alle, die auf der Suche nach Sicherheit und Zuverl\u00e4ssigkeit zu einem g\u00fcnstigen Preis sind.  <\/p>\n<ul>\n<li>Typ: Variogate 30HI<\/li>\n<li>Breite: 1.600 mm<\/li>\n<li>Durchgang: 1.700 mm<\/li>\n<li>Farbe: RAL 1028<\/li>\n<li>Status: Zweite Chance \/ B-Lager<\/li>\n<li>Grund B-Lager: Ausstellungsger\u00e4t, leichte Montagespuren<\/li>\n<\/ul>\n<p>Perfekt f\u00fcr industrielle und kommerzielle Anwendungen, bei denen der Einsatz und die Sicherheit in der H\u00f6he wichtig sind.<\/p>\n","protected":false},"excerpt":{"rendered":"<h2 class=\"shortdescriptiontitle-h2\">Vor\u00fcbergehend verf\u00fcgbar:<\/h2>\n<p>  Nur 1 St\u00fcck zu einem stark reduzierten Preis verf\u00fcgbar, da es sich um ein faires Ger\u00e4t mit leichten Montagespuren handelt.<\/p>\n<p>Interessiert? <a href=\"mailto:info@haagh-protection.com\">Fordern Sie direkt per E-Mail einen Preis an<\/a>. <\/p>\n<h2 class=\"shortdescriptiontitle-h2\">Technische Informationen<\/h2>\n<p>Das Schiebe-Klapp-Modell ist eine Variante der Variogate 30-Schneidel\u00f6sung und eignet sich ideal f\u00fcr den Einsatz in Situationen, in denen neben der verf\u00fcgbaren Tiefe hinter der Lade\u00f6ffnung auch die Gesamth\u00f6he begrenzt ist.<\/p>\n<h3 class=\"shortdescriptiontitle-h3\">Geeignet f\u00fcr Lasten<\/h3>\n<ul class=\"checklist\">\n<li class=\"onderscheid\">H\u00f6he: 1.650 mm<\/li>\n<li class=\"onderscheid\">Breite: 1.200 mm<\/li>\n<li class=\"onderscheid\">Tiefe: 1.200 mm<\/li>\n<\/ul>\n<h3 class=\"shortdescriptiontitle-h3\">Erforderlicher Einbauraum<\/h3>\n<ul class=\"checklist\">\n<li class=\"onderscheid\">H\u00f6he: 2.650 mm  <\/li>\n<li class=\"onderscheid\">Breiten: 1.600 mm  <\/li>\n<li class=\"onderscheid\">Tiefe: 1.700 mm  <\/li>\n<li class=\"subonderscheid\">&#8211; Zusammengeklappt: 505 mm\n<\/ul>\n<p><em>*Diese Breiten ber\u00fccksichtigen den erforderlichen Man\u00f6vrierraum auf beiden Seiten.<\/em><\/p>\n","protected":false},"featured_media":48949,"comment_status":"closed","ping_status":"closed","template":"","meta":[],"product_brand":[],"product_cat":[1036],"product_tag":[],"class_list":{"0":"post-49266","1":"product","2":"type-product","3":"status-publish","4":"has-post-thumbnail","6":"product_cat-b-ware-kipptore","8":"first","9":"instock","10":"taxable","11":"shipping-taxable","12":"product-type-simple"},"yoast_head":"<!-- This site is optimized with the Yoast SEO plugin v26.7 - https:\/\/yoast.com\/wordpress\/plugins\/seo\/ -->\n<title>Variogate 30HI - BR 1600 mm DP 1700 mm RAL 1028 - Ausstellungsger\u00e4t - Haagh Protection<\/title>\n<meta name=\"robots\" content=\"index, follow, max-snippet:-1, max-image-preview:large, max-video-preview:-1\" \/>\n<link rel=\"canonical\" href=\"https:\/\/www.haagh-protection.com\/de\/Produkt\/variogate-30hi-br-1600-mm-dp-1700-mm-ral-1028-ausstellungsgeraet\/\" \/>\n<meta property=\"og:locale\" content=\"de_DE\" \/>\n<meta property=\"og:type\" content=\"article\" \/>\n<meta property=\"og:title\" content=\"Variogate 30HI - BR 1600 mm DP 1700 mm RAL 1028 - Ausstellungsger\u00e4t - Haagh Protection\" \/>\n<meta property=\"og:description\" content=\"Vor\u00fcbergehend verf\u00fcgbar: Nur 1 St\u00fcck zu einem stark reduzierten Preis verf\u00fcgbar, da es sich um ein faires Ger\u00e4t mit leichten Montagespuren handelt. Interessiert? Fordern Sie direkt per E-Mail einen Preis an. Technische Informationen Das Schiebe-Klapp-Modell ist eine Variante der Variogate 30-Schneidel\u00f6sung und eignet sich ideal f\u00fcr den Einsatz in Situationen, in denen neben der verf\u00fcgbaren Tiefe hinter der Lade\u00f6ffnung auch die Gesamth\u00f6he begrenzt ist. Geeignet f\u00fcr Lasten  H\u00f6he: 1.650 mm  Breite: 1.200 mm  Tiefe: 1.200 mm Erforderlicher Einbauraum  H\u00f6he: 2.650 mm   Breiten: 1.600 mm   Tiefe: 1.700 mm      - Zusammengeklappt: 505 mm *Diese Breiten ber\u00fccksichtigen den erforderlichen Man\u00f6vrierraum auf beiden Seiten.\" \/>\n<meta property=\"og:url\" content=\"https:\/\/www.haagh-protection.com\/de\/Produkt\/variogate-30hi-br-1600-mm-dp-1700-mm-ral-1028-ausstellungsgeraet\/\" \/>\n<meta property=\"og:site_name\" content=\"Haagh Protection\" \/>\n<meta property=\"article:modified_time\" content=\"2025-08-28T13:14:56+00:00\" \/>\n<meta property=\"og:image\" content=\"https:\/\/www.haagh-protection.com\/wp-content\/uploads\/2025\/08\/Variogate-30-HI-Tweede-kans.webp\" \/>\n\t<meta property=\"og:image:width\" content=\"500\" \/>\n\t<meta property=\"og:image:height\" content=\"667\" \/>\n\t<meta property=\"og:image:type\" content=\"image\/webp\" \/>\n<meta name=\"twitter:card\" content=\"summary_large_image\" \/>\n<meta name=\"twitter:label1\" content=\"Gesch\u00e4tzte Lesezeit\" \/>\n\t<meta name=\"twitter:data1\" content=\"1\u00a0Minute\" \/>\n<script type=\"application\/ld+json\" class=\"yoast-schema-graph\">{\"@context\":\"https:\/\/schema.org\",\"@graph\":[{\"@type\":[\"WebPage\",\"ItemPage\"],\"@id\":\"https:\/\/www.haagh-protection.com\/de\/Produkt\/variogate-30hi-br-1600-mm-dp-1700-mm-ral-1028-ausstellungsgeraet\/\",\"url\":\"https:\/\/www.haagh-protection.com\/de\/Produkt\/variogate-30hi-br-1600-mm-dp-1700-mm-ral-1028-ausstellungsgeraet\/\",\"name\":\"Variogate 30HI - BR 1600 mm DP 1700 mm RAL 1028 - Ausstellungsger\u00e4t - Haagh Protection\",\"isPartOf\":{\"@id\":\"https:\/\/www.haagh-protection.com\/#website\"},\"primaryImageOfPage\":{\"@id\":\"https:\/\/www.haagh-protection.com\/de\/Produkt\/variogate-30hi-br-1600-mm-dp-1700-mm-ral-1028-ausstellungsgeraet\/#primaryimage\"},\"image\":{\"@id\":\"https:\/\/www.haagh-protection.com\/de\/Produkt\/variogate-30hi-br-1600-mm-dp-1700-mm-ral-1028-ausstellungsgeraet\/#primaryimage\"},\"thumbnailUrl\":\"https:\/\/www.haagh-protection.com\/wp-content\/uploads\/2025\/08\/Variogate-30-HI-Tweede-kans.webp\",\"datePublished\":\"2025-08-28T13:14:32+00:00\",\"dateModified\":\"2025-08-28T13:14:56+00:00\",\"breadcrumb\":{\"@id\":\"https:\/\/www.haagh-protection.com\/de\/Produkt\/variogate-30hi-br-1600-mm-dp-1700-mm-ral-1028-ausstellungsgeraet\/#breadcrumb\"},\"inLanguage\":\"de\",\"potentialAction\":[{\"@type\":\"ReadAction\",\"target\":[\"https:\/\/www.haagh-protection.com\/de\/Produkt\/variogate-30hi-br-1600-mm-dp-1700-mm-ral-1028-ausstellungsgeraet\/\"]}]},{\"@type\":\"ImageObject\",\"inLanguage\":\"de\",\"@id\":\"https:\/\/www.haagh-protection.com\/de\/Produkt\/variogate-30hi-br-1600-mm-dp-1700-mm-ral-1028-ausstellungsgeraet\/#primaryimage\",\"url\":\"https:\/\/www.haagh-protection.com\/wp-content\/uploads\/2025\/08\/Variogate-30-HI-Tweede-kans.webp\",\"contentUrl\":\"https:\/\/www.haagh-protection.com\/wp-content\/uploads\/2025\/08\/Variogate-30-HI-Tweede-kans.webp\",\"width\":500,\"height\":667,\"caption\":\"Variogate-30-HI-Tweede-kans\"},{\"@type\":\"BreadcrumbList\",\"@id\":\"https:\/\/www.haagh-protection.com\/de\/Produkt\/variogate-30hi-br-1600-mm-dp-1700-mm-ral-1028-ausstellungsgeraet\/#breadcrumb\",\"itemListElement\":[{\"@type\":\"ListItem\",\"position\":1,\"name\":\"Home\",\"item\":\"https:\/\/www.haagh-protection.com\/de\/haagh-protection\/\"},{\"@type\":\"ListItem\",\"position\":2,\"name\":\"Shop\",\"item\":\"https:\/\/www.haagh-protection.com\/de\/shop\/\"},{\"@type\":\"ListItem\",\"position\":3,\"name\":\"Variogate 30HI &#8211; BR 1600 mm DP 1700 mm RAL 1028 &#8211; Ausstellungsger\u00e4t\"}]},{\"@type\":\"WebSite\",\"@id\":\"https:\/\/www.haagh-protection.com\/#website\",\"url\":\"https:\/\/www.haagh-protection.com\/\",\"name\":\"Haagh Protection\",\"description\":\"Next level safety\",\"publisher\":{\"@id\":\"https:\/\/www.haagh-protection.com\/#organization\"},\"potentialAction\":[{\"@type\":\"SearchAction\",\"target\":{\"@type\":\"EntryPoint\",\"urlTemplate\":\"https:\/\/www.haagh-protection.com\/?s={search_term_string}\"},\"query-input\":{\"@type\":\"PropertyValueSpecification\",\"valueRequired\":true,\"valueName\":\"search_term_string\"}}],\"inLanguage\":\"de\"},{\"@type\":\"Organization\",\"@id\":\"https:\/\/www.haagh-protection.com\/#organization\",\"name\":\"Haagh-Protection B.V.\",\"alternateName\":\"Haagh-Protection\",\"url\":\"https:\/\/www.haagh-protection.com\/\",\"logo\":{\"@type\":\"ImageObject\",\"inLanguage\":\"de\",\"@id\":\"https:\/\/www.haagh-protection.com\/#\/schema\/logo\/image\/\",\"url\":\"https:\/\/www.haagh-protection.com\/wp-content\/uploads\/2015\/08\/haagh-protection-logo.png\",\"contentUrl\":\"https:\/\/www.haagh-protection.com\/wp-content\/uploads\/2015\/08\/haagh-protection-logo.png\",\"width\":500,\"height\":185,\"caption\":\"Haagh-Protection B.V.\"},\"image\":{\"@id\":\"https:\/\/www.haagh-protection.com\/#\/schema\/logo\/image\/\"}}]}<\/script>\n<!-- \/ Yoast SEO plugin. -->","yoast_head_json":{"title":"Variogate 30HI - BR 1600 mm DP 1700 mm RAL 1028 - Ausstellungsger\u00e4t - Haagh Protection","robots":{"index":"index","follow":"follow","max-snippet":"max-snippet:-1","max-image-preview":"max-image-preview:large","max-video-preview":"max-video-preview:-1"},"canonical":"https:\/\/www.haagh-protection.com\/de\/Produkt\/variogate-30hi-br-1600-mm-dp-1700-mm-ral-1028-ausstellungsgeraet\/","og_locale":"de_DE","og_type":"article","og_title":"Variogate 30HI - BR 1600 mm DP 1700 mm RAL 1028 - Ausstellungsger\u00e4t - Haagh Protection","og_description":"Vor\u00fcbergehend verf\u00fcgbar: Nur 1 St\u00fcck zu einem stark reduzierten Preis verf\u00fcgbar, da es sich um ein faires Ger\u00e4t mit leichten Montagespuren handelt. Interessiert? Fordern Sie direkt per E-Mail einen Preis an. Technische Informationen Das Schiebe-Klapp-Modell ist eine Variante der Variogate 30-Schneidel\u00f6sung und eignet sich ideal f\u00fcr den Einsatz in Situationen, in denen neben der verf\u00fcgbaren Tiefe hinter der Lade\u00f6ffnung auch die Gesamth\u00f6he begrenzt ist. Geeignet f\u00fcr Lasten  H\u00f6he: 1.650 mm  Breite: 1.200 mm  Tiefe: 1.200 mm Erforderlicher Einbauraum  H\u00f6he: 2.650 mm   Breiten: 1.600 mm   Tiefe: 1.700 mm      - Zusammengeklappt: 505 mm *Diese Breiten ber\u00fccksichtigen den erforderlichen Man\u00f6vrierraum auf beiden Seiten.","og_url":"https:\/\/www.haagh-protection.com\/de\/Produkt\/variogate-30hi-br-1600-mm-dp-1700-mm-ral-1028-ausstellungsgeraet\/","og_site_name":"Haagh Protection","article_modified_time":"2025-08-28T13:14:56+00:00","og_image":[{"width":500,"height":667,"url":"https:\/\/www.haagh-protection.com\/wp-content\/uploads\/2025\/08\/Variogate-30-HI-Tweede-kans.webp","type":"image\/webp"}],"twitter_card":"summary_large_image","twitter_misc":{"Gesch\u00e4tzte Lesezeit":"1\u00a0Minute"},"schema":{"@context":"https:\/\/schema.org","@graph":[{"@type":["WebPage","ItemPage"],"@id":"https:\/\/www.haagh-protection.com\/de\/Produkt\/variogate-30hi-br-1600-mm-dp-1700-mm-ral-1028-ausstellungsgeraet\/","url":"https:\/\/www.haagh-protection.com\/de\/Produkt\/variogate-30hi-br-1600-mm-dp-1700-mm-ral-1028-ausstellungsgeraet\/","name":"Variogate 30HI - BR 1600 mm DP 1700 mm RAL 1028 - Ausstellungsger\u00e4t - Haagh Protection","isPartOf":{"@id":"https:\/\/www.haagh-protection.com\/#website"},"primaryImageOfPage":{"@id":"https:\/\/www.haagh-protection.com\/de\/Produkt\/variogate-30hi-br-1600-mm-dp-1700-mm-ral-1028-ausstellungsgeraet\/#primaryimage"},"image":{"@id":"https:\/\/www.haagh-protection.com\/de\/Produkt\/variogate-30hi-br-1600-mm-dp-1700-mm-ral-1028-ausstellungsgeraet\/#primaryimage"},"thumbnailUrl":"https:\/\/www.haagh-protection.com\/wp-content\/uploads\/2025\/08\/Variogate-30-HI-Tweede-kans.webp","datePublished":"2025-08-28T13:14:32+00:00","dateModified":"2025-08-28T13:14:56+00:00","breadcrumb":{"@id":"https:\/\/www.haagh-protection.com\/de\/Produkt\/variogate-30hi-br-1600-mm-dp-1700-mm-ral-1028-ausstellungsgeraet\/#breadcrumb"},"inLanguage":"de","potentialAction":[{"@type":"ReadAction","target":["https:\/\/www.haagh-protection.com\/de\/Produkt\/variogate-30hi-br-1600-mm-dp-1700-mm-ral-1028-ausstellungsgeraet\/"]}]},{"@type":"ImageObject","inLanguage":"de","@id":"https:\/\/www.haagh-protection.com\/de\/Produkt\/variogate-30hi-br-1600-mm-dp-1700-mm-ral-1028-ausstellungsgeraet\/#primaryimage","url":"https:\/\/www.haagh-protection.com\/wp-content\/uploads\/2025\/08\/Variogate-30-HI-Tweede-kans.webp","contentUrl":"https:\/\/www.haagh-protection.com\/wp-content\/uploads\/2025\/08\/Variogate-30-HI-Tweede-kans.webp","width":500,"height":667,"caption":"Variogate-30-HI-Tweede-kans"},{"@type":"BreadcrumbList","@id":"https:\/\/www.haagh-protection.com\/de\/Produkt\/variogate-30hi-br-1600-mm-dp-1700-mm-ral-1028-ausstellungsgeraet\/#breadcrumb","itemListElement":[{"@type":"ListItem","position":1,"name":"Home","item":"https:\/\/www.haagh-protection.com\/de\/haagh-protection\/"},{"@type":"ListItem","position":2,"name":"Shop","item":"https:\/\/www.haagh-protection.com\/de\/shop\/"},{"@type":"ListItem","position":3,"name":"Variogate 30HI &#8211; BR 1600 mm DP 1700 mm RAL 1028 &#8211; Ausstellungsger\u00e4t"}]},{"@type":"WebSite","@id":"https:\/\/www.haagh-protection.com\/#website","url":"https:\/\/www.haagh-protection.com\/","name":"Haagh Protection","description":"Next level safety","publisher":{"@id":"https:\/\/www.haagh-protection.com\/#organization"},"potentialAction":[{"@type":"SearchAction","target":{"@type":"EntryPoint","urlTemplate":"https:\/\/www.haagh-protection.com\/?s={search_term_string}"},"query-input":{"@type":"PropertyValueSpecification","valueRequired":true,"valueName":"search_term_string"}}],"inLanguage":"de"},{"@type":"Organization","@id":"https:\/\/www.haagh-protection.com\/#organization","name":"Haagh-Protection B.V.","alternateName":"Haagh-Protection","url":"https:\/\/www.haagh-protection.com\/","logo":{"@type":"ImageObject","inLanguage":"de","@id":"https:\/\/www.haagh-protection.com\/#\/schema\/logo\/image\/","url":"https:\/\/www.haagh-protection.com\/wp-content\/uploads\/2015\/08\/haagh-protection-logo.png","contentUrl":"https:\/\/www.haagh-protection.com\/wp-content\/uploads\/2015\/08\/haagh-protection-logo.png","width":500,"height":185,"caption":"Haagh-Protection B.V."},"image":{"@id":"https:\/\/www.haagh-protection.com\/#\/schema\/logo\/image\/"}}]}},"_links":{"self":[{"href":"https:\/\/www.haagh-protection.com\/de\/wp-json\/wp\/v2\/product\/49266","targetHints":{"allow":["GET"]}}],"collection":[{"href":"https:\/\/www.haagh-protection.com\/de\/wp-json\/wp\/v2\/product"}],"about":[{"href":"https:\/\/www.haagh-protection.com\/de\/wp-json\/wp\/v2\/types\/product"}],"replies":[{"embeddable":true,"href":"https:\/\/www.haagh-protection.com\/de\/wp-json\/wp\/v2\/comments?post=49266"}],"wp:featuredmedia":[{"embeddable":true,"href":"https:\/\/www.haagh-protection.com\/de\/wp-json\/wp\/v2\/media\/48949"}],"wp:attachment":[{"href":"https:\/\/www.haagh-protection.com\/de\/wp-json\/wp\/v2\/media?parent=49266"}],"wp:term":[{"taxonomy":"product_brand","embeddable":true,"href":"https:\/\/www.haagh-protection.com\/de\/wp-json\/wp\/v2\/product_brand?post=49266"},{"taxonomy":"product_cat","embeddable":true,"href":"https:\/\/www.haagh-protection.com\/de\/wp-json\/wp\/v2\/product_cat?post=49266"},{"taxonomy":"product_tag","embeddable":true,"href":"https:\/\/www.haagh-protection.com\/de\/wp-json\/wp\/v2\/product_tag?post=49266"}],"curies":[{"name":"wp","href":"https:\/\/api.w.org\/{rel}","templated":true}]}}