{"id":49267,"date":"2025-08-18T14:02:38","date_gmt":"2025-08-28T13:15:26","guid":{"rendered":"https:\/\/www.haagh-protection.com\/product\/variogate-180-br-1600mm-dp1-1600mm-ral-1028-schrankposition-links-feststehende-arme-ausstellungsstueck\/"},"modified":"2025-08-28T14:15:26","modified_gmt":"2025-08-28T13:15:26","slug":"variogate-180-br-1600mm-dp1-1600mm-ral-1028-schrankposition-links-feststehende-arme-ausstellungsstueck","status":"publish","type":"product","link":"https:\/\/www.haagh-protection.com\/de\/Produkt\/variogate-180-br-1600mm-dp1-1600mm-ral-1028-schrankposition-links-feststehende-arme-ausstellungsstueck\/","title":{"rendered":"Variogate 180 &#8211; BR 1600mm DP1 1600mm RAL 1028 Schrankposition Links Feststehende Arme &#8211; Ausstellungsst\u00fcck"},"content":{"rendered":"<h2 class=\"shortdescriptiontitle-h2\">Variogate 180 &#8211; BR 1600 mm DP1 1600 mm RAL 1028 Schrankposition Links Feststehende Arme &#8211; Zweite Chance B-Lager<\/h2>\n<p><strong>Grund B-Lager:<\/strong> Ausstellungsger\u00e4t, leichte Montagespuren<\/p>\n<p>Dieser <strong>Variogate 180<\/strong> mit einer Breite von 1600 mm x 1600 mm, in RAL 1028 und mit Schrankposition links und festen Armen ist als <em>Zweite Chance B-Lager<\/em> verf\u00fcgbar. Das Produkt ist technisch voll funktionst\u00fcchtig, weist aber leichte Montagespuren auf, da es zuvor als Ausstellungsmodell verwendet wurde. Eine ausgezeichnete Wahl f\u00fcr diejenigen, die Zuverl\u00e4ssigkeit und Qualit\u00e4t zu einem attraktiven Preis suchen.  <\/p>\n<ul>\n<li>Typ: Variogate 180<\/li>\n<li>Breite: 1.600 mm<\/li>\n<li>Durchgang: 1.600 mm<\/li>\n<li>Farbe: RAL 1028<\/li>\n<li>Position im Kabinett: Links<\/li>\n<li>Arme: Feststehend<\/li>\n<li>Status: Zweite Chance \/ B-Lager<\/li>\n<li>Grund B-Lager: Ausstellungsger\u00e4t, leichte Montagespuren<\/li>\n<\/ul>\n<p>Ideal f\u00fcr industrielle und kommerzielle Anwendungen, bei denen Funktionalit\u00e4t und Zuverl\u00e4ssigkeit wichtig sind.<\/p>\n","protected":false},"excerpt":{"rendered":"<h2 class=\"shortdescriptiontitle-h2\">Vor\u00fcbergehend verf\u00fcgbar:<\/h2>\n<p>  Nur 1 St\u00fcck zu einem stark reduzierten Preis zu verkaufen, da es sich um ein faires Ger\u00e4t mit leichten Montagespuren handelt.<\/p>\n<p>Sie m\u00f6chten dieses Angebot nicht verpassen? <a href=\"mailto:info@haagh-protection.com\">Fordern Sie jetzt einen Preis per E-Mail an<\/a>. <\/p>\n<h2 class=\"shortdescriptiontitle-h2\">Technische Informationen<\/h2>\n<h3 class=\"shortdescriptiontitle-h3\">Geeignet f\u00fcr Lasten<\/h3>\n<ul class=\"checklist\">\n<li class=\"onderscheid\">H\u00f6he: unbegrenzt<\/li>\n<li class=\"onderscheid\">Breite: 800 mm<\/li>\n<li class=\"onderscheid\">Tiefe: 1.200 mm<\/li>\n<\/ul>\n<h3 class=\"shortdescriptiontitle-h3\">Erforderlicher Einbauraum<\/h3>\n<ul class=\"checklist\">\n<li class=\"onderscheid\">H\u00f6he: 2.630 mm<\/li>\n<li class=\"onderscheid\">Breiten: 1.640 mm<\/li>\n<li class=\"onderscheid\">Tiefe: 1.850 mm  <\/li>\n<li class=\"onderscheid\">Schrankseite: Links  <\/li>\n<li class=\"onderscheid\">Armtyp: Fest  <\/li>\n<\/ul>\n<p><em>*Diese Breiten ber\u00fccksichtigen den erforderlichen Man\u00f6vrierraum auf beiden Seiten.<\/em><\/p>\n","protected":false},"featured_media":48945,"comment_status":"closed","ping_status":"closed","template":"","meta":[],"product_brand":[],"product_cat":[1036],"product_tag":[],"class_list":{"0":"post-49267","1":"product","2":"type-product","3":"status-publish","4":"has-post-thumbnail","6":"product_cat-b-ware-kipptore","8":"first","9":"instock","10":"taxable","11":"shipping-taxable","12":"product-type-simple"},"yoast_head":"<!-- This site is optimized with the Yoast SEO plugin v26.7 - https:\/\/yoast.com\/wordpress\/plugins\/seo\/ -->\n<title>Variogate 180 - BR 1600mm DP1 1600mm RAL 1028 Schrankposition Links Feststehende Arme - Ausstellungsst\u00fcck - Haagh Protection<\/title>\n<meta name=\"robots\" content=\"index, follow, max-snippet:-1, max-image-preview:large, max-video-preview:-1\" \/>\n<link rel=\"canonical\" href=\"https:\/\/www.haagh-protection.com\/de\/Produkt\/variogate-180-br-1600mm-dp1-1600mm-ral-1028-schrankposition-links-feststehende-arme-ausstellungsstueck\/\" \/>\n<meta property=\"og:locale\" content=\"de_DE\" \/>\n<meta property=\"og:type\" content=\"article\" \/>\n<meta property=\"og:title\" content=\"Variogate 180 - BR 1600mm DP1 1600mm RAL 1028 Schrankposition Links Feststehende Arme - Ausstellungsst\u00fcck - Haagh Protection\" \/>\n<meta property=\"og:description\" content=\"Vor\u00fcbergehend verf\u00fcgbar: Nur 1 St\u00fcck zu einem stark reduzierten Preis zu verkaufen, da es sich um ein faires Ger\u00e4t mit leichten Montagespuren handelt. Sie m\u00f6chten dieses Angebot nicht verpassen? Fordern Sie jetzt einen Preis per E-Mail an. Technische Informationen Geeignet f\u00fcr Lasten  H\u00f6he: unbegrenzt  Breite: 800 mm  Tiefe: 1.200 mm Erforderlicher Einbauraum  H\u00f6he: 2.630 mm  Breiten: 1.640 mm  Tiefe: 1.850 mm      Schrankseite: Links      Armtyp: Fest  *Diese Breiten ber\u00fccksichtigen den erforderlichen Man\u00f6vrierraum auf beiden Seiten.\" \/>\n<meta property=\"og:url\" content=\"https:\/\/www.haagh-protection.com\/de\/Produkt\/variogate-180-br-1600mm-dp1-1600mm-ral-1028-schrankposition-links-feststehende-arme-ausstellungsstueck\/\" \/>\n<meta property=\"og:site_name\" content=\"Haagh Protection\" \/>\n<meta property=\"og:image\" content=\"https:\/\/www.haagh-protection.com\/wp-content\/uploads\/2025\/08\/Variogate-180-tweede-kans.webp\" \/>\n\t<meta property=\"og:image:width\" content=\"500\" \/>\n\t<meta property=\"og:image:height\" content=\"667\" \/>\n\t<meta property=\"og:image:type\" content=\"image\/webp\" \/>\n<meta name=\"twitter:card\" content=\"summary_large_image\" \/>\n<meta name=\"twitter:label1\" content=\"Gesch\u00e4tzte Lesezeit\" \/>\n\t<meta name=\"twitter:data1\" content=\"1\u00a0Minute\" \/>\n<script type=\"application\/ld+json\" class=\"yoast-schema-graph\">{\"@context\":\"https:\/\/schema.org\",\"@graph\":[{\"@type\":[\"WebPage\",\"ItemPage\"],\"@id\":\"https:\/\/www.haagh-protection.com\/de\/Produkt\/variogate-180-br-1600mm-dp1-1600mm-ral-1028-schrankposition-links-feststehende-arme-ausstellungsstueck\/\",\"url\":\"https:\/\/www.haagh-protection.com\/de\/Produkt\/variogate-180-br-1600mm-dp1-1600mm-ral-1028-schrankposition-links-feststehende-arme-ausstellungsstueck\/\",\"name\":\"Variogate 180 - BR 1600mm DP1 1600mm RAL 1028 Schrankposition Links Feststehende Arme - Ausstellungsst\u00fcck - Haagh Protection\",\"isPartOf\":{\"@id\":\"https:\/\/www.haagh-protection.com\/#website\"},\"primaryImageOfPage\":{\"@id\":\"https:\/\/www.haagh-protection.com\/de\/Produkt\/variogate-180-br-1600mm-dp1-1600mm-ral-1028-schrankposition-links-feststehende-arme-ausstellungsstueck\/#primaryimage\"},\"image\":{\"@id\":\"https:\/\/www.haagh-protection.com\/de\/Produkt\/variogate-180-br-1600mm-dp1-1600mm-ral-1028-schrankposition-links-feststehende-arme-ausstellungsstueck\/#primaryimage\"},\"thumbnailUrl\":\"https:\/\/www.haagh-protection.com\/wp-content\/uploads\/2025\/08\/Variogate-180-tweede-kans.webp\",\"datePublished\":\"2025-08-28T13:15:26+00:00\",\"breadcrumb\":{\"@id\":\"https:\/\/www.haagh-protection.com\/de\/Produkt\/variogate-180-br-1600mm-dp1-1600mm-ral-1028-schrankposition-links-feststehende-arme-ausstellungsstueck\/#breadcrumb\"},\"inLanguage\":\"de\",\"potentialAction\":[{\"@type\":\"ReadAction\",\"target\":[\"https:\/\/www.haagh-protection.com\/de\/Produkt\/variogate-180-br-1600mm-dp1-1600mm-ral-1028-schrankposition-links-feststehende-arme-ausstellungsstueck\/\"]}]},{\"@type\":\"ImageObject\",\"inLanguage\":\"de\",\"@id\":\"https:\/\/www.haagh-protection.com\/de\/Produkt\/variogate-180-br-1600mm-dp1-1600mm-ral-1028-schrankposition-links-feststehende-arme-ausstellungsstueck\/#primaryimage\",\"url\":\"https:\/\/www.haagh-protection.com\/wp-content\/uploads\/2025\/08\/Variogate-180-tweede-kans.webp\",\"contentUrl\":\"https:\/\/www.haagh-protection.com\/wp-content\/uploads\/2025\/08\/Variogate-180-tweede-kans.webp\",\"width\":500,\"height\":667,\"caption\":\"Variogate-180-tweede-kans\"},{\"@type\":\"BreadcrumbList\",\"@id\":\"https:\/\/www.haagh-protection.com\/de\/Produkt\/variogate-180-br-1600mm-dp1-1600mm-ral-1028-schrankposition-links-feststehende-arme-ausstellungsstueck\/#breadcrumb\",\"itemListElement\":[{\"@type\":\"ListItem\",\"position\":1,\"name\":\"Home\",\"item\":\"https:\/\/www.haagh-protection.com\/de\/haagh-protection\/\"},{\"@type\":\"ListItem\",\"position\":2,\"name\":\"Shop\",\"item\":\"https:\/\/www.haagh-protection.com\/de\/shop\/\"},{\"@type\":\"ListItem\",\"position\":3,\"name\":\"Variogate 180 &#8211; BR 1600mm DP1 1600mm RAL 1028 Schrankposition Links Feststehende Arme &#8211; Ausstellungsst\u00fcck\"}]},{\"@type\":\"WebSite\",\"@id\":\"https:\/\/www.haagh-protection.com\/#website\",\"url\":\"https:\/\/www.haagh-protection.com\/\",\"name\":\"Haagh Protection\",\"description\":\"Next level safety\",\"publisher\":{\"@id\":\"https:\/\/www.haagh-protection.com\/#organization\"},\"potentialAction\":[{\"@type\":\"SearchAction\",\"target\":{\"@type\":\"EntryPoint\",\"urlTemplate\":\"https:\/\/www.haagh-protection.com\/?s={search_term_string}\"},\"query-input\":{\"@type\":\"PropertyValueSpecification\",\"valueRequired\":true,\"valueName\":\"search_term_string\"}}],\"inLanguage\":\"de\"},{\"@type\":\"Organization\",\"@id\":\"https:\/\/www.haagh-protection.com\/#organization\",\"name\":\"Haagh-Protection B.V.\",\"alternateName\":\"Haagh-Protection\",\"url\":\"https:\/\/www.haagh-protection.com\/\",\"logo\":{\"@type\":\"ImageObject\",\"inLanguage\":\"de\",\"@id\":\"https:\/\/www.haagh-protection.com\/#\/schema\/logo\/image\/\",\"url\":\"https:\/\/www.haagh-protection.com\/wp-content\/uploads\/2015\/08\/haagh-protection-logo.png\",\"contentUrl\":\"https:\/\/www.haagh-protection.com\/wp-content\/uploads\/2015\/08\/haagh-protection-logo.png\",\"width\":500,\"height\":185,\"caption\":\"Haagh-Protection B.V.\"},\"image\":{\"@id\":\"https:\/\/www.haagh-protection.com\/#\/schema\/logo\/image\/\"}}]}<\/script>\n<!-- \/ Yoast SEO plugin. -->","yoast_head_json":{"title":"Variogate 180 - BR 1600mm DP1 1600mm RAL 1028 Schrankposition Links Feststehende Arme - Ausstellungsst\u00fcck - Haagh Protection","robots":{"index":"index","follow":"follow","max-snippet":"max-snippet:-1","max-image-preview":"max-image-preview:large","max-video-preview":"max-video-preview:-1"},"canonical":"https:\/\/www.haagh-protection.com\/de\/Produkt\/variogate-180-br-1600mm-dp1-1600mm-ral-1028-schrankposition-links-feststehende-arme-ausstellungsstueck\/","og_locale":"de_DE","og_type":"article","og_title":"Variogate 180 - BR 1600mm DP1 1600mm RAL 1028 Schrankposition Links Feststehende Arme - Ausstellungsst\u00fcck - Haagh Protection","og_description":"Vor\u00fcbergehend verf\u00fcgbar: Nur 1 St\u00fcck zu einem stark reduzierten Preis zu verkaufen, da es sich um ein faires Ger\u00e4t mit leichten Montagespuren handelt. Sie m\u00f6chten dieses Angebot nicht verpassen? Fordern Sie jetzt einen Preis per E-Mail an. Technische Informationen Geeignet f\u00fcr Lasten  H\u00f6he: unbegrenzt  Breite: 800 mm  Tiefe: 1.200 mm Erforderlicher Einbauraum  H\u00f6he: 2.630 mm  Breiten: 1.640 mm  Tiefe: 1.850 mm      Schrankseite: Links      Armtyp: Fest  *Diese Breiten ber\u00fccksichtigen den erforderlichen Man\u00f6vrierraum auf beiden Seiten.","og_url":"https:\/\/www.haagh-protection.com\/de\/Produkt\/variogate-180-br-1600mm-dp1-1600mm-ral-1028-schrankposition-links-feststehende-arme-ausstellungsstueck\/","og_site_name":"Haagh Protection","og_image":[{"width":500,"height":667,"url":"https:\/\/www.haagh-protection.com\/wp-content\/uploads\/2025\/08\/Variogate-180-tweede-kans.webp","type":"image\/webp"}],"twitter_card":"summary_large_image","twitter_misc":{"Gesch\u00e4tzte Lesezeit":"1\u00a0Minute"},"schema":{"@context":"https:\/\/schema.org","@graph":[{"@type":["WebPage","ItemPage"],"@id":"https:\/\/www.haagh-protection.com\/de\/Produkt\/variogate-180-br-1600mm-dp1-1600mm-ral-1028-schrankposition-links-feststehende-arme-ausstellungsstueck\/","url":"https:\/\/www.haagh-protection.com\/de\/Produkt\/variogate-180-br-1600mm-dp1-1600mm-ral-1028-schrankposition-links-feststehende-arme-ausstellungsstueck\/","name":"Variogate 180 - BR 1600mm DP1 1600mm RAL 1028 Schrankposition Links Feststehende Arme - Ausstellungsst\u00fcck - Haagh Protection","isPartOf":{"@id":"https:\/\/www.haagh-protection.com\/#website"},"primaryImageOfPage":{"@id":"https:\/\/www.haagh-protection.com\/de\/Produkt\/variogate-180-br-1600mm-dp1-1600mm-ral-1028-schrankposition-links-feststehende-arme-ausstellungsstueck\/#primaryimage"},"image":{"@id":"https:\/\/www.haagh-protection.com\/de\/Produkt\/variogate-180-br-1600mm-dp1-1600mm-ral-1028-schrankposition-links-feststehende-arme-ausstellungsstueck\/#primaryimage"},"thumbnailUrl":"https:\/\/www.haagh-protection.com\/wp-content\/uploads\/2025\/08\/Variogate-180-tweede-kans.webp","datePublished":"2025-08-28T13:15:26+00:00","breadcrumb":{"@id":"https:\/\/www.haagh-protection.com\/de\/Produkt\/variogate-180-br-1600mm-dp1-1600mm-ral-1028-schrankposition-links-feststehende-arme-ausstellungsstueck\/#breadcrumb"},"inLanguage":"de","potentialAction":[{"@type":"ReadAction","target":["https:\/\/www.haagh-protection.com\/de\/Produkt\/variogate-180-br-1600mm-dp1-1600mm-ral-1028-schrankposition-links-feststehende-arme-ausstellungsstueck\/"]}]},{"@type":"ImageObject","inLanguage":"de","@id":"https:\/\/www.haagh-protection.com\/de\/Produkt\/variogate-180-br-1600mm-dp1-1600mm-ral-1028-schrankposition-links-feststehende-arme-ausstellungsstueck\/#primaryimage","url":"https:\/\/www.haagh-protection.com\/wp-content\/uploads\/2025\/08\/Variogate-180-tweede-kans.webp","contentUrl":"https:\/\/www.haagh-protection.com\/wp-content\/uploads\/2025\/08\/Variogate-180-tweede-kans.webp","width":500,"height":667,"caption":"Variogate-180-tweede-kans"},{"@type":"BreadcrumbList","@id":"https:\/\/www.haagh-protection.com\/de\/Produkt\/variogate-180-br-1600mm-dp1-1600mm-ral-1028-schrankposition-links-feststehende-arme-ausstellungsstueck\/#breadcrumb","itemListElement":[{"@type":"ListItem","position":1,"name":"Home","item":"https:\/\/www.haagh-protection.com\/de\/haagh-protection\/"},{"@type":"ListItem","position":2,"name":"Shop","item":"https:\/\/www.haagh-protection.com\/de\/shop\/"},{"@type":"ListItem","position":3,"name":"Variogate 180 &#8211; BR 1600mm DP1 1600mm RAL 1028 Schrankposition Links Feststehende Arme &#8211; Ausstellungsst\u00fcck"}]},{"@type":"WebSite","@id":"https:\/\/www.haagh-protection.com\/#website","url":"https:\/\/www.haagh-protection.com\/","name":"Haagh Protection","description":"Next level safety","publisher":{"@id":"https:\/\/www.haagh-protection.com\/#organization"},"potentialAction":[{"@type":"SearchAction","target":{"@type":"EntryPoint","urlTemplate":"https:\/\/www.haagh-protection.com\/?s={search_term_string}"},"query-input":{"@type":"PropertyValueSpecification","valueRequired":true,"valueName":"search_term_string"}}],"inLanguage":"de"},{"@type":"Organization","@id":"https:\/\/www.haagh-protection.com\/#organization","name":"Haagh-Protection B.V.","alternateName":"Haagh-Protection","url":"https:\/\/www.haagh-protection.com\/","logo":{"@type":"ImageObject","inLanguage":"de","@id":"https:\/\/www.haagh-protection.com\/#\/schema\/logo\/image\/","url":"https:\/\/www.haagh-protection.com\/wp-content\/uploads\/2015\/08\/haagh-protection-logo.png","contentUrl":"https:\/\/www.haagh-protection.com\/wp-content\/uploads\/2015\/08\/haagh-protection-logo.png","width":500,"height":185,"caption":"Haagh-Protection B.V."},"image":{"@id":"https:\/\/www.haagh-protection.com\/#\/schema\/logo\/image\/"}}]}},"_links":{"self":[{"href":"https:\/\/www.haagh-protection.com\/de\/wp-json\/wp\/v2\/product\/49267","targetHints":{"allow":["GET"]}}],"collection":[{"href":"https:\/\/www.haagh-protection.com\/de\/wp-json\/wp\/v2\/product"}],"about":[{"href":"https:\/\/www.haagh-protection.com\/de\/wp-json\/wp\/v2\/types\/product"}],"replies":[{"embeddable":true,"href":"https:\/\/www.haagh-protection.com\/de\/wp-json\/wp\/v2\/comments?post=49267"}],"wp:featuredmedia":[{"embeddable":true,"href":"https:\/\/www.haagh-protection.com\/de\/wp-json\/wp\/v2\/media\/48945"}],"wp:attachment":[{"href":"https:\/\/www.haagh-protection.com\/de\/wp-json\/wp\/v2\/media?parent=49267"}],"wp:term":[{"taxonomy":"product_brand","embeddable":true,"href":"https:\/\/www.haagh-protection.com\/de\/wp-json\/wp\/v2\/product_brand?post=49267"},{"taxonomy":"product_cat","embeddable":true,"href":"https:\/\/www.haagh-protection.com\/de\/wp-json\/wp\/v2\/product_cat?post=49267"},{"taxonomy":"product_tag","embeddable":true,"href":"https:\/\/www.haagh-protection.com\/de\/wp-json\/wp\/v2\/product_tag?post=49267"}],"curies":[{"name":"wp","href":"https:\/\/api.w.org\/{rel}","templated":true}]}}