{"id":49270,"date":"2025-08-18T14:02:37","date_gmt":"2025-08-28T13:17:53","guid":{"rendered":"https:\/\/www.haagh-protection.com\/product\/kipptor-mit-mesh-paneel-produkt-zurueckgeben\/"},"modified":"2025-08-28T14:17:53","modified_gmt":"2025-08-28T13:17:53","slug":"kipptor-mit-mesh-paneel-produkt-zurueckgeben","status":"publish","type":"product","link":"https:\/\/www.haagh-protection.com\/de\/Produkt\/kipptor-mit-mesh-paneel-produkt-zurueckgeben\/","title":{"rendered":"Kipptor mit Mesh-Paneel &#8211; Produkt zur\u00fcckgeben"},"content":{"rendered":"<h2 class=\"shortdescriptiontitle-h2\">Kipptor mit Mesh-Paneel &#8211; Zweite Chance B-Lager<\/h2>\n<p><strong>Grund B-Lager:<\/strong> Zur\u00fcckgeschickt, leichte Montagespuren<\/p>\n<p>Dieser <strong>Kippzaun mit Mesh-Paneel<\/strong> ist als <em>Second Chance B-Lager<\/em> verf\u00fcgbar. Der Zaun ist technisch vollst\u00e4ndig und funktioniert einwandfrei, weist aber einige leichte Montagespuren auf, die auf eine fr\u00fchere Installation zur\u00fcckzuf\u00fchren sind. Eine ausgezeichnete Wahl f\u00fcr diejenigen, die einen sch\u00f6nen Zaun zu einem attraktiven Preis suchen.  <\/p>\n<ul>\n<li>Typ: Kipptor mit Gittereinsatz<\/li>\n<li>Status: Zweite Chance \/ B-Lager<\/li>\n<li>Grund B-Lager: Zur\u00fcckgeschickt, leichte Montagespuren<\/li>\n<\/ul>\n<p>Ideal f\u00fcr industrielle und kommerzielle Anwendungen, bei denen Sicherheit wichtig ist.<\/p>\n","protected":false},"excerpt":{"rendered":"<h2 class=\"shortdescriptiontitle-h2\">Vor\u00fcbergehend verf\u00fcgbar:<\/h2>\n<p>  Nur 1 St\u00fcck zu einem stark reduzierten Preis verf\u00fcgbar, da zur\u00fcckgegeben und leichte Montagespuren.<\/p>\n<p>Interessiert? <a href=\"mailto:info@haagh-protection.com\">Fordern Sie direkt per E-Mail einen Preis an<\/a>. <\/p>\n<h2 class=\"shortdescriptiontitle-h2\">Technische Informationen<\/h2>\n<h3 class=\"shortdescriptiontitle-h3\">Geeignet f\u00fcr Lasten<\/h3>\n<ul class=\"checklist\">\n<li class=\"onderscheid\">H\u00f6he: 1.800 mm<\/li>\n<li class=\"onderscheid\">Breite: 2.000 mm<\/li>\n<li class=\"onderscheid\">Tiefe: 900 mm<\/li>\n<\/ul>\n<h3 class=\"shortdescriptiontitle-h3\">Erforderlicher Einbauraum<\/h3>\n<ul class=\"checklist\">\n<li class=\"onderscheid\">H\u00f6he: 2.000 mm<\/li>\n<li class=\"onderscheid\">Breiten: 2,100  <\/li>\n<li class=\"onderscheid\">Tiefe: 1.000 mm  <\/li>\n<\/ul>\n<p><em>*Diese Breiten ber\u00fccksichtigen den erforderlichen Man\u00f6vrierraum auf beiden Seiten.<\/em><\/p>\n","protected":false},"featured_media":48985,"comment_status":"closed","ping_status":"closed","template":"","meta":[],"product_brand":[],"product_cat":[1036],"product_tag":[],"class_list":{"0":"post-49270","1":"product","2":"type-product","3":"status-publish","4":"has-post-thumbnail","6":"product_cat-b-ware-kipptore","8":"first","9":"instock","10":"taxable","11":"shipping-taxable","12":"product-type-simple"},"yoast_head":"<!-- This site is optimized with the Yoast SEO plugin v26.7 - https:\/\/yoast.com\/wordpress\/plugins\/seo\/ -->\n<title>Kipptor mit Mesh-Paneel - Produkt zur\u00fcckgeben - Haagh Protection<\/title>\n<meta name=\"robots\" content=\"index, follow, max-snippet:-1, max-image-preview:large, max-video-preview:-1\" \/>\n<link rel=\"canonical\" href=\"https:\/\/www.haagh-protection.com\/de\/Produkt\/kipptor-mit-mesh-paneel-produkt-zurueckgeben\/\" \/>\n<meta property=\"og:locale\" content=\"de_DE\" \/>\n<meta property=\"og:type\" content=\"article\" \/>\n<meta property=\"og:title\" content=\"Kipptor mit Mesh-Paneel - Produkt zur\u00fcckgeben - Haagh Protection\" \/>\n<meta property=\"og:description\" content=\"Vor\u00fcbergehend verf\u00fcgbar: Nur 1 St\u00fcck zu einem stark reduzierten Preis verf\u00fcgbar, da zur\u00fcckgegeben und leichte Montagespuren. Interessiert? Fordern Sie direkt per E-Mail einen Preis an. Technische Informationen Geeignet f\u00fcr Lasten  H\u00f6he: 1.800 mm  Breite: 2.000 mm  Tiefe: 900 mm Erforderlicher Einbauraum  H\u00f6he: 2.000 mm  Breiten: 2,100   Tiefe: 1.000 mm  *Diese Breiten ber\u00fccksichtigen den erforderlichen Man\u00f6vrierraum auf beiden Seiten.\" \/>\n<meta property=\"og:url\" content=\"https:\/\/www.haagh-protection.com\/de\/Produkt\/kipptor-mit-mesh-paneel-produkt-zurueckgeben\/\" \/>\n<meta property=\"og:site_name\" content=\"Haagh Protection\" \/>\n<meta property=\"og:image\" content=\"https:\/\/www.haagh-protection.com\/wp-content\/uploads\/2025\/08\/Kantelhek-met-gaaspaneel-Tweede-kans.jpg\" \/>\n\t<meta property=\"og:image:width\" content=\"602\" \/>\n\t<meta property=\"og:image:height\" content=\"480\" \/>\n\t<meta property=\"og:image:type\" content=\"image\/jpeg\" \/>\n<meta name=\"twitter:card\" content=\"summary_large_image\" \/>\n<script type=\"application\/ld+json\" class=\"yoast-schema-graph\">{\"@context\":\"https:\/\/schema.org\",\"@graph\":[{\"@type\":[\"WebPage\",\"ItemPage\"],\"@id\":\"https:\/\/www.haagh-protection.com\/de\/Produkt\/kipptor-mit-mesh-paneel-produkt-zurueckgeben\/\",\"url\":\"https:\/\/www.haagh-protection.com\/de\/Produkt\/kipptor-mit-mesh-paneel-produkt-zurueckgeben\/\",\"name\":\"Kipptor mit Mesh-Paneel - Produkt zur\u00fcckgeben - Haagh Protection\",\"isPartOf\":{\"@id\":\"https:\/\/www.haagh-protection.com\/#website\"},\"primaryImageOfPage\":{\"@id\":\"https:\/\/www.haagh-protection.com\/de\/Produkt\/kipptor-mit-mesh-paneel-produkt-zurueckgeben\/#primaryimage\"},\"image\":{\"@id\":\"https:\/\/www.haagh-protection.com\/de\/Produkt\/kipptor-mit-mesh-paneel-produkt-zurueckgeben\/#primaryimage\"},\"thumbnailUrl\":\"https:\/\/www.haagh-protection.com\/wp-content\/uploads\/2025\/08\/Kantelhek-met-gaaspaneel-Tweede-kans.jpg\",\"datePublished\":\"2025-08-28T13:17:53+00:00\",\"breadcrumb\":{\"@id\":\"https:\/\/www.haagh-protection.com\/de\/Produkt\/kipptor-mit-mesh-paneel-produkt-zurueckgeben\/#breadcrumb\"},\"inLanguage\":\"de\",\"potentialAction\":[{\"@type\":\"ReadAction\",\"target\":[\"https:\/\/www.haagh-protection.com\/de\/Produkt\/kipptor-mit-mesh-paneel-produkt-zurueckgeben\/\"]}]},{\"@type\":\"ImageObject\",\"inLanguage\":\"de\",\"@id\":\"https:\/\/www.haagh-protection.com\/de\/Produkt\/kipptor-mit-mesh-paneel-produkt-zurueckgeben\/#primaryimage\",\"url\":\"https:\/\/www.haagh-protection.com\/wp-content\/uploads\/2025\/08\/Kantelhek-met-gaaspaneel-Tweede-kans.jpg\",\"contentUrl\":\"https:\/\/www.haagh-protection.com\/wp-content\/uploads\/2025\/08\/Kantelhek-met-gaaspaneel-Tweede-kans.jpg\",\"width\":602,\"height\":480,\"caption\":\"Kantelhek met gaaspaneel - Tweede kans\"},{\"@type\":\"BreadcrumbList\",\"@id\":\"https:\/\/www.haagh-protection.com\/de\/Produkt\/kipptor-mit-mesh-paneel-produkt-zurueckgeben\/#breadcrumb\",\"itemListElement\":[{\"@type\":\"ListItem\",\"position\":1,\"name\":\"Home\",\"item\":\"https:\/\/www.haagh-protection.com\/de\/haagh-protection\/\"},{\"@type\":\"ListItem\",\"position\":2,\"name\":\"Shop\",\"item\":\"https:\/\/www.haagh-protection.com\/de\/shop\/\"},{\"@type\":\"ListItem\",\"position\":3,\"name\":\"Kipptor mit Mesh-Paneel &#8211; Produkt zur\u00fcckgeben\"}]},{\"@type\":\"WebSite\",\"@id\":\"https:\/\/www.haagh-protection.com\/#website\",\"url\":\"https:\/\/www.haagh-protection.com\/\",\"name\":\"Haagh Protection\",\"description\":\"Next level safety\",\"publisher\":{\"@id\":\"https:\/\/www.haagh-protection.com\/#organization\"},\"potentialAction\":[{\"@type\":\"SearchAction\",\"target\":{\"@type\":\"EntryPoint\",\"urlTemplate\":\"https:\/\/www.haagh-protection.com\/?s={search_term_string}\"},\"query-input\":{\"@type\":\"PropertyValueSpecification\",\"valueRequired\":true,\"valueName\":\"search_term_string\"}}],\"inLanguage\":\"de\"},{\"@type\":\"Organization\",\"@id\":\"https:\/\/www.haagh-protection.com\/#organization\",\"name\":\"Haagh-Protection B.V.\",\"alternateName\":\"Haagh-Protection\",\"url\":\"https:\/\/www.haagh-protection.com\/\",\"logo\":{\"@type\":\"ImageObject\",\"inLanguage\":\"de\",\"@id\":\"https:\/\/www.haagh-protection.com\/#\/schema\/logo\/image\/\",\"url\":\"https:\/\/www.haagh-protection.com\/wp-content\/uploads\/2015\/08\/haagh-protection-logo.png\",\"contentUrl\":\"https:\/\/www.haagh-protection.com\/wp-content\/uploads\/2015\/08\/haagh-protection-logo.png\",\"width\":500,\"height\":185,\"caption\":\"Haagh-Protection B.V.\"},\"image\":{\"@id\":\"https:\/\/www.haagh-protection.com\/#\/schema\/logo\/image\/\"}}]}<\/script>\n<!-- \/ Yoast SEO plugin. -->","yoast_head_json":{"title":"Kipptor mit Mesh-Paneel - Produkt zur\u00fcckgeben - Haagh Protection","robots":{"index":"index","follow":"follow","max-snippet":"max-snippet:-1","max-image-preview":"max-image-preview:large","max-video-preview":"max-video-preview:-1"},"canonical":"https:\/\/www.haagh-protection.com\/de\/Produkt\/kipptor-mit-mesh-paneel-produkt-zurueckgeben\/","og_locale":"de_DE","og_type":"article","og_title":"Kipptor mit Mesh-Paneel - Produkt zur\u00fcckgeben - Haagh Protection","og_description":"Vor\u00fcbergehend verf\u00fcgbar: Nur 1 St\u00fcck zu einem stark reduzierten Preis verf\u00fcgbar, da zur\u00fcckgegeben und leichte Montagespuren. Interessiert? Fordern Sie direkt per E-Mail einen Preis an. Technische Informationen Geeignet f\u00fcr Lasten  H\u00f6he: 1.800 mm  Breite: 2.000 mm  Tiefe: 900 mm Erforderlicher Einbauraum  H\u00f6he: 2.000 mm  Breiten: 2,100   Tiefe: 1.000 mm  *Diese Breiten ber\u00fccksichtigen den erforderlichen Man\u00f6vrierraum auf beiden Seiten.","og_url":"https:\/\/www.haagh-protection.com\/de\/Produkt\/kipptor-mit-mesh-paneel-produkt-zurueckgeben\/","og_site_name":"Haagh Protection","og_image":[{"width":602,"height":480,"url":"https:\/\/www.haagh-protection.com\/wp-content\/uploads\/2025\/08\/Kantelhek-met-gaaspaneel-Tweede-kans.jpg","type":"image\/jpeg"}],"twitter_card":"summary_large_image","schema":{"@context":"https:\/\/schema.org","@graph":[{"@type":["WebPage","ItemPage"],"@id":"https:\/\/www.haagh-protection.com\/de\/Produkt\/kipptor-mit-mesh-paneel-produkt-zurueckgeben\/","url":"https:\/\/www.haagh-protection.com\/de\/Produkt\/kipptor-mit-mesh-paneel-produkt-zurueckgeben\/","name":"Kipptor mit Mesh-Paneel - Produkt zur\u00fcckgeben - Haagh Protection","isPartOf":{"@id":"https:\/\/www.haagh-protection.com\/#website"},"primaryImageOfPage":{"@id":"https:\/\/www.haagh-protection.com\/de\/Produkt\/kipptor-mit-mesh-paneel-produkt-zurueckgeben\/#primaryimage"},"image":{"@id":"https:\/\/www.haagh-protection.com\/de\/Produkt\/kipptor-mit-mesh-paneel-produkt-zurueckgeben\/#primaryimage"},"thumbnailUrl":"https:\/\/www.haagh-protection.com\/wp-content\/uploads\/2025\/08\/Kantelhek-met-gaaspaneel-Tweede-kans.jpg","datePublished":"2025-08-28T13:17:53+00:00","breadcrumb":{"@id":"https:\/\/www.haagh-protection.com\/de\/Produkt\/kipptor-mit-mesh-paneel-produkt-zurueckgeben\/#breadcrumb"},"inLanguage":"de","potentialAction":[{"@type":"ReadAction","target":["https:\/\/www.haagh-protection.com\/de\/Produkt\/kipptor-mit-mesh-paneel-produkt-zurueckgeben\/"]}]},{"@type":"ImageObject","inLanguage":"de","@id":"https:\/\/www.haagh-protection.com\/de\/Produkt\/kipptor-mit-mesh-paneel-produkt-zurueckgeben\/#primaryimage","url":"https:\/\/www.haagh-protection.com\/wp-content\/uploads\/2025\/08\/Kantelhek-met-gaaspaneel-Tweede-kans.jpg","contentUrl":"https:\/\/www.haagh-protection.com\/wp-content\/uploads\/2025\/08\/Kantelhek-met-gaaspaneel-Tweede-kans.jpg","width":602,"height":480,"caption":"Kantelhek met gaaspaneel - Tweede kans"},{"@type":"BreadcrumbList","@id":"https:\/\/www.haagh-protection.com\/de\/Produkt\/kipptor-mit-mesh-paneel-produkt-zurueckgeben\/#breadcrumb","itemListElement":[{"@type":"ListItem","position":1,"name":"Home","item":"https:\/\/www.haagh-protection.com\/de\/haagh-protection\/"},{"@type":"ListItem","position":2,"name":"Shop","item":"https:\/\/www.haagh-protection.com\/de\/shop\/"},{"@type":"ListItem","position":3,"name":"Kipptor mit Mesh-Paneel &#8211; Produkt zur\u00fcckgeben"}]},{"@type":"WebSite","@id":"https:\/\/www.haagh-protection.com\/#website","url":"https:\/\/www.haagh-protection.com\/","name":"Haagh Protection","description":"Next level safety","publisher":{"@id":"https:\/\/www.haagh-protection.com\/#organization"},"potentialAction":[{"@type":"SearchAction","target":{"@type":"EntryPoint","urlTemplate":"https:\/\/www.haagh-protection.com\/?s={search_term_string}"},"query-input":{"@type":"PropertyValueSpecification","valueRequired":true,"valueName":"search_term_string"}}],"inLanguage":"de"},{"@type":"Organization","@id":"https:\/\/www.haagh-protection.com\/#organization","name":"Haagh-Protection B.V.","alternateName":"Haagh-Protection","url":"https:\/\/www.haagh-protection.com\/","logo":{"@type":"ImageObject","inLanguage":"de","@id":"https:\/\/www.haagh-protection.com\/#\/schema\/logo\/image\/","url":"https:\/\/www.haagh-protection.com\/wp-content\/uploads\/2015\/08\/haagh-protection-logo.png","contentUrl":"https:\/\/www.haagh-protection.com\/wp-content\/uploads\/2015\/08\/haagh-protection-logo.png","width":500,"height":185,"caption":"Haagh-Protection B.V."},"image":{"@id":"https:\/\/www.haagh-protection.com\/#\/schema\/logo\/image\/"}}]}},"_links":{"self":[{"href":"https:\/\/www.haagh-protection.com\/de\/wp-json\/wp\/v2\/product\/49270","targetHints":{"allow":["GET"]}}],"collection":[{"href":"https:\/\/www.haagh-protection.com\/de\/wp-json\/wp\/v2\/product"}],"about":[{"href":"https:\/\/www.haagh-protection.com\/de\/wp-json\/wp\/v2\/types\/product"}],"replies":[{"embeddable":true,"href":"https:\/\/www.haagh-protection.com\/de\/wp-json\/wp\/v2\/comments?post=49270"}],"wp:featuredmedia":[{"embeddable":true,"href":"https:\/\/www.haagh-protection.com\/de\/wp-json\/wp\/v2\/media\/48985"}],"wp:attachment":[{"href":"https:\/\/www.haagh-protection.com\/de\/wp-json\/wp\/v2\/media?parent=49270"}],"wp:term":[{"taxonomy":"product_brand","embeddable":true,"href":"https:\/\/www.haagh-protection.com\/de\/wp-json\/wp\/v2\/product_brand?post=49270"},{"taxonomy":"product_cat","embeddable":true,"href":"https:\/\/www.haagh-protection.com\/de\/wp-json\/wp\/v2\/product_cat?post=49270"},{"taxonomy":"product_tag","embeddable":true,"href":"https:\/\/www.haagh-protection.com\/de\/wp-json\/wp\/v2\/product_tag?post=49270"}],"curies":[{"name":"wp","href":"https:\/\/api.w.org\/{rel}","templated":true}]}}