{"id":49274,"date":"2025-08-18T14:02:37","date_gmt":"2025-08-28T13:20:06","guid":{"rendered":"https:\/\/www.haagh-protection.com\/product\/variogate-22sd-br-4000mm-fs-300mm-massanfertigung-ral-5002-ueberproduziert\/"},"modified":"2025-08-28T14:20:06","modified_gmt":"2025-08-28T13:20:06","slug":"variogate-22sd-br-4000mm-fs-300mm-massanfertigung-ral-5002-ueberproduziert","status":"publish","type":"product","link":"https:\/\/www.haagh-protection.com\/de\/Produkt\/variogate-22sd-br-4000mm-fs-300mm-massanfertigung-ral-5002-ueberproduziert\/","title":{"rendered":"Variogate 22SD &#8211; BR 4000mm FS 300mm Ma\u00dfanfertigung RAL 5002 &#8211; \u00dcberproduziert"},"content":{"rendered":"<h2 class=\"shortdescriptiontitle-h2\">Variogate 22SD &#8211; BR 4000 mm FS 300 mm Sonderanfertigung RAL 5002 &#8211; Zweite Chance B-Lager<\/h2>\n<p><strong>Grund B-Lager:<\/strong> \u00dcberz\u00e4hlig<\/p>\n<p>Dieses <strong>Variogate 22SD<\/strong> mit einer Breite von 4000 mm, einem Rahmenabstand von 300 mm und einer kundenspezifischen Lackierung in RAL 5002 ist als Second Chance B-Lager verf\u00fcgbar. Das Produkt ist technisch voll funktionsf\u00e4hig und bietet eine zuverl\u00e4ssige und langlebige L\u00f6sung zu einem attraktiven Preis aufgrund von \u00dcberbest\u00e4nden. <\/p>\n<ul>\n<li>Typ: Variogate 22SD<\/li>\n<li>Breite: 4.000 mm<\/li>\n<li>Rahmenabstand: 300 mm<\/li>\n<li>Personalisierung: Ja<\/li>\n<li>Farbe: RAL 5002<\/li>\n<li>Status: Zweite Chance \/ B-Lager<\/li>\n<li>Grund B-Lager: \u00dcberz\u00e4hlig<\/li>\n<\/ul>\n<p>Perfekt f\u00fcr industrielle Anwendungen, bei denen Individualisierung und Sichtbarkeit wichtig sind.<\/p>\n","protected":false},"excerpt":{"rendered":"<h2 class=\"shortdescriptiontitle-h2\">Befristetes Angebot:<\/h2>\n<p>  Nur noch 1 St\u00fcck zu einem stark reduzierten Preis erh\u00e4ltlich, da zu viel auf Lager.<\/p>\n<p>Sie m\u00f6chten diese Gelegenheit nicht verpassen? <a href=\"mailto:info@haagh-protection.com\">Fordern Sie jetzt einen Preis per E-Mail an<\/a>. <\/p>\n<h2 class=\"shortdescriptiontitle-h2\">Technische Informationen<\/h2>\n<p>Der Variogate 22SD ist eine modifizierte Version des Variogate 22, die speziell f\u00fcr die Installation direkt hinter Schiebet\u00fcren, Brandschutzt\u00fcren oder dicken W\u00e4nden bis zu 300 mm Dicke entwickelt wurde. Dank dieser Anpassung bleiben bestehende T\u00fcren voll funktionsf\u00e4hig, w\u00e4hrend eine sichere Zone in der H\u00f6he geschaffen wird. <\/p>\n<h3 class=\"shortdescriptiontitle-h3\">Geeignet f\u00fcr Lasten<\/h3>\n<ul class=\"checklist\">\n<li class=\"onderscheid\">H\u00f6he: 2.200 mm<\/li>\n<li class=\"onderscheid\">Breite: 3.600 mm<\/li>\n<li class=\"onderscheid\">Tiefe: 1.200 mm<\/li>\n<\/ul>\n<h3 class=\"shortdescriptiontitle-h3\">Erforderlicher Einbauraum<\/h3>\n<ul class=\"checklist\">\n<li class=\"onderscheid\">H\u00f6he: 2.507 mm<\/li>\n<li class=\"onderscheid\">Breiten: 4.000  <\/li>\n<li class=\"onderscheid\">Tiefe: 1.940 mm  <\/li>\n<li class=\"onderscheid\">Wenderadius 2.347 mm (ab Kante Werkstattboden)  <\/li>\n<\/ul>\n<p><em>*Diese Breiten ber\u00fccksichtigen den erforderlichen Man\u00f6vrierraum auf beiden Seiten.<\/em><\/p>\n","protected":false},"featured_media":48977,"comment_status":"closed","ping_status":"closed","template":"","meta":[],"product_brand":[],"product_cat":[1036],"product_tag":[],"class_list":{"0":"post-49274","1":"product","2":"type-product","3":"status-publish","4":"has-post-thumbnail","6":"product_cat-b-ware-kipptore","7":"futurio-has-gallery","9":"first","10":"instock","11":"taxable","12":"shipping-taxable","13":"product-type-simple"},"yoast_head":"<!-- This site is optimized with the Yoast SEO plugin v26.7 - https:\/\/yoast.com\/wordpress\/plugins\/seo\/ -->\n<title>Variogate 22SD - BR 4000mm FS 300mm Ma\u00dfanfertigung RAL 5002 - \u00dcberproduziert - Haagh Protection<\/title>\n<meta name=\"robots\" content=\"index, follow, max-snippet:-1, max-image-preview:large, max-video-preview:-1\" \/>\n<link rel=\"canonical\" href=\"https:\/\/www.haagh-protection.com\/de\/Produkt\/variogate-22sd-br-4000mm-fs-300mm-massanfertigung-ral-5002-ueberproduziert\/\" \/>\n<meta property=\"og:locale\" content=\"de_DE\" \/>\n<meta property=\"og:type\" content=\"article\" \/>\n<meta property=\"og:title\" content=\"Variogate 22SD - BR 4000mm FS 300mm Ma\u00dfanfertigung RAL 5002 - \u00dcberproduziert - Haagh Protection\" \/>\n<meta property=\"og:description\" content=\"Befristetes Angebot: Nur noch 1 St\u00fcck zu einem stark reduzierten Preis erh\u00e4ltlich, da zu viel auf Lager. Sie m\u00f6chten diese Gelegenheit nicht verpassen? Fordern Sie jetzt einen Preis per E-Mail an. Technische Informationen Der Variogate 22SD ist eine modifizierte Version des Variogate 22, die speziell f\u00fcr die Installation direkt hinter Schiebet\u00fcren, Brandschutzt\u00fcren oder dicken W\u00e4nden bis zu 300 mm Dicke entwickelt wurde. Dank dieser Anpassung bleiben bestehende T\u00fcren voll funktionsf\u00e4hig, w\u00e4hrend eine sichere Zone in der H\u00f6he geschaffen wird. Geeignet f\u00fcr Lasten  H\u00f6he: 2.200 mm  Breite: 3.600 mm  Tiefe: 1.200 mm Erforderlicher Einbauraum  H\u00f6he: 2.507 mm  Breiten: 4.000   Tiefe: 1.940 mm      Wenderadius 2.347 mm (ab Kante Werkstattboden)  *Diese Breiten ber\u00fccksichtigen den erforderlichen Man\u00f6vrierraum auf beiden Seiten.\" \/>\n<meta property=\"og:url\" content=\"https:\/\/www.haagh-protection.com\/de\/Produkt\/variogate-22sd-br-4000mm-fs-300mm-massanfertigung-ral-5002-ueberproduziert\/\" \/>\n<meta property=\"og:site_name\" content=\"Haagh Protection\" \/>\n<meta property=\"og:image\" content=\"https:\/\/www.haagh-protection.com\/wp-content\/uploads\/2025\/08\/Variogate-22SD-BR-4000mm-FS-300mm-maatwerk-RAL-5002-Tweede-kans-foto-2.jpg\" \/>\n\t<meta property=\"og:image:width\" content=\"1197\" \/>\n\t<meta property=\"og:image:height\" content=\"1197\" \/>\n\t<meta property=\"og:image:type\" content=\"image\/jpeg\" \/>\n<meta name=\"twitter:card\" content=\"summary_large_image\" \/>\n<script type=\"application\/ld+json\" class=\"yoast-schema-graph\">{\"@context\":\"https:\/\/schema.org\",\"@graph\":[{\"@type\":[\"WebPage\",\"ItemPage\"],\"@id\":\"https:\/\/www.haagh-protection.com\/de\/Produkt\/variogate-22sd-br-4000mm-fs-300mm-massanfertigung-ral-5002-ueberproduziert\/\",\"url\":\"https:\/\/www.haagh-protection.com\/de\/Produkt\/variogate-22sd-br-4000mm-fs-300mm-massanfertigung-ral-5002-ueberproduziert\/\",\"name\":\"Variogate 22SD - BR 4000mm FS 300mm Ma\u00dfanfertigung RAL 5002 - \u00dcberproduziert - Haagh Protection\",\"isPartOf\":{\"@id\":\"https:\/\/www.haagh-protection.com\/#website\"},\"primaryImageOfPage\":{\"@id\":\"https:\/\/www.haagh-protection.com\/de\/Produkt\/variogate-22sd-br-4000mm-fs-300mm-massanfertigung-ral-5002-ueberproduziert\/#primaryimage\"},\"image\":{\"@id\":\"https:\/\/www.haagh-protection.com\/de\/Produkt\/variogate-22sd-br-4000mm-fs-300mm-massanfertigung-ral-5002-ueberproduziert\/#primaryimage\"},\"thumbnailUrl\":\"https:\/\/www.haagh-protection.com\/wp-content\/uploads\/2025\/08\/Variogate-22SD-BR-4000mm-FS-300mm-maatwerk-RAL-5002-Tweede-kans-foto-2.jpg\",\"datePublished\":\"2025-08-28T13:20:06+00:00\",\"breadcrumb\":{\"@id\":\"https:\/\/www.haagh-protection.com\/de\/Produkt\/variogate-22sd-br-4000mm-fs-300mm-massanfertigung-ral-5002-ueberproduziert\/#breadcrumb\"},\"inLanguage\":\"de\",\"potentialAction\":[{\"@type\":\"ReadAction\",\"target\":[\"https:\/\/www.haagh-protection.com\/de\/Produkt\/variogate-22sd-br-4000mm-fs-300mm-massanfertigung-ral-5002-ueberproduziert\/\"]}]},{\"@type\":\"ImageObject\",\"inLanguage\":\"de\",\"@id\":\"https:\/\/www.haagh-protection.com\/de\/Produkt\/variogate-22sd-br-4000mm-fs-300mm-massanfertigung-ral-5002-ueberproduziert\/#primaryimage\",\"url\":\"https:\/\/www.haagh-protection.com\/wp-content\/uploads\/2025\/08\/Variogate-22SD-BR-4000mm-FS-300mm-maatwerk-RAL-5002-Tweede-kans-foto-2.jpg\",\"contentUrl\":\"https:\/\/www.haagh-protection.com\/wp-content\/uploads\/2025\/08\/Variogate-22SD-BR-4000mm-FS-300mm-maatwerk-RAL-5002-Tweede-kans-foto-2.jpg\",\"width\":1197,\"height\":1197,\"caption\":\"Variogate 22SD - BR 4000mm FS 300mm maatwerk RAL 5002 - Tweede kans foto 2\"},{\"@type\":\"BreadcrumbList\",\"@id\":\"https:\/\/www.haagh-protection.com\/de\/Produkt\/variogate-22sd-br-4000mm-fs-300mm-massanfertigung-ral-5002-ueberproduziert\/#breadcrumb\",\"itemListElement\":[{\"@type\":\"ListItem\",\"position\":1,\"name\":\"Home\",\"item\":\"https:\/\/www.haagh-protection.com\/de\/haagh-protection\/\"},{\"@type\":\"ListItem\",\"position\":2,\"name\":\"Shop\",\"item\":\"https:\/\/www.haagh-protection.com\/de\/shop\/\"},{\"@type\":\"ListItem\",\"position\":3,\"name\":\"Variogate 22SD &#8211; BR 4000mm FS 300mm Ma\u00dfanfertigung RAL 5002 &#8211; \u00dcberproduziert\"}]},{\"@type\":\"WebSite\",\"@id\":\"https:\/\/www.haagh-protection.com\/#website\",\"url\":\"https:\/\/www.haagh-protection.com\/\",\"name\":\"Haagh Protection\",\"description\":\"Next level safety\",\"publisher\":{\"@id\":\"https:\/\/www.haagh-protection.com\/#organization\"},\"potentialAction\":[{\"@type\":\"SearchAction\",\"target\":{\"@type\":\"EntryPoint\",\"urlTemplate\":\"https:\/\/www.haagh-protection.com\/?s={search_term_string}\"},\"query-input\":{\"@type\":\"PropertyValueSpecification\",\"valueRequired\":true,\"valueName\":\"search_term_string\"}}],\"inLanguage\":\"de\"},{\"@type\":\"Organization\",\"@id\":\"https:\/\/www.haagh-protection.com\/#organization\",\"name\":\"Haagh-Protection B.V.\",\"alternateName\":\"Haagh-Protection\",\"url\":\"https:\/\/www.haagh-protection.com\/\",\"logo\":{\"@type\":\"ImageObject\",\"inLanguage\":\"de\",\"@id\":\"https:\/\/www.haagh-protection.com\/#\/schema\/logo\/image\/\",\"url\":\"https:\/\/www.haagh-protection.com\/wp-content\/uploads\/2015\/08\/haagh-protection-logo.png\",\"contentUrl\":\"https:\/\/www.haagh-protection.com\/wp-content\/uploads\/2015\/08\/haagh-protection-logo.png\",\"width\":500,\"height\":185,\"caption\":\"Haagh-Protection B.V.\"},\"image\":{\"@id\":\"https:\/\/www.haagh-protection.com\/#\/schema\/logo\/image\/\"}}]}<\/script>\n<!-- \/ Yoast SEO plugin. -->","yoast_head_json":{"title":"Variogate 22SD - BR 4000mm FS 300mm Ma\u00dfanfertigung RAL 5002 - \u00dcberproduziert - Haagh Protection","robots":{"index":"index","follow":"follow","max-snippet":"max-snippet:-1","max-image-preview":"max-image-preview:large","max-video-preview":"max-video-preview:-1"},"canonical":"https:\/\/www.haagh-protection.com\/de\/Produkt\/variogate-22sd-br-4000mm-fs-300mm-massanfertigung-ral-5002-ueberproduziert\/","og_locale":"de_DE","og_type":"article","og_title":"Variogate 22SD - BR 4000mm FS 300mm Ma\u00dfanfertigung RAL 5002 - \u00dcberproduziert - Haagh Protection","og_description":"Befristetes Angebot: Nur noch 1 St\u00fcck zu einem stark reduzierten Preis erh\u00e4ltlich, da zu viel auf Lager. Sie m\u00f6chten diese Gelegenheit nicht verpassen? Fordern Sie jetzt einen Preis per E-Mail an. Technische Informationen Der Variogate 22SD ist eine modifizierte Version des Variogate 22, die speziell f\u00fcr die Installation direkt hinter Schiebet\u00fcren, Brandschutzt\u00fcren oder dicken W\u00e4nden bis zu 300 mm Dicke entwickelt wurde. Dank dieser Anpassung bleiben bestehende T\u00fcren voll funktionsf\u00e4hig, w\u00e4hrend eine sichere Zone in der H\u00f6he geschaffen wird. Geeignet f\u00fcr Lasten  H\u00f6he: 2.200 mm  Breite: 3.600 mm  Tiefe: 1.200 mm Erforderlicher Einbauraum  H\u00f6he: 2.507 mm  Breiten: 4.000   Tiefe: 1.940 mm      Wenderadius 2.347 mm (ab Kante Werkstattboden)  *Diese Breiten ber\u00fccksichtigen den erforderlichen Man\u00f6vrierraum auf beiden Seiten.","og_url":"https:\/\/www.haagh-protection.com\/de\/Produkt\/variogate-22sd-br-4000mm-fs-300mm-massanfertigung-ral-5002-ueberproduziert\/","og_site_name":"Haagh Protection","og_image":[{"width":1197,"height":1197,"url":"https:\/\/www.haagh-protection.com\/wp-content\/uploads\/2025\/08\/Variogate-22SD-BR-4000mm-FS-300mm-maatwerk-RAL-5002-Tweede-kans-foto-2.jpg","type":"image\/jpeg"}],"twitter_card":"summary_large_image","schema":{"@context":"https:\/\/schema.org","@graph":[{"@type":["WebPage","ItemPage"],"@id":"https:\/\/www.haagh-protection.com\/de\/Produkt\/variogate-22sd-br-4000mm-fs-300mm-massanfertigung-ral-5002-ueberproduziert\/","url":"https:\/\/www.haagh-protection.com\/de\/Produkt\/variogate-22sd-br-4000mm-fs-300mm-massanfertigung-ral-5002-ueberproduziert\/","name":"Variogate 22SD - BR 4000mm FS 300mm Ma\u00dfanfertigung RAL 5002 - \u00dcberproduziert - Haagh Protection","isPartOf":{"@id":"https:\/\/www.haagh-protection.com\/#website"},"primaryImageOfPage":{"@id":"https:\/\/www.haagh-protection.com\/de\/Produkt\/variogate-22sd-br-4000mm-fs-300mm-massanfertigung-ral-5002-ueberproduziert\/#primaryimage"},"image":{"@id":"https:\/\/www.haagh-protection.com\/de\/Produkt\/variogate-22sd-br-4000mm-fs-300mm-massanfertigung-ral-5002-ueberproduziert\/#primaryimage"},"thumbnailUrl":"https:\/\/www.haagh-protection.com\/wp-content\/uploads\/2025\/08\/Variogate-22SD-BR-4000mm-FS-300mm-maatwerk-RAL-5002-Tweede-kans-foto-2.jpg","datePublished":"2025-08-28T13:20:06+00:00","breadcrumb":{"@id":"https:\/\/www.haagh-protection.com\/de\/Produkt\/variogate-22sd-br-4000mm-fs-300mm-massanfertigung-ral-5002-ueberproduziert\/#breadcrumb"},"inLanguage":"de","potentialAction":[{"@type":"ReadAction","target":["https:\/\/www.haagh-protection.com\/de\/Produkt\/variogate-22sd-br-4000mm-fs-300mm-massanfertigung-ral-5002-ueberproduziert\/"]}]},{"@type":"ImageObject","inLanguage":"de","@id":"https:\/\/www.haagh-protection.com\/de\/Produkt\/variogate-22sd-br-4000mm-fs-300mm-massanfertigung-ral-5002-ueberproduziert\/#primaryimage","url":"https:\/\/www.haagh-protection.com\/wp-content\/uploads\/2025\/08\/Variogate-22SD-BR-4000mm-FS-300mm-maatwerk-RAL-5002-Tweede-kans-foto-2.jpg","contentUrl":"https:\/\/www.haagh-protection.com\/wp-content\/uploads\/2025\/08\/Variogate-22SD-BR-4000mm-FS-300mm-maatwerk-RAL-5002-Tweede-kans-foto-2.jpg","width":1197,"height":1197,"caption":"Variogate 22SD - BR 4000mm FS 300mm maatwerk RAL 5002 - Tweede kans foto 2"},{"@type":"BreadcrumbList","@id":"https:\/\/www.haagh-protection.com\/de\/Produkt\/variogate-22sd-br-4000mm-fs-300mm-massanfertigung-ral-5002-ueberproduziert\/#breadcrumb","itemListElement":[{"@type":"ListItem","position":1,"name":"Home","item":"https:\/\/www.haagh-protection.com\/de\/haagh-protection\/"},{"@type":"ListItem","position":2,"name":"Shop","item":"https:\/\/www.haagh-protection.com\/de\/shop\/"},{"@type":"ListItem","position":3,"name":"Variogate 22SD &#8211; BR 4000mm FS 300mm Ma\u00dfanfertigung RAL 5002 &#8211; \u00dcberproduziert"}]},{"@type":"WebSite","@id":"https:\/\/www.haagh-protection.com\/#website","url":"https:\/\/www.haagh-protection.com\/","name":"Haagh Protection","description":"Next level safety","publisher":{"@id":"https:\/\/www.haagh-protection.com\/#organization"},"potentialAction":[{"@type":"SearchAction","target":{"@type":"EntryPoint","urlTemplate":"https:\/\/www.haagh-protection.com\/?s={search_term_string}"},"query-input":{"@type":"PropertyValueSpecification","valueRequired":true,"valueName":"search_term_string"}}],"inLanguage":"de"},{"@type":"Organization","@id":"https:\/\/www.haagh-protection.com\/#organization","name":"Haagh-Protection B.V.","alternateName":"Haagh-Protection","url":"https:\/\/www.haagh-protection.com\/","logo":{"@type":"ImageObject","inLanguage":"de","@id":"https:\/\/www.haagh-protection.com\/#\/schema\/logo\/image\/","url":"https:\/\/www.haagh-protection.com\/wp-content\/uploads\/2015\/08\/haagh-protection-logo.png","contentUrl":"https:\/\/www.haagh-protection.com\/wp-content\/uploads\/2015\/08\/haagh-protection-logo.png","width":500,"height":185,"caption":"Haagh-Protection B.V."},"image":{"@id":"https:\/\/www.haagh-protection.com\/#\/schema\/logo\/image\/"}}]}},"_links":{"self":[{"href":"https:\/\/www.haagh-protection.com\/de\/wp-json\/wp\/v2\/product\/49274","targetHints":{"allow":["GET"]}}],"collection":[{"href":"https:\/\/www.haagh-protection.com\/de\/wp-json\/wp\/v2\/product"}],"about":[{"href":"https:\/\/www.haagh-protection.com\/de\/wp-json\/wp\/v2\/types\/product"}],"replies":[{"embeddable":true,"href":"https:\/\/www.haagh-protection.com\/de\/wp-json\/wp\/v2\/comments?post=49274"}],"wp:featuredmedia":[{"embeddable":true,"href":"https:\/\/www.haagh-protection.com\/de\/wp-json\/wp\/v2\/media\/48977"}],"wp:attachment":[{"href":"https:\/\/www.haagh-protection.com\/de\/wp-json\/wp\/v2\/media?parent=49274"}],"wp:term":[{"taxonomy":"product_brand","embeddable":true,"href":"https:\/\/www.haagh-protection.com\/de\/wp-json\/wp\/v2\/product_brand?post=49274"},{"taxonomy":"product_cat","embeddable":true,"href":"https:\/\/www.haagh-protection.com\/de\/wp-json\/wp\/v2\/product_cat?post=49274"},{"taxonomy":"product_tag","embeddable":true,"href":"https:\/\/www.haagh-protection.com\/de\/wp-json\/wp\/v2\/product_tag?post=49274"}],"curies":[{"name":"wp","href":"https:\/\/api.w.org\/{rel}","templated":true}]}}