{"id":49275,"date":"2025-08-18T14:02:37","date_gmt":"2025-08-28T13:20:53","guid":{"rendered":"https:\/\/www.haagh-protection.com\/product\/variogate-30-br-1650-mm-dp-1600-mm-hs-3275-mm-ral-1028-ueberproduziert\/"},"modified":"2025-08-28T14:20:53","modified_gmt":"2025-08-28T13:20:53","slug":"variogate-30-br-1650-mm-dp-1600-mm-hs-3275-mm-ral-1028-ueberproduziert","status":"publish","type":"product","link":"https:\/\/www.haagh-protection.com\/de\/Produkt\/variogate-30-br-1650-mm-dp-1600-mm-hs-3275-mm-ral-1028-ueberproduziert\/","title":{"rendered":"Variogate 30 &#8211; BR 1650 mm DP 1600 mm HS 3275 mm RAL 1028 &#8211; \u00dcberproduziert"},"content":{"rendered":"<h2 class=\"shortdescriptiontitle-h2\">Variogate 30 &#8211; BR 1650 mm DP 1600 mm HS 3275 mm RAL 1028 &#8211; Zweite Chance B-Lager<\/h2>\n<p><strong>Grund B-Lager:<\/strong> \u00dcberz\u00e4hlig<\/p>\n<p>Dieses <strong>Variogate 30<\/strong> mit einer Breite von 1650 mm, einer Tiefe von 1600 mm und einer H\u00f6he von 3275 mm in RAL 1028 ist als Second Chance B-Lager verf\u00fcgbar. Das Produkt ist technisch voll funktionsf\u00e4hig und bietet eine zuverl\u00e4ssige und langlebige L\u00f6sung zu einem attraktiven Preis aufgrund von \u00dcberbest\u00e4nden. <\/p>\n<ul>\n<li>Typ: Variogate 30<\/li>\n<li>Breite: 1.650 mm<\/li>\n<li>Durchgang: 1.600 mm<\/li>\n<li>H\u00f6he: 3.275 mm<\/li>\n<li>Farbe: RAL 1028<\/li>\n<li>Status: Zweite Chance \/ B-Lager<\/li>\n<li>Grund B-Lager: \u00dcberz\u00e4hlig<\/li>\n<\/ul>\n<p>Ideal f\u00fcr industrielle und kommerzielle Anwendungen, bei denen Sicherheit und Sichtbarkeit wichtig sind.<\/p>\n","protected":false},"excerpt":{"rendered":"<h2 class=\"shortdescriptiontitle-h2\">Vor\u00fcbergehend verf\u00fcgbar:<\/h2>\n<p>  Nur 1 St\u00fcck zum Verkauf zu einem stark reduzierten Preis aufgrund von \u00dcberbest\u00e4nden.<\/p>\n<p>Interessiert? <a href=\"mailto:info@haagh-protection.com\">Fordern Sie direkt per E-Mail einen Preis an<\/a>. <\/p>\n<h2 class=\"shortdescriptiontitle-h2\">Technische Informationen<\/h2>\n<p>Das Guillotine-Modell kann an Orten eingesetzt werden, an denen hinter der Ladefl\u00e4che nur wenig Platz vorhanden ist. Dieses Problem tritt auf, wenn nicht gen\u00fcgend Platz f\u00fcr die Drehbewegung oder die seitliche Bewegung der Ladung vorhanden ist. <\/p>\n<h3 class=\"shortdescriptiontitle-h3\">Geeignet f\u00fcr Lasten<\/h3>\n<ul class=\"checklist\">\n<li class=\"onderscheid\">H\u00f6he: 2.100 mm<\/li>\n<li class=\"onderscheid\">Breite: 1.250 mm<\/li>\n<li class=\"onderscheid\">Tiefe: 1.400 mm<\/li>\n<\/ul>\n<h3 class=\"shortdescriptiontitle-h3\">Erforderlicher Einbauraum<\/h3>\n<ul class=\"checklist\">\n<li class=\"onderscheid\">H\u00f6he: 3.275 mm<\/li>\n<li class=\"onderscheid\">Breiten: 1,650  <\/li>\n<li class=\"onderscheid\">Tiefe: 1.600 mm <\/li>\n<li class=\"subonderscheid\">&#8211; Tiefe des Pfostens: 350 mm  <\/li>\n<\/ul>\n<p><em>*Diese Breiten ber\u00fccksichtigen den erforderlichen Man\u00f6vrierraum auf beiden Seiten.<\/em><\/p>\n","protected":false},"featured_media":48973,"comment_status":"closed","ping_status":"closed","template":"","meta":[],"product_brand":[],"product_cat":[1036],"product_tag":[],"class_list":{"0":"post-49275","1":"product","2":"type-product","3":"status-publish","4":"has-post-thumbnail","6":"product_cat-b-ware-kipptore","7":"futurio-has-gallery","9":"first","10":"instock","11":"taxable","12":"shipping-taxable","13":"product-type-simple"},"yoast_head":"<!-- This site is optimized with the Yoast SEO plugin v26.7 - https:\/\/yoast.com\/wordpress\/plugins\/seo\/ -->\n<title>Variogate 30 - BR 1650 mm DP 1600 mm HS 3275 mm RAL 1028 - \u00dcberproduziert - Haagh Protection<\/title>\n<meta name=\"robots\" content=\"index, follow, max-snippet:-1, max-image-preview:large, max-video-preview:-1\" \/>\n<link rel=\"canonical\" href=\"https:\/\/www.haagh-protection.com\/de\/Produkt\/variogate-30-br-1650-mm-dp-1600-mm-hs-3275-mm-ral-1028-ueberproduziert\/\" \/>\n<meta property=\"og:locale\" content=\"de_DE\" \/>\n<meta property=\"og:type\" content=\"article\" \/>\n<meta property=\"og:title\" content=\"Variogate 30 - BR 1650 mm DP 1600 mm HS 3275 mm RAL 1028 - \u00dcberproduziert - Haagh Protection\" \/>\n<meta property=\"og:description\" content=\"Vor\u00fcbergehend verf\u00fcgbar: Nur 1 St\u00fcck zum Verkauf zu einem stark reduzierten Preis aufgrund von \u00dcberbest\u00e4nden. Interessiert? Fordern Sie direkt per E-Mail einen Preis an. Technische Informationen Das Guillotine-Modell kann an Orten eingesetzt werden, an denen hinter der Ladefl\u00e4che nur wenig Platz vorhanden ist. Dieses Problem tritt auf, wenn nicht gen\u00fcgend Platz f\u00fcr die Drehbewegung oder die seitliche Bewegung der Ladung vorhanden ist. Geeignet f\u00fcr Lasten  H\u00f6he: 2.100 mm  Breite: 1.250 mm  Tiefe: 1.400 mm Erforderlicher Einbauraum  H\u00f6he: 3.275 mm  Breiten: 1,650   Tiefe: 1.600 mm     - Tiefe des Pfostens: 350 mm  *Diese Breiten ber\u00fccksichtigen den erforderlichen Man\u00f6vrierraum auf beiden Seiten.\" \/>\n<meta property=\"og:url\" content=\"https:\/\/www.haagh-protection.com\/de\/Produkt\/variogate-30-br-1650-mm-dp-1600-mm-hs-3275-mm-ral-1028-ueberproduziert\/\" \/>\n<meta property=\"og:site_name\" content=\"Haagh Protection\" \/>\n<meta property=\"og:image\" content=\"https:\/\/www.haagh-protection.com\/wp-content\/uploads\/2025\/08\/Variogate-30-BR-1650-mm-DP-1600-mm-HS-3275-mm-RAL-1028-Tweede-kans.jpg\" \/>\n\t<meta property=\"og:image:width\" content=\"500\" \/>\n\t<meta property=\"og:image:height\" content=\"667\" \/>\n\t<meta property=\"og:image:type\" content=\"image\/jpeg\" \/>\n<meta name=\"twitter:card\" content=\"summary_large_image\" \/>\n<meta name=\"twitter:label1\" content=\"Gesch\u00e4tzte Lesezeit\" \/>\n\t<meta name=\"twitter:data1\" content=\"1\u00a0Minute\" \/>\n<script type=\"application\/ld+json\" class=\"yoast-schema-graph\">{\"@context\":\"https:\/\/schema.org\",\"@graph\":[{\"@type\":[\"WebPage\",\"ItemPage\"],\"@id\":\"https:\/\/www.haagh-protection.com\/de\/Produkt\/variogate-30-br-1650-mm-dp-1600-mm-hs-3275-mm-ral-1028-ueberproduziert\/\",\"url\":\"https:\/\/www.haagh-protection.com\/de\/Produkt\/variogate-30-br-1650-mm-dp-1600-mm-hs-3275-mm-ral-1028-ueberproduziert\/\",\"name\":\"Variogate 30 - BR 1650 mm DP 1600 mm HS 3275 mm RAL 1028 - \u00dcberproduziert - Haagh Protection\",\"isPartOf\":{\"@id\":\"https:\/\/www.haagh-protection.com\/#website\"},\"primaryImageOfPage\":{\"@id\":\"https:\/\/www.haagh-protection.com\/de\/Produkt\/variogate-30-br-1650-mm-dp-1600-mm-hs-3275-mm-ral-1028-ueberproduziert\/#primaryimage\"},\"image\":{\"@id\":\"https:\/\/www.haagh-protection.com\/de\/Produkt\/variogate-30-br-1650-mm-dp-1600-mm-hs-3275-mm-ral-1028-ueberproduziert\/#primaryimage\"},\"thumbnailUrl\":\"https:\/\/www.haagh-protection.com\/wp-content\/uploads\/2025\/08\/Variogate-30-BR-1650-mm-DP-1600-mm-HS-3275-mm-RAL-1028-Tweede-kans.jpg\",\"datePublished\":\"2025-08-28T13:20:53+00:00\",\"breadcrumb\":{\"@id\":\"https:\/\/www.haagh-protection.com\/de\/Produkt\/variogate-30-br-1650-mm-dp-1600-mm-hs-3275-mm-ral-1028-ueberproduziert\/#breadcrumb\"},\"inLanguage\":\"de\",\"potentialAction\":[{\"@type\":\"ReadAction\",\"target\":[\"https:\/\/www.haagh-protection.com\/de\/Produkt\/variogate-30-br-1650-mm-dp-1600-mm-hs-3275-mm-ral-1028-ueberproduziert\/\"]}]},{\"@type\":\"ImageObject\",\"inLanguage\":\"de\",\"@id\":\"https:\/\/www.haagh-protection.com\/de\/Produkt\/variogate-30-br-1650-mm-dp-1600-mm-hs-3275-mm-ral-1028-ueberproduziert\/#primaryimage\",\"url\":\"https:\/\/www.haagh-protection.com\/wp-content\/uploads\/2025\/08\/Variogate-30-BR-1650-mm-DP-1600-mm-HS-3275-mm-RAL-1028-Tweede-kans.jpg\",\"contentUrl\":\"https:\/\/www.haagh-protection.com\/wp-content\/uploads\/2025\/08\/Variogate-30-BR-1650-mm-DP-1600-mm-HS-3275-mm-RAL-1028-Tweede-kans.jpg\",\"width\":500,\"height\":667,\"caption\":\"Variogate 30 - BR 1650 mm DP 1600 mm HS 3275 mm RAL 1028 - Tweede kans\"},{\"@type\":\"BreadcrumbList\",\"@id\":\"https:\/\/www.haagh-protection.com\/de\/Produkt\/variogate-30-br-1650-mm-dp-1600-mm-hs-3275-mm-ral-1028-ueberproduziert\/#breadcrumb\",\"itemListElement\":[{\"@type\":\"ListItem\",\"position\":1,\"name\":\"Home\",\"item\":\"https:\/\/www.haagh-protection.com\/de\/haagh-protection\/\"},{\"@type\":\"ListItem\",\"position\":2,\"name\":\"Shop\",\"item\":\"https:\/\/www.haagh-protection.com\/de\/shop\/\"},{\"@type\":\"ListItem\",\"position\":3,\"name\":\"Variogate 30 &#8211; BR 1650 mm DP 1600 mm HS 3275 mm RAL 1028 &#8211; \u00dcberproduziert\"}]},{\"@type\":\"WebSite\",\"@id\":\"https:\/\/www.haagh-protection.com\/#website\",\"url\":\"https:\/\/www.haagh-protection.com\/\",\"name\":\"Haagh Protection\",\"description\":\"Next level safety\",\"publisher\":{\"@id\":\"https:\/\/www.haagh-protection.com\/#organization\"},\"potentialAction\":[{\"@type\":\"SearchAction\",\"target\":{\"@type\":\"EntryPoint\",\"urlTemplate\":\"https:\/\/www.haagh-protection.com\/?s={search_term_string}\"},\"query-input\":{\"@type\":\"PropertyValueSpecification\",\"valueRequired\":true,\"valueName\":\"search_term_string\"}}],\"inLanguage\":\"de\"},{\"@type\":\"Organization\",\"@id\":\"https:\/\/www.haagh-protection.com\/#organization\",\"name\":\"Haagh-Protection B.V.\",\"alternateName\":\"Haagh-Protection\",\"url\":\"https:\/\/www.haagh-protection.com\/\",\"logo\":{\"@type\":\"ImageObject\",\"inLanguage\":\"de\",\"@id\":\"https:\/\/www.haagh-protection.com\/#\/schema\/logo\/image\/\",\"url\":\"https:\/\/www.haagh-protection.com\/wp-content\/uploads\/2015\/08\/haagh-protection-logo.png\",\"contentUrl\":\"https:\/\/www.haagh-protection.com\/wp-content\/uploads\/2015\/08\/haagh-protection-logo.png\",\"width\":500,\"height\":185,\"caption\":\"Haagh-Protection B.V.\"},\"image\":{\"@id\":\"https:\/\/www.haagh-protection.com\/#\/schema\/logo\/image\/\"}}]}<\/script>\n<!-- \/ Yoast SEO plugin. -->","yoast_head_json":{"title":"Variogate 30 - BR 1650 mm DP 1600 mm HS 3275 mm RAL 1028 - \u00dcberproduziert - Haagh Protection","robots":{"index":"index","follow":"follow","max-snippet":"max-snippet:-1","max-image-preview":"max-image-preview:large","max-video-preview":"max-video-preview:-1"},"canonical":"https:\/\/www.haagh-protection.com\/de\/Produkt\/variogate-30-br-1650-mm-dp-1600-mm-hs-3275-mm-ral-1028-ueberproduziert\/","og_locale":"de_DE","og_type":"article","og_title":"Variogate 30 - BR 1650 mm DP 1600 mm HS 3275 mm RAL 1028 - \u00dcberproduziert - Haagh Protection","og_description":"Vor\u00fcbergehend verf\u00fcgbar: Nur 1 St\u00fcck zum Verkauf zu einem stark reduzierten Preis aufgrund von \u00dcberbest\u00e4nden. Interessiert? Fordern Sie direkt per E-Mail einen Preis an. Technische Informationen Das Guillotine-Modell kann an Orten eingesetzt werden, an denen hinter der Ladefl\u00e4che nur wenig Platz vorhanden ist. Dieses Problem tritt auf, wenn nicht gen\u00fcgend Platz f\u00fcr die Drehbewegung oder die seitliche Bewegung der Ladung vorhanden ist. Geeignet f\u00fcr Lasten  H\u00f6he: 2.100 mm  Breite: 1.250 mm  Tiefe: 1.400 mm Erforderlicher Einbauraum  H\u00f6he: 3.275 mm  Breiten: 1,650   Tiefe: 1.600 mm     - Tiefe des Pfostens: 350 mm  *Diese Breiten ber\u00fccksichtigen den erforderlichen Man\u00f6vrierraum auf beiden Seiten.","og_url":"https:\/\/www.haagh-protection.com\/de\/Produkt\/variogate-30-br-1650-mm-dp-1600-mm-hs-3275-mm-ral-1028-ueberproduziert\/","og_site_name":"Haagh Protection","og_image":[{"width":500,"height":667,"url":"https:\/\/www.haagh-protection.com\/wp-content\/uploads\/2025\/08\/Variogate-30-BR-1650-mm-DP-1600-mm-HS-3275-mm-RAL-1028-Tweede-kans.jpg","type":"image\/jpeg"}],"twitter_card":"summary_large_image","twitter_misc":{"Gesch\u00e4tzte Lesezeit":"1\u00a0Minute"},"schema":{"@context":"https:\/\/schema.org","@graph":[{"@type":["WebPage","ItemPage"],"@id":"https:\/\/www.haagh-protection.com\/de\/Produkt\/variogate-30-br-1650-mm-dp-1600-mm-hs-3275-mm-ral-1028-ueberproduziert\/","url":"https:\/\/www.haagh-protection.com\/de\/Produkt\/variogate-30-br-1650-mm-dp-1600-mm-hs-3275-mm-ral-1028-ueberproduziert\/","name":"Variogate 30 - BR 1650 mm DP 1600 mm HS 3275 mm RAL 1028 - \u00dcberproduziert - Haagh Protection","isPartOf":{"@id":"https:\/\/www.haagh-protection.com\/#website"},"primaryImageOfPage":{"@id":"https:\/\/www.haagh-protection.com\/de\/Produkt\/variogate-30-br-1650-mm-dp-1600-mm-hs-3275-mm-ral-1028-ueberproduziert\/#primaryimage"},"image":{"@id":"https:\/\/www.haagh-protection.com\/de\/Produkt\/variogate-30-br-1650-mm-dp-1600-mm-hs-3275-mm-ral-1028-ueberproduziert\/#primaryimage"},"thumbnailUrl":"https:\/\/www.haagh-protection.com\/wp-content\/uploads\/2025\/08\/Variogate-30-BR-1650-mm-DP-1600-mm-HS-3275-mm-RAL-1028-Tweede-kans.jpg","datePublished":"2025-08-28T13:20:53+00:00","breadcrumb":{"@id":"https:\/\/www.haagh-protection.com\/de\/Produkt\/variogate-30-br-1650-mm-dp-1600-mm-hs-3275-mm-ral-1028-ueberproduziert\/#breadcrumb"},"inLanguage":"de","potentialAction":[{"@type":"ReadAction","target":["https:\/\/www.haagh-protection.com\/de\/Produkt\/variogate-30-br-1650-mm-dp-1600-mm-hs-3275-mm-ral-1028-ueberproduziert\/"]}]},{"@type":"ImageObject","inLanguage":"de","@id":"https:\/\/www.haagh-protection.com\/de\/Produkt\/variogate-30-br-1650-mm-dp-1600-mm-hs-3275-mm-ral-1028-ueberproduziert\/#primaryimage","url":"https:\/\/www.haagh-protection.com\/wp-content\/uploads\/2025\/08\/Variogate-30-BR-1650-mm-DP-1600-mm-HS-3275-mm-RAL-1028-Tweede-kans.jpg","contentUrl":"https:\/\/www.haagh-protection.com\/wp-content\/uploads\/2025\/08\/Variogate-30-BR-1650-mm-DP-1600-mm-HS-3275-mm-RAL-1028-Tweede-kans.jpg","width":500,"height":667,"caption":"Variogate 30 - BR 1650 mm DP 1600 mm HS 3275 mm RAL 1028 - Tweede kans"},{"@type":"BreadcrumbList","@id":"https:\/\/www.haagh-protection.com\/de\/Produkt\/variogate-30-br-1650-mm-dp-1600-mm-hs-3275-mm-ral-1028-ueberproduziert\/#breadcrumb","itemListElement":[{"@type":"ListItem","position":1,"name":"Home","item":"https:\/\/www.haagh-protection.com\/de\/haagh-protection\/"},{"@type":"ListItem","position":2,"name":"Shop","item":"https:\/\/www.haagh-protection.com\/de\/shop\/"},{"@type":"ListItem","position":3,"name":"Variogate 30 &#8211; BR 1650 mm DP 1600 mm HS 3275 mm RAL 1028 &#8211; \u00dcberproduziert"}]},{"@type":"WebSite","@id":"https:\/\/www.haagh-protection.com\/#website","url":"https:\/\/www.haagh-protection.com\/","name":"Haagh Protection","description":"Next level safety","publisher":{"@id":"https:\/\/www.haagh-protection.com\/#organization"},"potentialAction":[{"@type":"SearchAction","target":{"@type":"EntryPoint","urlTemplate":"https:\/\/www.haagh-protection.com\/?s={search_term_string}"},"query-input":{"@type":"PropertyValueSpecification","valueRequired":true,"valueName":"search_term_string"}}],"inLanguage":"de"},{"@type":"Organization","@id":"https:\/\/www.haagh-protection.com\/#organization","name":"Haagh-Protection B.V.","alternateName":"Haagh-Protection","url":"https:\/\/www.haagh-protection.com\/","logo":{"@type":"ImageObject","inLanguage":"de","@id":"https:\/\/www.haagh-protection.com\/#\/schema\/logo\/image\/","url":"https:\/\/www.haagh-protection.com\/wp-content\/uploads\/2015\/08\/haagh-protection-logo.png","contentUrl":"https:\/\/www.haagh-protection.com\/wp-content\/uploads\/2015\/08\/haagh-protection-logo.png","width":500,"height":185,"caption":"Haagh-Protection B.V."},"image":{"@id":"https:\/\/www.haagh-protection.com\/#\/schema\/logo\/image\/"}}]}},"_links":{"self":[{"href":"https:\/\/www.haagh-protection.com\/de\/wp-json\/wp\/v2\/product\/49275","targetHints":{"allow":["GET"]}}],"collection":[{"href":"https:\/\/www.haagh-protection.com\/de\/wp-json\/wp\/v2\/product"}],"about":[{"href":"https:\/\/www.haagh-protection.com\/de\/wp-json\/wp\/v2\/types\/product"}],"replies":[{"embeddable":true,"href":"https:\/\/www.haagh-protection.com\/de\/wp-json\/wp\/v2\/comments?post=49275"}],"wp:featuredmedia":[{"embeddable":true,"href":"https:\/\/www.haagh-protection.com\/de\/wp-json\/wp\/v2\/media\/48973"}],"wp:attachment":[{"href":"https:\/\/www.haagh-protection.com\/de\/wp-json\/wp\/v2\/media?parent=49275"}],"wp:term":[{"taxonomy":"product_brand","embeddable":true,"href":"https:\/\/www.haagh-protection.com\/de\/wp-json\/wp\/v2\/product_brand?post=49275"},{"taxonomy":"product_cat","embeddable":true,"href":"https:\/\/www.haagh-protection.com\/de\/wp-json\/wp\/v2\/product_cat?post=49275"},{"taxonomy":"product_tag","embeddable":true,"href":"https:\/\/www.haagh-protection.com\/de\/wp-json\/wp\/v2\/product_tag?post=49275"}],"curies":[{"name":"wp","href":"https:\/\/api.w.org\/{rel}","templated":true}]}}